{"id":9940,"date":"2022-09-13T08:49:14","date_gmt":"2022-09-13T08:49:14","guid":{"rendered":"https:\/\/fvgear.com\/?post_type=product&#038;p=9940"},"modified":"2022-09-13T08:49:15","modified_gmt":"2022-09-13T08:49:15","slug":"nahrdelnik-tanzanit-4","status":"publish","type":"product","link":"https:\/\/4c.top-me.eu\/en\/product\/nahrdelnik-tanzanit-4\/","title":{"rendered":"N\u00e1hrdeln\u00edk tanzanit"},"content":{"rendered":"<div class=\"et_pb_column et_pb_column_3_8 et_pb_column_inner et_pb_column_inner_4_tb_body et-last-child\">\n<div class=\"et_pb_module et_pb_wc_description et_pb_wc_description_1_tb_body et_pb_bg_layout_light et_pb_text_align_left\">\n<div class=\"et_pb_module_inner\">\n<p>Unik\u00e1tn\u00ed n\u00e1hrdeln\u00edk z ohlazen\u00fdch kor\u00e1lk\u016f tanzanitu. N\u00e1hrdeln\u00edk je navle\u010den na kovov\u00e9m lanku. Tanzanitov\u00e9 kor\u00e1lky jsou vystup\u0148ov\u00e1ny od t\u011bch nejdrobn\u011bj\u0161\u00edch v kraj\u00edch n\u00e1hrdeln\u00edku a\u017e k t\u011bm nejv\u011bt\u0161\u00edm uprost\u0159ed p\u0159edn\u00ed \u010d\u00e1sti n\u00e1hrdeln\u00edku.<\/p>\n<p>Nejdrobn\u011bj\u0161\u00ed tanzanitov\u00e9 kor\u00e1lky m\u011b\u0159\u00ed okolo 5,5 mm. Nejv\u011bt\u0161\u00ed tanzanitov\u00e9 kor\u00e1lky m\u011b\u0159\u00ed okolo 1 cm. N\u00e1hrdeln\u00edk m\u00e1 st\u0159\u00edbrn\u00e9 zap\u00edn\u00e1n\u00ed na klasickou karabinku, st\u0159\u00edbro Ag 925\/1000, d\u00e9lka zap\u00edn\u00e1n\u00ed je 2,3 cm. Celkov\u00e1 d\u00e9lka n\u00e1hrdeln\u00edku je 45,2 cm. Celkov\u00e1 hmotnost je 17,9 g.<\/p>\n<\/div>\n<\/div>\n<\/div>\n","protected":false},"excerpt":{"rendered":"<p>Unik\u00e1tn\u00ed n\u00e1hrdeln\u00edk z ohlazen\u00fdch kor\u00e1lk\u016f tanzanitu. N\u00e1hrdeln\u00edk je navle\u010den na kovov\u00e9m lanku. Tanzanitov\u00e9 kor\u00e1lky jsou vystup\u0148ov\u00e1ny od t\u011bch nejdrobn\u011bj\u0161\u00edch v kraj\u00edch n\u00e1hrdeln\u00edku a\u017e k t\u011bm nejv\u011bt\u0161\u00edm uprost\u0159ed p\u0159edn\u00ed \u010d\u00e1sti n\u00e1hrdeln\u00edku. Nejdrobn\u011bj\u0161\u00ed tanzanitov\u00e9 kor\u00e1lky m\u011b\u0159\u00ed okolo 5,5 mm. Nejv\u011bt\u0161\u00ed tanzanitov\u00e9 kor\u00e1lky m\u011b\u0159\u00ed okolo 1 cm. N\u00e1hrdeln\u00edk m\u00e1 st\u0159\u00edbrn\u00e9 zap\u00edn\u00e1n\u00ed na klasickou karabinku, st\u0159\u00edbro Ag 925\/1000, d\u00e9lka<\/p>\n","protected":false},"featured_media":9945,"template":"","meta":{"_acf_changed":false,"_uag_custom_page_level_css":""},"product_brand":[],"product_cat":[31],"product_tag":[33,87,107],"class_list":{"0":"post-9940","1":"product","2":"type-product","3":"status-publish","4":"has-post-thumbnail","6":"product_cat-nahrdelniky-s-prirodnimi-kameny-stribro-925-1000","7":"product_tag-nahrdelnik","8":"product_tag-stribro-925-1000","9":"product_tag-tanzanit","11":"first","12":"instock","13":"sold-individually","14":"taxable","15":"shipping-taxable","16":"purchasable","17":"product-type-simple"},"acf":[],"uagb_featured_image_src":{"full":["https:\/\/4c.top-me.eu\/wp-content\/uploads\/2022\/09\/IMG_2743-scaled.jpg",0,0,false],"thumbnail":["https:\/\/4c.top-me.eu\/wp-content\/uploads\/2022\/09\/IMG_2743-scaled.jpg",1,1,false],"medium":["https:\/\/4c.top-me.eu\/wp-content\/uploads\/2022\/09\/IMG_2743-scaled.jpg",1,1,false],"medium_large":["https:\/\/4c.top-me.eu\/wp-content\/uploads\/2022\/09\/IMG_2743-scaled.jpg",1,1,false],"large":["https:\/\/4c.top-me.eu\/wp-content\/uploads\/2022\/09\/IMG_2743-scaled.jpg",1,1,false],"1536x1536":["https:\/\/4c.top-me.eu\/wp-content\/uploads\/2022\/09\/IMG_2743-scaled.jpg",1,1,false],"2048x2048":["https:\/\/4c.top-me.eu\/wp-content\/uploads\/2022\/09\/IMG_2743-scaled.jpg",1,1,false],"archive-list":["https:\/\/4c.top-me.eu\/wp-content\/uploads\/2022\/09\/IMG_2743-scaled.jpg",1,1,false],"archive-list-2":["https:\/\/4c.top-me.eu\/wp-content\/uploads\/2022\/09\/IMG_2743-scaled.jpg",1,1,false],"woocommerce_thumbnail":["https:\/\/4c.top-me.eu\/wp-content\/uploads\/2022\/09\/IMG_2743-scaled.jpg",1,1,false],"woocommerce_single":["https:\/\/4c.top-me.eu\/wp-content\/uploads\/2022\/09\/IMG_2743-scaled.jpg",1,1,false],"woocommerce_gallery_thumbnail":["https:\/\/4c.top-me.eu\/wp-content\/uploads\/2022\/09\/IMG_2743-scaled.jpg",1,1,false]},"uagb_author_info":{"display_name":"accordeonMaster","author_link":"https:\/\/4c.top-me.eu\/en\/author\/"},"uagb_comment_info":0,"uagb_excerpt":"Unik\u00e1tn\u00ed n\u00e1hrdeln\u00edk z ohlazen\u00fdch kor\u00e1lk\u016f tanzanitu. N\u00e1hrdeln\u00edk je navle\u010den na kovov\u00e9m lanku. Tanzanitov\u00e9 kor\u00e1lky jsou vystup\u0148ov\u00e1ny od t\u011bch nejdrobn\u011bj\u0161\u00edch v kraj\u00edch n\u00e1hrdeln\u00edku a\u017e k t\u011bm nejv\u011bt\u0161\u00edm uprost\u0159ed p\u0159edn\u00ed \u010d\u00e1sti n\u00e1hrdeln\u00edku. Nejdrobn\u011bj\u0161\u00ed tanzanitov\u00e9 kor\u00e1lky m\u011b\u0159\u00ed okolo 5,5 mm. Nejv\u011bt\u0161\u00ed tanzanitov\u00e9 kor\u00e1lky m\u011b\u0159\u00ed okolo 1 cm. N\u00e1hrdeln\u00edk m\u00e1 st\u0159\u00edbrn\u00e9 zap\u00edn\u00e1n\u00ed na klasickou karabinku, st\u0159\u00edbro Ag 925\/1000, d\u00e9lka","_links":{"self":[{"href":"https:\/\/4c.top-me.eu\/en\/wp-json\/wp\/v2\/product\/9940","targetHints":{"allow":["GET"]}}],"collection":[{"href":"https:\/\/4c.top-me.eu\/en\/wp-json\/wp\/v2\/product"}],"about":[{"href":"https:\/\/4c.top-me.eu\/en\/wp-json\/wp\/v2\/types\/product"}],"wp:featuredmedia":[{"embeddable":true,"href":"https:\/\/4c.top-me.eu\/en\/wp-json\/wp\/v2\/media\/9945"}],"wp:attachment":[{"href":"https:\/\/4c.top-me.eu\/en\/wp-json\/wp\/v2\/media?parent=9940"}],"wp:term":[{"taxonomy":"product_brand","embeddable":true,"href":"https:\/\/4c.top-me.eu\/en\/wp-json\/wp\/v2\/product_brand?post=9940"},{"taxonomy":"product_cat","embeddable":true,"href":"https:\/\/4c.top-me.eu\/en\/wp-json\/wp\/v2\/product_cat?post=9940"},{"taxonomy":"product_tag","embeddable":true,"href":"https:\/\/4c.top-me.eu\/en\/wp-json\/wp\/v2\/product_tag?post=9940"}],"curies":[{"name":"wp","href":"https:\/\/api.w.org\/{rel}","templated":true}]}}