{"id":939,"date":"2020-11-22T17:16:47","date_gmt":"2020-11-22T17:16:47","guid":{"rendered":"https:\/\/fvgear.com\/?post_type=product&#038;p=939"},"modified":"2020-11-22T19:49:27","modified_gmt":"2020-11-22T19:49:27","slug":"darkovy-poukaz-2000-kc","status":"publish","type":"product","link":"https:\/\/4c.top-me.eu\/en\/product\/darkovy-poukaz-2000-kc\/","title":{"rendered":"D\u00e1rkov\u00fd poukaz 2000 K\u010d"},"content":{"rendered":"<p>Poukaz na n\u00e1kup \u0161perk\u016f, kamen\u016f a jin\u00e9ho zbo\u017e\u00ed v hodnot\u011b 2000 K\u010d. Poukaz je mo\u017en\u00e9 uplatnit jeden rok od n\u00e1kupu.<\/p>\n","protected":false},"excerpt":{"rendered":"<p>Poukaz na n\u00e1kup \u0161perk\u016f, kamen\u016f a jin\u00e9ho zbo\u017e\u00ed v hodnot\u011b 2000 K\u010d. Poukaz je mo\u017en\u00e9 uplatnit jeden rok od n\u00e1kupu.<\/p>\n","protected":false},"featured_media":942,"template":"","meta":{"_acf_changed":false,"_uag_custom_page_level_css":""},"product_brand":[],"product_cat":[37],"product_tag":[38],"class_list":{"0":"post-939","1":"product","2":"type-product","3":"status-publish","4":"has-post-thumbnail","6":"product_cat-darkove-poukazy","7":"product_tag-darkovy-poukaz","9":"first","10":"instock","11":"taxable","12":"shipping-taxable","13":"purchasable","14":"product-type-simple"},"acf":[],"uagb_featured_image_src":{"full":["https:\/\/4c.top-me.eu\/wp-content\/uploads\/2020\/11\/photo002_14_10-1.jpg",0,0,false],"thumbnail":["https:\/\/4c.top-me.eu\/wp-content\/uploads\/2020\/11\/photo002_14_10-1.jpg",1,1,false],"medium":["https:\/\/4c.top-me.eu\/wp-content\/uploads\/2020\/11\/photo002_14_10-1.jpg",1,1,false],"medium_large":["https:\/\/4c.top-me.eu\/wp-content\/uploads\/2020\/11\/photo002_14_10-1.jpg",1,1,false],"large":["https:\/\/4c.top-me.eu\/wp-content\/uploads\/2020\/11\/photo002_14_10-1.jpg",1,1,false],"1536x1536":["https:\/\/4c.top-me.eu\/wp-content\/uploads\/2020\/11\/photo002_14_10-1.jpg",1,1,false],"2048x2048":["https:\/\/4c.top-me.eu\/wp-content\/uploads\/2020\/11\/photo002_14_10-1.jpg",1,1,false],"archive-list":["https:\/\/4c.top-me.eu\/wp-content\/uploads\/2020\/11\/photo002_14_10-1.jpg",1,1,false],"archive-list-2":["https:\/\/4c.top-me.eu\/wp-content\/uploads\/2020\/11\/photo002_14_10-1.jpg",1,1,false],"woocommerce_thumbnail":["https:\/\/4c.top-me.eu\/wp-content\/uploads\/2020\/11\/photo002_14_10-1.jpg",1,1,false],"woocommerce_single":["https:\/\/4c.top-me.eu\/wp-content\/uploads\/2020\/11\/photo002_14_10-1.jpg",1,1,false],"woocommerce_gallery_thumbnail":["https:\/\/4c.top-me.eu\/wp-content\/uploads\/2020\/11\/photo002_14_10-1.jpg",1,1,false]},"uagb_author_info":{"display_name":"accordeonMaster","author_link":"https:\/\/4c.top-me.eu\/en\/author\/"},"uagb_comment_info":0,"uagb_excerpt":"Poukaz na n\u00e1kup \u0161perk\u016f, kamen\u016f a jin\u00e9ho zbo\u017e\u00ed v hodnot\u011b 2000 K\u010d. Poukaz je mo\u017en\u00e9 uplatnit jeden rok od n\u00e1kupu.","_links":{"self":[{"href":"https:\/\/4c.top-me.eu\/en\/wp-json\/wp\/v2\/product\/939","targetHints":{"allow":["GET"]}}],"collection":[{"href":"https:\/\/4c.top-me.eu\/en\/wp-json\/wp\/v2\/product"}],"about":[{"href":"https:\/\/4c.top-me.eu\/en\/wp-json\/wp\/v2\/types\/product"}],"wp:featuredmedia":[{"embeddable":true,"href":"https:\/\/4c.top-me.eu\/en\/wp-json\/wp\/v2\/media\/942"}],"wp:attachment":[{"href":"https:\/\/4c.top-me.eu\/en\/wp-json\/wp\/v2\/media?parent=939"}],"wp:term":[{"taxonomy":"product_brand","embeddable":true,"href":"https:\/\/4c.top-me.eu\/en\/wp-json\/wp\/v2\/product_brand?post=939"},{"taxonomy":"product_cat","embeddable":true,"href":"https:\/\/4c.top-me.eu\/en\/wp-json\/wp\/v2\/product_cat?post=939"},{"taxonomy":"product_tag","embeddable":true,"href":"https:\/\/4c.top-me.eu\/en\/wp-json\/wp\/v2\/product_tag?post=939"}],"curies":[{"name":"wp","href":"https:\/\/api.w.org\/{rel}","templated":true}]}}