{"id":9156,"date":"2022-09-02T13:07:28","date_gmt":"2022-09-02T13:07:28","guid":{"rendered":"https:\/\/fvgear.com\/?post_type=product&#038;p=9156"},"modified":"2022-09-02T13:08:15","modified_gmt":"2022-09-02T13:08:15","slug":"nahrdelnik-turmalin-7","status":"publish","type":"product","link":"https:\/\/4c.top-me.eu\/en\/product\/nahrdelnik-turmalin-7\/","title":{"rendered":"N\u00e1hrdeln\u00edk turmal\u00edn"},"content":{"rendered":"<div class=\"et_pb_column et_pb_column_3_8 et_pb_column_inner et_pb_column_inner_4_tb_body et-last-child\">\n<div class=\"et_pb_module et_pb_wc_description et_pb_wc_description_1_tb_body et_pb_bg_layout_light et_pb_text_align_left\">\n<div class=\"et_pb_module_inner\">\n<p>P\u0159ekr\u00e1sn\u00fd n\u00e1hrdeln\u00edk z r\u016fznobarevn\u00fdch ohlazen\u00fdch krystal\u016f turmal\u00ednu, prokl\u00e1dan\u00fdch pozlacen\u00fdmi komponenty. N\u00e1hrdeln\u00edk je navle\u010den na kovov\u00e9m lanku.<\/p>\n<p>Nejkrat\u0161\u00ed krystaly m\u011b\u0159\u00ed cca 7,5 mm, nejdel\u0161\u00ed cca 14,7 mm. N\u00e1hrdeln\u00edk m\u00e1 pozlacen\u00e9 zap\u00edn\u00e1n\u00ed na klasickou karabinku, st\u0159\u00edbro Ag 925\/1000, d\u00e9lka zap\u00edn\u00e1n\u00ed je 2,3 cm. Celkov\u00e1 d\u00e9lka n\u00e1hrdeln\u00edku je 50 cm. Celkov\u00e1 hmotnost je 21,3 g.<\/p>\n<\/div>\n<\/div>\n<\/div>\n","protected":false},"excerpt":{"rendered":"<p>P\u0159ekr\u00e1sn\u00fd n\u00e1hrdeln\u00edk z r\u016fznobarevn\u00fdch ohlazen\u00fdch krystal\u016f turmal\u00ednu, prokl\u00e1dan\u00fdch pozlacen\u00fdmi komponenty. N\u00e1hrdeln\u00edk je navle\u010den na kovov\u00e9m lanku. Nejkrat\u0161\u00ed krystaly m\u011b\u0159\u00ed cca 7,5 mm, nejdel\u0161\u00ed cca 14,7 mm. N\u00e1hrdeln\u00edk m\u00e1 pozlacen\u00e9 zap\u00edn\u00e1n\u00ed na klasickou karabinku, st\u0159\u00edbro Ag 925\/1000, d\u00e9lka zap\u00edn\u00e1n\u00ed je 2,3 cm. Celkov\u00e1 d\u00e9lka n\u00e1hrdeln\u00edku je 50 cm. Celkov\u00e1 hmotnost je 21,3 g.<\/p>\n","protected":false},"featured_media":9159,"template":"","meta":{"_acf_changed":false,"_uag_custom_page_level_css":""},"product_brand":[],"product_cat":[31],"product_tag":[33,87,97],"class_list":{"0":"post-9156","1":"product","2":"type-product","3":"status-publish","4":"has-post-thumbnail","6":"product_cat-nahrdelniky-s-prirodnimi-kameny-stribro-925-1000","7":"product_tag-nahrdelnik","8":"product_tag-stribro-925-1000","9":"product_tag-turmalin","11":"first","12":"instock","13":"sold-individually","14":"taxable","15":"shipping-taxable","16":"purchasable","17":"product-type-simple"},"acf":[],"uagb_featured_image_src":{"full":["https:\/\/4c.top-me.eu\/wp-content\/uploads\/2022\/09\/IMG_1355-scaled.jpg",0,0,false],"thumbnail":["https:\/\/4c.top-me.eu\/wp-content\/uploads\/2022\/09\/IMG_1355-scaled.jpg",1,1,false],"medium":["https:\/\/4c.top-me.eu\/wp-content\/uploads\/2022\/09\/IMG_1355-scaled.jpg",1,1,false],"medium_large":["https:\/\/4c.top-me.eu\/wp-content\/uploads\/2022\/09\/IMG_1355-scaled.jpg",1,1,false],"large":["https:\/\/4c.top-me.eu\/wp-content\/uploads\/2022\/09\/IMG_1355-scaled.jpg",1,1,false],"1536x1536":["https:\/\/4c.top-me.eu\/wp-content\/uploads\/2022\/09\/IMG_1355-scaled.jpg",1,1,false],"2048x2048":["https:\/\/4c.top-me.eu\/wp-content\/uploads\/2022\/09\/IMG_1355-scaled.jpg",1,1,false],"archive-list":["https:\/\/4c.top-me.eu\/wp-content\/uploads\/2022\/09\/IMG_1355-scaled.jpg",1,1,false],"archive-list-2":["https:\/\/4c.top-me.eu\/wp-content\/uploads\/2022\/09\/IMG_1355-scaled.jpg",1,1,false],"woocommerce_thumbnail":["https:\/\/4c.top-me.eu\/wp-content\/uploads\/2022\/09\/IMG_1355-scaled.jpg",1,1,false],"woocommerce_single":["https:\/\/4c.top-me.eu\/wp-content\/uploads\/2022\/09\/IMG_1355-scaled.jpg",1,1,false],"woocommerce_gallery_thumbnail":["https:\/\/4c.top-me.eu\/wp-content\/uploads\/2022\/09\/IMG_1355-scaled.jpg",1,1,false]},"uagb_author_info":{"display_name":"accordeonMaster","author_link":"https:\/\/4c.top-me.eu\/en\/author\/"},"uagb_comment_info":0,"uagb_excerpt":"P\u0159ekr\u00e1sn\u00fd n\u00e1hrdeln\u00edk z r\u016fznobarevn\u00fdch ohlazen\u00fdch krystal\u016f turmal\u00ednu, prokl\u00e1dan\u00fdch pozlacen\u00fdmi komponenty. N\u00e1hrdeln\u00edk je navle\u010den na kovov\u00e9m lanku. Nejkrat\u0161\u00ed krystaly m\u011b\u0159\u00ed cca 7,5 mm, nejdel\u0161\u00ed cca 14,7 mm. N\u00e1hrdeln\u00edk m\u00e1 pozlacen\u00e9 zap\u00edn\u00e1n\u00ed na klasickou karabinku, st\u0159\u00edbro Ag 925\/1000, d\u00e9lka zap\u00edn\u00e1n\u00ed je 2,3 cm. Celkov\u00e1 d\u00e9lka n\u00e1hrdeln\u00edku je 50 cm. Celkov\u00e1 hmotnost je 21,3 g.","_links":{"self":[{"href":"https:\/\/4c.top-me.eu\/en\/wp-json\/wp\/v2\/product\/9156","targetHints":{"allow":["GET"]}}],"collection":[{"href":"https:\/\/4c.top-me.eu\/en\/wp-json\/wp\/v2\/product"}],"about":[{"href":"https:\/\/4c.top-me.eu\/en\/wp-json\/wp\/v2\/types\/product"}],"wp:featuredmedia":[{"embeddable":true,"href":"https:\/\/4c.top-me.eu\/en\/wp-json\/wp\/v2\/media\/9159"}],"wp:attachment":[{"href":"https:\/\/4c.top-me.eu\/en\/wp-json\/wp\/v2\/media?parent=9156"}],"wp:term":[{"taxonomy":"product_brand","embeddable":true,"href":"https:\/\/4c.top-me.eu\/en\/wp-json\/wp\/v2\/product_brand?post=9156"},{"taxonomy":"product_cat","embeddable":true,"href":"https:\/\/4c.top-me.eu\/en\/wp-json\/wp\/v2\/product_cat?post=9156"},{"taxonomy":"product_tag","embeddable":true,"href":"https:\/\/4c.top-me.eu\/en\/wp-json\/wp\/v2\/product_tag?post=9156"}],"curies":[{"name":"wp","href":"https:\/\/api.w.org\/{rel}","templated":true}]}}