{"id":9098,"date":"2022-09-02T12:01:53","date_gmt":"2022-09-02T12:01:53","guid":{"rendered":"https:\/\/fvgear.com\/?post_type=product&#038;p=9098"},"modified":"2022-09-02T12:04:44","modified_gmt":"2022-09-02T12:04:44","slug":"nahrdelnik-turmalin-5","status":"publish","type":"product","link":"https:\/\/4c.top-me.eu\/en\/product\/nahrdelnik-turmalin-5\/","title":{"rendered":"N\u00e1hrdeln\u00edk turmal\u00edn"},"content":{"rendered":"<div class=\"et_pb_column et_pb_column_3_8 et_pb_column_inner et_pb_column_inner_4_tb_body et-last-child\">\n<div class=\"et_pb_module et_pb_wc_description et_pb_wc_description_1_tb_body et_pb_bg_layout_light et_pb_text_align_left\">\n<div class=\"et_pb_module_inner\">\n<p>N\u011b\u017en\u00fd n\u00e1hrdeln\u00edk z kor\u00e1lk\u016f p\u0159ekr\u00e1sn\u011b r\u016f\u017eov\u00e9ho turmal\u00ednu. Kor\u00e1lky jsou m\u00edrn\u011b odstup\u0148ov\u00e1ny od t\u011bch nejdrobn\u011bj\u0161\u00edch v kraj\u00edch n\u00e1hrdeln\u00edku a\u017e k t\u011bm nejv\u011bt\u0161\u00edm uprost\u0159ed p\u0159edn\u00ed \u010d\u00e1sti n\u00e1hrdeln\u00edku. N\u00e1hrdeln\u00edk je navle\u010den na r\u016f\u017eov\u00e9 hedv\u00e1bn\u00e9 niti.<\/p>\n<p>Nejdrobn\u011bj\u0161\u00ed kor\u00e1lky turmal\u00ednu m\u011b\u0159\u00ed cca 5,5 mm a jsou odstup\u0148ov\u00e1ny a\u017e ke kor\u00e1lk\u016fm m\u011b\u0159\u00edc\u00edm cca 7,5 mm. N\u00e1hrdeln\u00edk m\u00e1 st\u0159\u00edbrn\u00e9 zap\u00edn\u00e1n\u00ed na klasickou karabinku, st\u0159\u00edbro Ag 925\/1000, d\u00e9lka zap\u00edn\u00e1n\u00ed je 2,3 cm. Celkov\u00e1 d\u00e9lka n\u00e1hrdeln\u00edku je 47,5 cm. Celkov\u00e1 hmotnost je 10,8 g.<\/p>\n<\/div>\n<\/div>\n<\/div>\n","protected":false},"excerpt":{"rendered":"<p>N\u011b\u017en\u00fd n\u00e1hrdeln\u00edk z kor\u00e1lk\u016f p\u0159ekr\u00e1sn\u011b r\u016f\u017eov\u00e9ho turmal\u00ednu. Kor\u00e1lky jsou m\u00edrn\u011b odstup\u0148ov\u00e1ny od t\u011bch nejdrobn\u011bj\u0161\u00edch v kraj\u00edch n\u00e1hrdeln\u00edku a\u017e k t\u011bm nejv\u011bt\u0161\u00edm uprost\u0159ed p\u0159edn\u00ed \u010d\u00e1sti n\u00e1hrdeln\u00edku. N\u00e1hrdeln\u00edk je navle\u010den na r\u016f\u017eov\u00e9 hedv\u00e1bn\u00e9 niti. Nejdrobn\u011bj\u0161\u00ed kor\u00e1lky turmal\u00ednu m\u011b\u0159\u00ed cca 5,5 mm a jsou odstup\u0148ov\u00e1ny a\u017e ke kor\u00e1lk\u016fm m\u011b\u0159\u00edc\u00edm cca 7,5 mm. N\u00e1hrdeln\u00edk m\u00e1 st\u0159\u00edbrn\u00e9 zap\u00edn\u00e1n\u00ed na klasickou<\/p>\n","protected":false},"featured_media":9124,"template":"","meta":{"_acf_changed":false,"_uag_custom_page_level_css":""},"product_brand":[],"product_cat":[31],"product_tag":[33,87,97],"class_list":{"0":"post-9098","1":"product","2":"type-product","3":"status-publish","4":"has-post-thumbnail","6":"product_cat-nahrdelniky-s-prirodnimi-kameny-stribro-925-1000","7":"product_tag-nahrdelnik","8":"product_tag-stribro-925-1000","9":"product_tag-turmalin","11":"first","12":"instock","13":"sold-individually","14":"taxable","15":"shipping-taxable","16":"purchasable","17":"product-type-simple"},"acf":[],"uagb_featured_image_src":{"full":["https:\/\/4c.top-me.eu\/wp-content\/uploads\/2022\/09\/IMG_1304-1-scaled.jpg",0,0,false],"thumbnail":["https:\/\/4c.top-me.eu\/wp-content\/uploads\/2022\/09\/IMG_1304-1-scaled.jpg",1,1,false],"medium":["https:\/\/4c.top-me.eu\/wp-content\/uploads\/2022\/09\/IMG_1304-1-scaled.jpg",1,1,false],"medium_large":["https:\/\/4c.top-me.eu\/wp-content\/uploads\/2022\/09\/IMG_1304-1-scaled.jpg",1,1,false],"large":["https:\/\/4c.top-me.eu\/wp-content\/uploads\/2022\/09\/IMG_1304-1-scaled.jpg",1,1,false],"1536x1536":["https:\/\/4c.top-me.eu\/wp-content\/uploads\/2022\/09\/IMG_1304-1-scaled.jpg",1,1,false],"2048x2048":["https:\/\/4c.top-me.eu\/wp-content\/uploads\/2022\/09\/IMG_1304-1-scaled.jpg",1,1,false],"archive-list":["https:\/\/4c.top-me.eu\/wp-content\/uploads\/2022\/09\/IMG_1304-1-scaled.jpg",1,1,false],"archive-list-2":["https:\/\/4c.top-me.eu\/wp-content\/uploads\/2022\/09\/IMG_1304-1-scaled.jpg",1,1,false],"woocommerce_thumbnail":["https:\/\/4c.top-me.eu\/wp-content\/uploads\/2022\/09\/IMG_1304-1-scaled.jpg",1,1,false],"woocommerce_single":["https:\/\/4c.top-me.eu\/wp-content\/uploads\/2022\/09\/IMG_1304-1-scaled.jpg",1,1,false],"woocommerce_gallery_thumbnail":["https:\/\/4c.top-me.eu\/wp-content\/uploads\/2022\/09\/IMG_1304-1-scaled.jpg",1,1,false]},"uagb_author_info":{"display_name":"accordeonMaster","author_link":"https:\/\/4c.top-me.eu\/en\/author\/"},"uagb_comment_info":0,"uagb_excerpt":"N\u011b\u017en\u00fd n\u00e1hrdeln\u00edk z kor\u00e1lk\u016f p\u0159ekr\u00e1sn\u011b r\u016f\u017eov\u00e9ho turmal\u00ednu. Kor\u00e1lky jsou m\u00edrn\u011b odstup\u0148ov\u00e1ny od t\u011bch nejdrobn\u011bj\u0161\u00edch v kraj\u00edch n\u00e1hrdeln\u00edku a\u017e k t\u011bm nejv\u011bt\u0161\u00edm uprost\u0159ed p\u0159edn\u00ed \u010d\u00e1sti n\u00e1hrdeln\u00edku. N\u00e1hrdeln\u00edk je navle\u010den na r\u016f\u017eov\u00e9 hedv\u00e1bn\u00e9 niti. Nejdrobn\u011bj\u0161\u00ed kor\u00e1lky turmal\u00ednu m\u011b\u0159\u00ed cca 5,5 mm a jsou odstup\u0148ov\u00e1ny a\u017e ke kor\u00e1lk\u016fm m\u011b\u0159\u00edc\u00edm cca 7,5 mm. N\u00e1hrdeln\u00edk m\u00e1 st\u0159\u00edbrn\u00e9 zap\u00edn\u00e1n\u00ed na klasickou","_links":{"self":[{"href":"https:\/\/4c.top-me.eu\/en\/wp-json\/wp\/v2\/product\/9098","targetHints":{"allow":["GET"]}}],"collection":[{"href":"https:\/\/4c.top-me.eu\/en\/wp-json\/wp\/v2\/product"}],"about":[{"href":"https:\/\/4c.top-me.eu\/en\/wp-json\/wp\/v2\/types\/product"}],"wp:featuredmedia":[{"embeddable":true,"href":"https:\/\/4c.top-me.eu\/en\/wp-json\/wp\/v2\/media\/9124"}],"wp:attachment":[{"href":"https:\/\/4c.top-me.eu\/en\/wp-json\/wp\/v2\/media?parent=9098"}],"wp:term":[{"taxonomy":"product_brand","embeddable":true,"href":"https:\/\/4c.top-me.eu\/en\/wp-json\/wp\/v2\/product_brand?post=9098"},{"taxonomy":"product_cat","embeddable":true,"href":"https:\/\/4c.top-me.eu\/en\/wp-json\/wp\/v2\/product_cat?post=9098"},{"taxonomy":"product_tag","embeddable":true,"href":"https:\/\/4c.top-me.eu\/en\/wp-json\/wp\/v2\/product_tag?post=9098"}],"curies":[{"name":"wp","href":"https:\/\/api.w.org\/{rel}","templated":true}]}}