{"id":9070,"date":"2022-09-02T11:34:55","date_gmt":"2022-09-02T11:34:55","guid":{"rendered":"https:\/\/fvgear.com\/?post_type=product&#038;p=9070"},"modified":"2022-09-02T11:46:39","modified_gmt":"2022-09-02T11:46:39","slug":"nahrdelnik-turmalin-4","status":"publish","type":"product","link":"https:\/\/4c.top-me.eu\/en\/product\/nahrdelnik-turmalin-4\/","title":{"rendered":"N\u00e1hrdeln\u00edk turmal\u00edn"},"content":{"rendered":"<p>Kr\u00e1sn\u00fd n\u00e1hrdeln\u00edk z kor\u00e1lk\u016f p\u0159ev\u00e1\u017en\u011b tmav\u011b zelen\u00e9ho turmal\u00ednu, s ob\u010dasn\u00fdmi barevn\u00fdmi akcenty (petrolejov\u00e1, modr\u00e1, r\u016f\u017eov\u00e1). N\u00e1hrdeln\u00edk je navle\u010den na hedv\u00e1bn\u00e9 niti.<\/p>\n<p>Pr\u016fm\u011br kor\u00e1lk\u016f turmal\u00ednu je cca 4,5 mm. N\u00e1hrdeln\u00edk m\u00e1 st\u0159\u00edbrn\u00e9 zap\u00edn\u00e1n\u00ed na klasickou karabinku, st\u0159\u00edbro Ag 925\/1000, d\u00e9lka zap\u00edn\u00e1n\u00ed je 2,2 cm. Celkov\u00e1 d\u00e9lka n\u00e1hrdeln\u00edku je 47 cm. Celkov\u00e1 hmotnost je 14,3 g.<\/p>\n","protected":false},"excerpt":{"rendered":"<p>Kr\u00e1sn\u00fd n\u00e1hrdeln\u00edk z kor\u00e1lk\u016f p\u0159ev\u00e1\u017en\u011b tmav\u011b zelen\u00e9ho turmal\u00ednu, s ob\u010dasn\u00fdmi barevn\u00fdmi akcenty (petrolejov\u00e1, modr\u00e1, r\u016f\u017eov\u00e1). N\u00e1hrdeln\u00edk je navle\u010den na hedv\u00e1bn\u00e9 niti. Pr\u016fm\u011br kor\u00e1lk\u016f turmal\u00ednu je cca 4,5 mm. N\u00e1hrdeln\u00edk m\u00e1 st\u0159\u00edbrn\u00e9 zap\u00edn\u00e1n\u00ed na klasickou karabinku, st\u0159\u00edbro Ag 925\/1000, d\u00e9lka zap\u00edn\u00e1n\u00ed je 2,2 cm. Celkov\u00e1 d\u00e9lka n\u00e1hrdeln\u00edku je 47 cm. Celkov\u00e1 hmotnost je 14,3 g.<\/p>\n","protected":false},"featured_media":9073,"template":"","meta":{"_acf_changed":false,"_uag_custom_page_level_css":""},"product_brand":[],"product_cat":[31],"product_tag":[33,87,97],"class_list":{"0":"post-9070","1":"product","2":"type-product","3":"status-publish","4":"has-post-thumbnail","6":"product_cat-nahrdelniky-s-prirodnimi-kameny-stribro-925-1000","7":"product_tag-nahrdelnik","8":"product_tag-stribro-925-1000","9":"product_tag-turmalin","11":"first","12":"instock","13":"sold-individually","14":"taxable","15":"shipping-taxable","16":"purchasable","17":"product-type-simple"},"acf":[],"uagb_featured_image_src":{"full":["https:\/\/4c.top-me.eu\/wp-content\/uploads\/2022\/09\/IMG_1329-scaled.jpg",0,0,false],"thumbnail":["https:\/\/4c.top-me.eu\/wp-content\/uploads\/2022\/09\/IMG_1329-scaled.jpg",1,1,false],"medium":["https:\/\/4c.top-me.eu\/wp-content\/uploads\/2022\/09\/IMG_1329-scaled.jpg",1,1,false],"medium_large":["https:\/\/4c.top-me.eu\/wp-content\/uploads\/2022\/09\/IMG_1329-scaled.jpg",1,1,false],"large":["https:\/\/4c.top-me.eu\/wp-content\/uploads\/2022\/09\/IMG_1329-scaled.jpg",1,1,false],"1536x1536":["https:\/\/4c.top-me.eu\/wp-content\/uploads\/2022\/09\/IMG_1329-scaled.jpg",1,1,false],"2048x2048":["https:\/\/4c.top-me.eu\/wp-content\/uploads\/2022\/09\/IMG_1329-scaled.jpg",1,1,false],"archive-list":["https:\/\/4c.top-me.eu\/wp-content\/uploads\/2022\/09\/IMG_1329-scaled.jpg",1,1,false],"archive-list-2":["https:\/\/4c.top-me.eu\/wp-content\/uploads\/2022\/09\/IMG_1329-scaled.jpg",1,1,false],"woocommerce_thumbnail":["https:\/\/4c.top-me.eu\/wp-content\/uploads\/2022\/09\/IMG_1329-scaled.jpg",1,1,false],"woocommerce_single":["https:\/\/4c.top-me.eu\/wp-content\/uploads\/2022\/09\/IMG_1329-scaled.jpg",1,1,false],"woocommerce_gallery_thumbnail":["https:\/\/4c.top-me.eu\/wp-content\/uploads\/2022\/09\/IMG_1329-scaled.jpg",1,1,false]},"uagb_author_info":{"display_name":"accordeonMaster","author_link":"https:\/\/4c.top-me.eu\/en\/author\/"},"uagb_comment_info":0,"uagb_excerpt":"Kr\u00e1sn\u00fd n\u00e1hrdeln\u00edk z kor\u00e1lk\u016f p\u0159ev\u00e1\u017en\u011b tmav\u011b zelen\u00e9ho turmal\u00ednu, s ob\u010dasn\u00fdmi barevn\u00fdmi akcenty (petrolejov\u00e1, modr\u00e1, r\u016f\u017eov\u00e1). N\u00e1hrdeln\u00edk je navle\u010den na hedv\u00e1bn\u00e9 niti. Pr\u016fm\u011br kor\u00e1lk\u016f turmal\u00ednu je cca 4,5 mm. N\u00e1hrdeln\u00edk m\u00e1 st\u0159\u00edbrn\u00e9 zap\u00edn\u00e1n\u00ed na klasickou karabinku, st\u0159\u00edbro Ag 925\/1000, d\u00e9lka zap\u00edn\u00e1n\u00ed je 2,2 cm. Celkov\u00e1 d\u00e9lka n\u00e1hrdeln\u00edku je 47 cm. Celkov\u00e1 hmotnost je 14,3 g.","_links":{"self":[{"href":"https:\/\/4c.top-me.eu\/en\/wp-json\/wp\/v2\/product\/9070","targetHints":{"allow":["GET"]}}],"collection":[{"href":"https:\/\/4c.top-me.eu\/en\/wp-json\/wp\/v2\/product"}],"about":[{"href":"https:\/\/4c.top-me.eu\/en\/wp-json\/wp\/v2\/types\/product"}],"wp:featuredmedia":[{"embeddable":true,"href":"https:\/\/4c.top-me.eu\/en\/wp-json\/wp\/v2\/media\/9073"}],"wp:attachment":[{"href":"https:\/\/4c.top-me.eu\/en\/wp-json\/wp\/v2\/media?parent=9070"}],"wp:term":[{"taxonomy":"product_brand","embeddable":true,"href":"https:\/\/4c.top-me.eu\/en\/wp-json\/wp\/v2\/product_brand?post=9070"},{"taxonomy":"product_cat","embeddable":true,"href":"https:\/\/4c.top-me.eu\/en\/wp-json\/wp\/v2\/product_cat?post=9070"},{"taxonomy":"product_tag","embeddable":true,"href":"https:\/\/4c.top-me.eu\/en\/wp-json\/wp\/v2\/product_tag?post=9070"}],"curies":[{"name":"wp","href":"https:\/\/api.w.org\/{rel}","templated":true}]}}