{"id":8609,"date":"2022-08-31T09:18:27","date_gmt":"2022-08-31T09:18:27","guid":{"rendered":"https:\/\/fvgear.com\/?post_type=product&#038;p=8609"},"modified":"2022-08-31T09:18:58","modified_gmt":"2022-08-31T09:18:58","slug":"nahrdelnik-olivin-3","status":"publish","type":"product","link":"https:\/\/4c.top-me.eu\/en\/product\/nahrdelnik-olivin-3\/","title":{"rendered":"N\u00e1hrdeln\u00edk oliv\u00edn"},"content":{"rendered":"<p>Elegantn\u00ed n\u00e1hrdeln\u00edk z nepravideln\u011b fasetovan\u00fdch kor\u00e1lk\u016f oliv\u00ednu n\u00e1dhern\u00e9 barvy.<\/p>\n<p>N\u00e1hrdeln\u00edk m\u00e1 klasick\u00e9 zap\u00edn\u00e1n\u00ed na st\u0159\u00edbrnou karabinku. D\u00e9lka zap\u00edn\u00e1n\u00ed je 2,2 cm. St\u0159\u00edbro Ag 925\/1000. Oliv\u00ednov\u00e9 kor\u00e1lky m\u011b\u0159\u00ed v pr\u016fm\u011bru okolo 4 mm. N\u00e1hrdeln\u00edk je navle\u010den na zelen\u00e9 hedv\u00e1bn\u00e9 niti. Celkov\u00e1 d\u00e9lka n\u00e1hrdeln\u00edku je 47,4 cm. Celkov\u00e1 v\u00e1ha n\u00e1hrdeln\u00edku je 14,33 g.<\/p>\n","protected":false},"excerpt":{"rendered":"<p>Elegantn\u00ed n\u00e1hrdeln\u00edk z nepravideln\u011b fasetovan\u00fdch kor\u00e1lk\u016f oliv\u00ednu n\u00e1dhern\u00e9 barvy. N\u00e1hrdeln\u00edk m\u00e1 klasick\u00e9 zap\u00edn\u00e1n\u00ed na st\u0159\u00edbrnou karabinku. D\u00e9lka zap\u00edn\u00e1n\u00ed je 2,2 cm. St\u0159\u00edbro Ag 925\/1000. Oliv\u00ednov\u00e9 kor\u00e1lky m\u011b\u0159\u00ed v pr\u016fm\u011bru okolo 4 mm. N\u00e1hrdeln\u00edk je navle\u010den na zelen\u00e9 hedv\u00e1bn\u00e9 niti. Celkov\u00e1 d\u00e9lka n\u00e1hrdeln\u00edku je 47,4 cm. Celkov\u00e1 v\u00e1ha n\u00e1hrdeln\u00edku je 14,33 g.<\/p>\n","protected":false},"featured_media":8610,"template":"","meta":{"_acf_changed":false,"_uag_custom_page_level_css":""},"product_brand":[],"product_cat":[31],"product_tag":[33,163,87],"class_list":{"0":"post-8609","1":"product","2":"type-product","3":"status-publish","4":"has-post-thumbnail","6":"product_cat-nahrdelniky-s-prirodnimi-kameny-stribro-925-1000","7":"product_tag-nahrdelnik","8":"product_tag-olivin","9":"product_tag-stribro-925-1000","11":"first","12":"instock","13":"sold-individually","14":"taxable","15":"shipping-taxable","16":"purchasable","17":"product-type-simple"},"acf":[],"uagb_featured_image_src":{"full":["https:\/\/4c.top-me.eu\/wp-content\/uploads\/2022\/08\/IMG_1150-scaled.jpg",0,0,false],"thumbnail":["https:\/\/4c.top-me.eu\/wp-content\/uploads\/2022\/08\/IMG_1150-scaled.jpg",1,1,false],"medium":["https:\/\/4c.top-me.eu\/wp-content\/uploads\/2022\/08\/IMG_1150-scaled.jpg",1,1,false],"medium_large":["https:\/\/4c.top-me.eu\/wp-content\/uploads\/2022\/08\/IMG_1150-scaled.jpg",1,1,false],"large":["https:\/\/4c.top-me.eu\/wp-content\/uploads\/2022\/08\/IMG_1150-scaled.jpg",1,1,false],"1536x1536":["https:\/\/4c.top-me.eu\/wp-content\/uploads\/2022\/08\/IMG_1150-scaled.jpg",1,1,false],"2048x2048":["https:\/\/4c.top-me.eu\/wp-content\/uploads\/2022\/08\/IMG_1150-scaled.jpg",1,1,false],"archive-list":["https:\/\/4c.top-me.eu\/wp-content\/uploads\/2022\/08\/IMG_1150-scaled.jpg",1,1,false],"archive-list-2":["https:\/\/4c.top-me.eu\/wp-content\/uploads\/2022\/08\/IMG_1150-scaled.jpg",1,1,false],"woocommerce_thumbnail":["https:\/\/4c.top-me.eu\/wp-content\/uploads\/2022\/08\/IMG_1150-scaled.jpg",1,1,false],"woocommerce_single":["https:\/\/4c.top-me.eu\/wp-content\/uploads\/2022\/08\/IMG_1150-scaled.jpg",1,1,false],"woocommerce_gallery_thumbnail":["https:\/\/4c.top-me.eu\/wp-content\/uploads\/2022\/08\/IMG_1150-scaled.jpg",1,1,false]},"uagb_author_info":{"display_name":"accordeonMaster","author_link":"https:\/\/4c.top-me.eu\/en\/author\/"},"uagb_comment_info":0,"uagb_excerpt":"Elegantn\u00ed n\u00e1hrdeln\u00edk z nepravideln\u011b fasetovan\u00fdch kor\u00e1lk\u016f oliv\u00ednu n\u00e1dhern\u00e9 barvy. N\u00e1hrdeln\u00edk m\u00e1 klasick\u00e9 zap\u00edn\u00e1n\u00ed na st\u0159\u00edbrnou karabinku. D\u00e9lka zap\u00edn\u00e1n\u00ed je 2,2 cm. St\u0159\u00edbro Ag 925\/1000. Oliv\u00ednov\u00e9 kor\u00e1lky m\u011b\u0159\u00ed v pr\u016fm\u011bru okolo 4 mm. N\u00e1hrdeln\u00edk je navle\u010den na zelen\u00e9 hedv\u00e1bn\u00e9 niti. Celkov\u00e1 d\u00e9lka n\u00e1hrdeln\u00edku je 47,4 cm. Celkov\u00e1 v\u00e1ha n\u00e1hrdeln\u00edku je 14,33 g.","_links":{"self":[{"href":"https:\/\/4c.top-me.eu\/en\/wp-json\/wp\/v2\/product\/8609","targetHints":{"allow":["GET"]}}],"collection":[{"href":"https:\/\/4c.top-me.eu\/en\/wp-json\/wp\/v2\/product"}],"about":[{"href":"https:\/\/4c.top-me.eu\/en\/wp-json\/wp\/v2\/types\/product"}],"wp:featuredmedia":[{"embeddable":true,"href":"https:\/\/4c.top-me.eu\/en\/wp-json\/wp\/v2\/media\/8610"}],"wp:attachment":[{"href":"https:\/\/4c.top-me.eu\/en\/wp-json\/wp\/v2\/media?parent=8609"}],"wp:term":[{"taxonomy":"product_brand","embeddable":true,"href":"https:\/\/4c.top-me.eu\/en\/wp-json\/wp\/v2\/product_brand?post=8609"},{"taxonomy":"product_cat","embeddable":true,"href":"https:\/\/4c.top-me.eu\/en\/wp-json\/wp\/v2\/product_cat?post=8609"},{"taxonomy":"product_tag","embeddable":true,"href":"https:\/\/4c.top-me.eu\/en\/wp-json\/wp\/v2\/product_tag?post=8609"}],"curies":[{"name":"wp","href":"https:\/\/api.w.org\/{rel}","templated":true}]}}