{"id":8519,"date":"2022-08-30T08:51:13","date_gmt":"2022-08-30T08:51:13","guid":{"rendered":"https:\/\/fvgear.com\/?post_type=product&#038;p=8519"},"modified":"2022-08-30T08:51:13","modified_gmt":"2022-08-30T08:51:13","slug":"nausnice-tyrkys-2","status":"publish","type":"product","link":"https:\/\/4c.top-me.eu\/en\/product\/nausnice-tyrkys-2\/","title":{"rendered":"N\u00e1u\u0161nice tyrkys"},"content":{"rendered":"<div class=\"et_pb_column et_pb_column_3_8 et_pb_column_inner et_pb_column_inner_4_tb_body et-last-child\">\n<div class=\"et_pb_module et_pb_wc_description et_pb_wc_description_1_tb_body et_pb_bg_layout_light et_pb_text_align_left\">\n<div class=\"et_pb_module_inner\">\n<div class=\"et_pb_column et_pb_column_3_8 et_pb_column_inner et_pb_column_inner_4_tb_body et-last-child\">\n<div class=\"et_pb_module et_pb_wc_description et_pb_wc_description_1_tb_body et_pb_bg_layout_light et_pb_text_align_left\">\n<div class=\"et_pb_module_inner\">\n<p>N\u011b\u017en\u00e9 pozlacen\u00e9 visac\u00ed n\u00e1u\u0161nice s kor\u00e1lkem kr\u00e1sn\u011b zbarevn\u00e9ho tyrkysu, dopln\u011bn\u00e9 celkem \u010dty\u0159mi jemn\u00fdmi pozlacen\u00fdmi kuli\u010dkami.<\/p>\n<p>Pr\u016fm\u011br kor\u00e1lk\u016f tyrkysu je 4 mm. N\u00e1u\u0161nice maj\u00ed klasick\u00e9 zap\u00edn\u00e1n\u00ed na karabinku, st\u0159\u00edbro Ag 925\/1000. D\u00e9lka zap\u00edn\u00e1n\u00ed 16,5 mm. Celkov\u00e1 d\u00e9lka n\u00e1u\u0161nic 2,7 cm. Celkov\u00e1 v\u00e1ha n\u00e1u\u0161nic 1,2 g.<\/p>\n<\/div>\n<\/div>\n<\/div>\n<\/div>\n<\/div>\n<\/div>\n","protected":false},"excerpt":{"rendered":"<p>N\u011b\u017en\u00e9 pozlacen\u00e9 visac\u00ed n\u00e1u\u0161nice s kor\u00e1lkem kr\u00e1sn\u011b zbarevn\u00e9ho tyrkysu, dopln\u011bn\u00e9 celkem \u010dty\u0159mi jemn\u00fdmi pozlacen\u00fdmi kuli\u010dkami. Pr\u016fm\u011br kor\u00e1lk\u016f tyrkysu je 4 mm. N\u00e1u\u0161nice maj\u00ed klasick\u00e9 zap\u00edn\u00e1n\u00ed na karabinku, st\u0159\u00edbro Ag 925\/1000. D\u00e9lka zap\u00edn\u00e1n\u00ed 16,5 mm. Celkov\u00e1 d\u00e9lka n\u00e1u\u0161nic 2,7 cm. Celkov\u00e1 v\u00e1ha n\u00e1u\u0161nic 1,2 g.<\/p>\n","protected":false},"featured_media":8520,"template":"","meta":{"_acf_changed":false,"_uag_custom_page_level_css":""},"product_brand":[],"product_cat":[56],"product_tag":[118,87,153],"class_list":{"0":"post-8519","1":"product","2":"type-product","3":"status-publish","4":"has-post-thumbnail","6":"product_cat-privesky-a-nausnice-stribro-925-1000","7":"product_tag-nausnice","8":"product_tag-stribro-925-1000","9":"product_tag-tyrkys","11":"first","12":"instock","13":"sold-individually","14":"taxable","15":"shipping-taxable","16":"purchasable","17":"product-type-simple"},"acf":[],"uagb_featured_image_src":{"full":["https:\/\/4c.top-me.eu\/wp-content\/uploads\/2022\/08\/IMG_0852.jpg",0,0,false],"thumbnail":["https:\/\/4c.top-me.eu\/wp-content\/uploads\/2022\/08\/IMG_0852.jpg",1,1,false],"medium":["https:\/\/4c.top-me.eu\/wp-content\/uploads\/2022\/08\/IMG_0852.jpg",1,1,false],"medium_large":["https:\/\/4c.top-me.eu\/wp-content\/uploads\/2022\/08\/IMG_0852.jpg",1,1,false],"large":["https:\/\/4c.top-me.eu\/wp-content\/uploads\/2022\/08\/IMG_0852.jpg",1,1,false],"1536x1536":["https:\/\/4c.top-me.eu\/wp-content\/uploads\/2022\/08\/IMG_0852.jpg",1,1,false],"2048x2048":["https:\/\/4c.top-me.eu\/wp-content\/uploads\/2022\/08\/IMG_0852.jpg",1,1,false],"archive-list":["https:\/\/4c.top-me.eu\/wp-content\/uploads\/2022\/08\/IMG_0852.jpg",1,1,false],"archive-list-2":["https:\/\/4c.top-me.eu\/wp-content\/uploads\/2022\/08\/IMG_0852.jpg",1,1,false],"woocommerce_thumbnail":["https:\/\/4c.top-me.eu\/wp-content\/uploads\/2022\/08\/IMG_0852.jpg",1,1,false],"woocommerce_single":["https:\/\/4c.top-me.eu\/wp-content\/uploads\/2022\/08\/IMG_0852.jpg",1,1,false],"woocommerce_gallery_thumbnail":["https:\/\/4c.top-me.eu\/wp-content\/uploads\/2022\/08\/IMG_0852.jpg",1,1,false]},"uagb_author_info":{"display_name":"accordeonMaster","author_link":"https:\/\/4c.top-me.eu\/en\/author\/"},"uagb_comment_info":0,"uagb_excerpt":"N\u011b\u017en\u00e9 pozlacen\u00e9 visac\u00ed n\u00e1u\u0161nice s kor\u00e1lkem kr\u00e1sn\u011b zbarevn\u00e9ho tyrkysu, dopln\u011bn\u00e9 celkem \u010dty\u0159mi jemn\u00fdmi pozlacen\u00fdmi kuli\u010dkami. Pr\u016fm\u011br kor\u00e1lk\u016f tyrkysu je 4 mm. N\u00e1u\u0161nice maj\u00ed klasick\u00e9 zap\u00edn\u00e1n\u00ed na karabinku, st\u0159\u00edbro Ag 925\/1000. D\u00e9lka zap\u00edn\u00e1n\u00ed 16,5 mm. Celkov\u00e1 d\u00e9lka n\u00e1u\u0161nic 2,7 cm. Celkov\u00e1 v\u00e1ha n\u00e1u\u0161nic 1,2 g.","_links":{"self":[{"href":"https:\/\/4c.top-me.eu\/en\/wp-json\/wp\/v2\/product\/8519","targetHints":{"allow":["GET"]}}],"collection":[{"href":"https:\/\/4c.top-me.eu\/en\/wp-json\/wp\/v2\/product"}],"about":[{"href":"https:\/\/4c.top-me.eu\/en\/wp-json\/wp\/v2\/types\/product"}],"wp:featuredmedia":[{"embeddable":true,"href":"https:\/\/4c.top-me.eu\/en\/wp-json\/wp\/v2\/media\/8520"}],"wp:attachment":[{"href":"https:\/\/4c.top-me.eu\/en\/wp-json\/wp\/v2\/media?parent=8519"}],"wp:term":[{"taxonomy":"product_brand","embeddable":true,"href":"https:\/\/4c.top-me.eu\/en\/wp-json\/wp\/v2\/product_brand?post=8519"},{"taxonomy":"product_cat","embeddable":true,"href":"https:\/\/4c.top-me.eu\/en\/wp-json\/wp\/v2\/product_cat?post=8519"},{"taxonomy":"product_tag","embeddable":true,"href":"https:\/\/4c.top-me.eu\/en\/wp-json\/wp\/v2\/product_tag?post=8519"}],"curies":[{"name":"wp","href":"https:\/\/api.w.org\/{rel}","templated":true}]}}