{"id":8349,"date":"2022-08-29T11:22:55","date_gmt":"2022-08-29T11:22:55","guid":{"rendered":"https:\/\/fvgear.com\/?post_type=product&#038;p=8349"},"modified":"2022-08-29T11:22:55","modified_gmt":"2022-08-29T11:22:55","slug":"nahrdelnik-tyrkys-a-perla","status":"publish","type":"product","link":"https:\/\/4c.top-me.eu\/en\/product\/nahrdelnik-tyrkys-a-perla\/","title":{"rendered":"N\u00e1hrdeln\u00edk tyrkys a perla"},"content":{"rendered":"<p>Unik\u00e1tn\u00ed n\u00e1hrdeln\u00edk z jemn\u011b ohlazen\u00e9ho tyrkysu prokl\u00e1dan\u00e9ho n\u011b\u017en\u00fdmi sladkovodn\u00edmi perli\u010dkami.<\/p>\n<p>N\u00e1hrdeln\u00edk m\u00e1 klasick\u00e9 zap\u00edn\u00e1n\u00ed na st\u0159\u00edbrnou karabinku. St\u0159\u00edbro Ag 925\/1000. D\u00e9lka zap\u00edn\u00e1n\u00ed 2,5 cm. \u0160\u00ed\u0159ka perli\u010dek je cca 4 mm, v\u00fd\u0161ka perli\u010dek cca 2,5 mm. Kor\u00e1lky tyrkysu m\u011b\u0159\u00ed maxim\u00e1ln\u011b do 1 cm. Celkov\u00e1 d\u00e9lka n\u00e1hrdeln\u00edku je 43,5 cm. Celkov\u00e1 v\u00e1ha n\u00e1hrdeln\u00edku je 14,14 g.<\/p>\n","protected":false},"excerpt":{"rendered":"<p>Unik\u00e1tn\u00ed n\u00e1hrdeln\u00edk z jemn\u011b ohlazen\u00e9ho tyrkysu prokl\u00e1dan\u00e9ho n\u011b\u017en\u00fdmi sladkovodn\u00edmi perli\u010dkami. N\u00e1hrdeln\u00edk m\u00e1 klasick\u00e9 zap\u00edn\u00e1n\u00ed na st\u0159\u00edbrnou karabinku. St\u0159\u00edbro Ag 925\/1000. D\u00e9lka zap\u00edn\u00e1n\u00ed 2,5 cm. \u0160\u00ed\u0159ka perli\u010dek je cca 4 mm, v\u00fd\u0161ka perli\u010dek cca 2,5 mm. Kor\u00e1lky tyrkysu m\u011b\u0159\u00ed maxim\u00e1ln\u011b do 1 cm. Celkov\u00e1 d\u00e9lka n\u00e1hrdeln\u00edku je 43,5 cm. Celkov\u00e1 v\u00e1ha n\u00e1hrdeln\u00edku je 14,14 g.<\/p>\n","protected":false},"featured_media":8352,"template":"","meta":{"_acf_changed":false,"_uag_custom_page_level_css":""},"product_brand":[],"product_cat":[31],"product_tag":[33,101,87,153],"class_list":{"0":"post-8349","1":"product","2":"type-product","3":"status-publish","4":"has-post-thumbnail","6":"product_cat-nahrdelniky-s-prirodnimi-kameny-stribro-925-1000","7":"product_tag-nahrdelnik","8":"product_tag-perla","9":"product_tag-stribro-925-1000","10":"product_tag-tyrkys","12":"first","13":"instock","14":"sold-individually","15":"taxable","16":"shipping-taxable","17":"purchasable","18":"product-type-simple"},"acf":[],"uagb_featured_image_src":{"full":["https:\/\/4c.top-me.eu\/wp-content\/uploads\/2022\/08\/IMG_0775-scaled.jpg",0,0,false],"thumbnail":["https:\/\/4c.top-me.eu\/wp-content\/uploads\/2022\/08\/IMG_0775-scaled.jpg",1,1,false],"medium":["https:\/\/4c.top-me.eu\/wp-content\/uploads\/2022\/08\/IMG_0775-scaled.jpg",1,1,false],"medium_large":["https:\/\/4c.top-me.eu\/wp-content\/uploads\/2022\/08\/IMG_0775-scaled.jpg",1,1,false],"large":["https:\/\/4c.top-me.eu\/wp-content\/uploads\/2022\/08\/IMG_0775-scaled.jpg",1,1,false],"1536x1536":["https:\/\/4c.top-me.eu\/wp-content\/uploads\/2022\/08\/IMG_0775-scaled.jpg",1,1,false],"2048x2048":["https:\/\/4c.top-me.eu\/wp-content\/uploads\/2022\/08\/IMG_0775-scaled.jpg",1,1,false],"archive-list":["https:\/\/4c.top-me.eu\/wp-content\/uploads\/2022\/08\/IMG_0775-scaled.jpg",1,1,false],"archive-list-2":["https:\/\/4c.top-me.eu\/wp-content\/uploads\/2022\/08\/IMG_0775-scaled.jpg",1,1,false],"woocommerce_thumbnail":["https:\/\/4c.top-me.eu\/wp-content\/uploads\/2022\/08\/IMG_0775-scaled.jpg",1,1,false],"woocommerce_single":["https:\/\/4c.top-me.eu\/wp-content\/uploads\/2022\/08\/IMG_0775-scaled.jpg",1,1,false],"woocommerce_gallery_thumbnail":["https:\/\/4c.top-me.eu\/wp-content\/uploads\/2022\/08\/IMG_0775-scaled.jpg",1,1,false]},"uagb_author_info":{"display_name":"accordeonMaster","author_link":"https:\/\/4c.top-me.eu\/en\/author\/"},"uagb_comment_info":0,"uagb_excerpt":"Unik\u00e1tn\u00ed n\u00e1hrdeln\u00edk z jemn\u011b ohlazen\u00e9ho tyrkysu prokl\u00e1dan\u00e9ho n\u011b\u017en\u00fdmi sladkovodn\u00edmi perli\u010dkami. N\u00e1hrdeln\u00edk m\u00e1 klasick\u00e9 zap\u00edn\u00e1n\u00ed na st\u0159\u00edbrnou karabinku. St\u0159\u00edbro Ag 925\/1000. D\u00e9lka zap\u00edn\u00e1n\u00ed 2,5 cm. \u0160\u00ed\u0159ka perli\u010dek je cca 4 mm, v\u00fd\u0161ka perli\u010dek cca 2,5 mm. Kor\u00e1lky tyrkysu m\u011b\u0159\u00ed maxim\u00e1ln\u011b do 1 cm. Celkov\u00e1 d\u00e9lka n\u00e1hrdeln\u00edku je 43,5 cm. Celkov\u00e1 v\u00e1ha n\u00e1hrdeln\u00edku je 14,14 g.","_links":{"self":[{"href":"https:\/\/4c.top-me.eu\/en\/wp-json\/wp\/v2\/product\/8349","targetHints":{"allow":["GET"]}}],"collection":[{"href":"https:\/\/4c.top-me.eu\/en\/wp-json\/wp\/v2\/product"}],"about":[{"href":"https:\/\/4c.top-me.eu\/en\/wp-json\/wp\/v2\/types\/product"}],"wp:featuredmedia":[{"embeddable":true,"href":"https:\/\/4c.top-me.eu\/en\/wp-json\/wp\/v2\/media\/8352"}],"wp:attachment":[{"href":"https:\/\/4c.top-me.eu\/en\/wp-json\/wp\/v2\/media?parent=8349"}],"wp:term":[{"taxonomy":"product_brand","embeddable":true,"href":"https:\/\/4c.top-me.eu\/en\/wp-json\/wp\/v2\/product_brand?post=8349"},{"taxonomy":"product_cat","embeddable":true,"href":"https:\/\/4c.top-me.eu\/en\/wp-json\/wp\/v2\/product_cat?post=8349"},{"taxonomy":"product_tag","embeddable":true,"href":"https:\/\/4c.top-me.eu\/en\/wp-json\/wp\/v2\/product_tag?post=8349"}],"curies":[{"name":"wp","href":"https:\/\/api.w.org\/{rel}","templated":true}]}}