{"id":8318,"date":"2022-08-29T11:09:28","date_gmt":"2022-08-29T11:09:28","guid":{"rendered":"https:\/\/fvgear.com\/?post_type=product&#038;p=8318"},"modified":"2022-08-29T11:16:23","modified_gmt":"2022-08-29T11:16:23","slug":"nahrdelnik-mesicni-kamen-a-tyrkys","status":"publish","type":"product","link":"https:\/\/4c.top-me.eu\/en\/product\/nahrdelnik-mesicni-kamen-a-tyrkys\/","title":{"rendered":"N\u00e1hrdeln\u00edk m\u011bs\u00ed\u010dn\u00ed k\u00e1men a tyrkys"},"content":{"rendered":"<div class=\"et_pb_column et_pb_column_3_8 et_pb_column_inner et_pb_column_inner_4_tb_body et-last-child\">\n<div class=\"et_pb_module et_pb_wc_description et_pb_wc_description_1_tb_body et_pb_bg_layout_light et_pb_text_align_left\">\n<div class=\"et_pb_module_inner\">\n<p>N\u00e1dhern\u00fd a n\u011b\u017en\u00fd n\u00e1hrdeln\u00edk z m\u011bs\u00ed\u010dn\u00edho kamene a tyrkysu. V p\u0159edn\u00ed \u010d\u00e1sti n\u00e1hrdeln\u00edku zhotoven\u00e9ho z brou\u0161en\u00fdch kor\u00e1lk\u016f m\u011bs\u00ed\u010dn\u00edho kamene se nach\u00e1z\u00ed dev\u011bt zav\u011b\u0161en\u00fdch kor\u00e1lk\u016f jemn\u011b ohlazen\u00e9ho tyrkysu, odstup\u0148ovan\u00fdch od t\u011bch nejmen\u0161\u00edch po stran\u00e1ch po ty nejv\u011bt\u0161\u00ed uprost\u0159ed p\u0159edn\u00ed \u010d\u00e1sti n\u00e1hrdeln\u00edku.<\/p>\n<p>N\u00e1hrdeln\u00edk m\u00e1 klasick\u00e9 zap\u00edn\u00e1n\u00ed na st\u0159\u00edbrnou karabinku s \u0159et\u00edzkem umo\u017e\u0148uj\u00edc\u00edm zap\u00edn\u00e1n\u00ed na r\u016fzn\u00e9 d\u00e9lky. Nejkrat\u0161\u00ed mo\u017en\u00e1 d\u00e9lka zap\u00edn\u00e1n\u00ed je 3 cm. Nejdel\u0161\u00ed mo\u017en\u00e1 d\u00e9lka zap\u00edn\u00e1n\u00ed je 6,6 cm. St\u0159\u00edbro Ag 925\/1000. Pr\u016fm\u011br brou\u0161en\u00fdch kor\u00e1lk\u016f m\u011bs\u00ed\u010dn\u00edho kamene je okolo 2,5 mm. V\u00fd\u0161ka nejv\u011bt\u0161\u00edho kor\u00e1lku tyrkysu je 13,4 mm a nejmen\u0161\u00edho 9,5 mm. Celkov\u00e1 d\u00e9lka n\u00e1hrdeln\u00edku je 48 cm. Celkov\u00e1 v\u00e1ha n\u00e1hrdeln\u00edku je 9,37 g.<\/p>\n<\/div>\n<\/div>\n<\/div>\n","protected":false},"excerpt":{"rendered":"<p>N\u00e1dhern\u00fd a n\u011b\u017en\u00fd n\u00e1hrdeln\u00edk z m\u011bs\u00ed\u010dn\u00edho kamene a tyrkysu. V p\u0159edn\u00ed \u010d\u00e1sti n\u00e1hrdeln\u00edku zhotoven\u00e9ho z brou\u0161en\u00fdch kor\u00e1lk\u016f m\u011bs\u00ed\u010dn\u00edho kamene se nach\u00e1z\u00ed dev\u011bt zav\u011b\u0161en\u00fdch kor\u00e1lk\u016f jemn\u011b ohlazen\u00e9ho tyrkysu, odstup\u0148ovan\u00fdch od t\u011bch nejmen\u0161\u00edch po stran\u00e1ch po ty nejv\u011bt\u0161\u00ed uprost\u0159ed p\u0159edn\u00ed \u010d\u00e1sti n\u00e1hrdeln\u00edku. N\u00e1hrdeln\u00edk m\u00e1 klasick\u00e9 zap\u00edn\u00e1n\u00ed na st\u0159\u00edbrnou karabinku s \u0159et\u00edzkem umo\u017e\u0148uj\u00edc\u00edm zap\u00edn\u00e1n\u00ed na r\u016fzn\u00e9 d\u00e9lky. Nejkrat\u0161\u00ed<\/p>\n","protected":false},"featured_media":8321,"template":"","meta":{"_acf_changed":false,"_uag_custom_page_level_css":""},"product_brand":[],"product_cat":[31],"product_tag":[108,33,87,153],"class_list":{"0":"post-8318","1":"product","2":"type-product","3":"status-publish","4":"has-post-thumbnail","6":"product_cat-nahrdelniky-s-prirodnimi-kameny-stribro-925-1000","7":"product_tag-mesicni-kamen","8":"product_tag-nahrdelnik","9":"product_tag-stribro-925-1000","10":"product_tag-tyrkys","12":"first","13":"instock","14":"sold-individually","15":"taxable","16":"shipping-taxable","17":"purchasable","18":"product-type-simple"},"acf":[],"uagb_featured_image_src":{"full":["https:\/\/4c.top-me.eu\/wp-content\/uploads\/2022\/08\/IMG_0759-scaled.jpg",0,0,false],"thumbnail":["https:\/\/4c.top-me.eu\/wp-content\/uploads\/2022\/08\/IMG_0759-scaled.jpg",1,1,false],"medium":["https:\/\/4c.top-me.eu\/wp-content\/uploads\/2022\/08\/IMG_0759-scaled.jpg",1,1,false],"medium_large":["https:\/\/4c.top-me.eu\/wp-content\/uploads\/2022\/08\/IMG_0759-scaled.jpg",1,1,false],"large":["https:\/\/4c.top-me.eu\/wp-content\/uploads\/2022\/08\/IMG_0759-scaled.jpg",1,1,false],"1536x1536":["https:\/\/4c.top-me.eu\/wp-content\/uploads\/2022\/08\/IMG_0759-scaled.jpg",1,1,false],"2048x2048":["https:\/\/4c.top-me.eu\/wp-content\/uploads\/2022\/08\/IMG_0759-scaled.jpg",1,1,false],"archive-list":["https:\/\/4c.top-me.eu\/wp-content\/uploads\/2022\/08\/IMG_0759-scaled.jpg",1,1,false],"archive-list-2":["https:\/\/4c.top-me.eu\/wp-content\/uploads\/2022\/08\/IMG_0759-scaled.jpg",1,1,false],"woocommerce_thumbnail":["https:\/\/4c.top-me.eu\/wp-content\/uploads\/2022\/08\/IMG_0759-scaled.jpg",1,1,false],"woocommerce_single":["https:\/\/4c.top-me.eu\/wp-content\/uploads\/2022\/08\/IMG_0759-scaled.jpg",1,1,false],"woocommerce_gallery_thumbnail":["https:\/\/4c.top-me.eu\/wp-content\/uploads\/2022\/08\/IMG_0759-scaled.jpg",1,1,false]},"uagb_author_info":{"display_name":"accordeonMaster","author_link":"https:\/\/4c.top-me.eu\/en\/author\/"},"uagb_comment_info":0,"uagb_excerpt":"N\u00e1dhern\u00fd a n\u011b\u017en\u00fd n\u00e1hrdeln\u00edk z m\u011bs\u00ed\u010dn\u00edho kamene a tyrkysu. V p\u0159edn\u00ed \u010d\u00e1sti n\u00e1hrdeln\u00edku zhotoven\u00e9ho z brou\u0161en\u00fdch kor\u00e1lk\u016f m\u011bs\u00ed\u010dn\u00edho kamene se nach\u00e1z\u00ed dev\u011bt zav\u011b\u0161en\u00fdch kor\u00e1lk\u016f jemn\u011b ohlazen\u00e9ho tyrkysu, odstup\u0148ovan\u00fdch od t\u011bch nejmen\u0161\u00edch po stran\u00e1ch po ty nejv\u011bt\u0161\u00ed uprost\u0159ed p\u0159edn\u00ed \u010d\u00e1sti n\u00e1hrdeln\u00edku. N\u00e1hrdeln\u00edk m\u00e1 klasick\u00e9 zap\u00edn\u00e1n\u00ed na st\u0159\u00edbrnou karabinku s \u0159et\u00edzkem umo\u017e\u0148uj\u00edc\u00edm zap\u00edn\u00e1n\u00ed na r\u016fzn\u00e9 d\u00e9lky. Nejkrat\u0161\u00ed","_links":{"self":[{"href":"https:\/\/4c.top-me.eu\/en\/wp-json\/wp\/v2\/product\/8318","targetHints":{"allow":["GET"]}}],"collection":[{"href":"https:\/\/4c.top-me.eu\/en\/wp-json\/wp\/v2\/product"}],"about":[{"href":"https:\/\/4c.top-me.eu\/en\/wp-json\/wp\/v2\/types\/product"}],"wp:featuredmedia":[{"embeddable":true,"href":"https:\/\/4c.top-me.eu\/en\/wp-json\/wp\/v2\/media\/8321"}],"wp:attachment":[{"href":"https:\/\/4c.top-me.eu\/en\/wp-json\/wp\/v2\/media?parent=8318"}],"wp:term":[{"taxonomy":"product_brand","embeddable":true,"href":"https:\/\/4c.top-me.eu\/en\/wp-json\/wp\/v2\/product_brand?post=8318"},{"taxonomy":"product_cat","embeddable":true,"href":"https:\/\/4c.top-me.eu\/en\/wp-json\/wp\/v2\/product_cat?post=8318"},{"taxonomy":"product_tag","embeddable":true,"href":"https:\/\/4c.top-me.eu\/en\/wp-json\/wp\/v2\/product_tag?post=8318"}],"curies":[{"name":"wp","href":"https:\/\/api.w.org\/{rel}","templated":true}]}}