{"id":8121,"date":"2022-08-25T08:37:37","date_gmt":"2022-08-25T08:37:37","guid":{"rendered":"https:\/\/fvgear.com\/?post_type=product&#038;p=8121"},"modified":"2022-08-25T08:37:37","modified_gmt":"2022-08-25T08:37:37","slug":"privesek-ametyst-7","status":"publish","type":"product","link":"https:\/\/4c.top-me.eu\/en\/product\/privesek-ametyst-7\/","title":{"rendered":"P\u0159\u00edv\u011bsek ametyst"},"content":{"rendered":"<div class=\"et_pb_column et_pb_column_3_8 et_pb_column_inner et_pb_column_inner_4_tb_body et-last-child\">\n<div class=\"et_pb_module et_pb_wc_description et_pb_wc_description_1_tb_body et_pb_bg_layout_light et_pb_text_align_left\">\n<div class=\"et_pb_module_inner\">\n<div class=\"et_pb_column et_pb_column_3_8 et_pb_column_inner et_pb_column_inner_4_tb_body et-last-child\">\n<div class=\"et_pb_module et_pb_wc_description et_pb_wc_description_1_tb_body et_pb_bg_layout_light et_pb_text_align_left\">\n<div class=\"et_pb_module_inner\">\n<p>Jedine\u010dn\u00fd p\u0159\u00edv\u011bsek z ametystu s p\u0159ekr\u00e1sn\u00fdm brusem a n\u00e1dhern\u00fdm leskem.<\/p>\n<p>Ametyst je zasazen\u00fd do st\u0159\u00edbra. V horn\u00ed \u010d\u00e1sti p\u0159\u00edv\u011bsku se nach\u00e1z\u00ed st\u0159\u00edbrn\u00e9 o\u010dko. St\u0159\u00edbro Ag 925\/1000. V\u00fd\u0161ka kamene je cca 2 cm, \u0161\u00ed\u0159ka kamene 1,5 cm. D\u00e9lka o\u010dka 12,5 mm a \u0161\u00ed\u0159ka o\u010dka 7,3 mm. Celkov\u00e1 d\u00e9lka \u0161perku je 3 cm. Celkov\u00e1 hmotnost \u0161perku je 9,35 g.<\/p>\n<\/div>\n<\/div>\n<\/div>\n<\/div>\n<\/div>\n<\/div>\n","protected":false},"excerpt":{"rendered":"<p>Jedine\u010dn\u00fd p\u0159\u00edv\u011bsek z ametystu s p\u0159ekr\u00e1sn\u00fdm brusem a n\u00e1dhern\u00fdm leskem. Ametyst je zasazen\u00fd do st\u0159\u00edbra. V horn\u00ed \u010d\u00e1sti p\u0159\u00edv\u011bsku se nach\u00e1z\u00ed st\u0159\u00edbrn\u00e9 o\u010dko. St\u0159\u00edbro Ag 925\/1000. V\u00fd\u0161ka kamene je cca 2 cm, \u0161\u00ed\u0159ka kamene 1,5 cm. D\u00e9lka o\u010dka 12,5 mm a \u0161\u00ed\u0159ka o\u010dka 7,3 mm. Celkov\u00e1 d\u00e9lka \u0161perku je 3 cm. Celkov\u00e1 hmotnost \u0161perku je<\/p>\n","protected":false},"featured_media":8128,"template":"","meta":{"_acf_changed":false,"_uag_custom_page_level_css":""},"product_brand":[],"product_cat":[56],"product_tag":[42,117,87],"class_list":{"0":"post-8121","1":"product","2":"type-product","3":"status-publish","4":"has-post-thumbnail","6":"product_cat-privesky-a-nausnice-stribro-925-1000","7":"product_tag-ametyst","8":"product_tag-privesek","9":"product_tag-stribro-925-1000","11":"first","12":"instock","13":"sold-individually","14":"taxable","15":"shipping-taxable","16":"purchasable","17":"product-type-simple"},"acf":[],"uagb_featured_image_src":{"full":["https:\/\/4c.top-me.eu\/wp-content\/uploads\/2022\/08\/IMG_0656-scaled.jpg",0,0,false],"thumbnail":["https:\/\/4c.top-me.eu\/wp-content\/uploads\/2022\/08\/IMG_0656-scaled.jpg",1,1,false],"medium":["https:\/\/4c.top-me.eu\/wp-content\/uploads\/2022\/08\/IMG_0656-scaled.jpg",1,1,false],"medium_large":["https:\/\/4c.top-me.eu\/wp-content\/uploads\/2022\/08\/IMG_0656-scaled.jpg",1,1,false],"large":["https:\/\/4c.top-me.eu\/wp-content\/uploads\/2022\/08\/IMG_0656-scaled.jpg",1,1,false],"1536x1536":["https:\/\/4c.top-me.eu\/wp-content\/uploads\/2022\/08\/IMG_0656-scaled.jpg",1,1,false],"2048x2048":["https:\/\/4c.top-me.eu\/wp-content\/uploads\/2022\/08\/IMG_0656-scaled.jpg",1,1,false],"archive-list":["https:\/\/4c.top-me.eu\/wp-content\/uploads\/2022\/08\/IMG_0656-scaled.jpg",1,1,false],"archive-list-2":["https:\/\/4c.top-me.eu\/wp-content\/uploads\/2022\/08\/IMG_0656-scaled.jpg",1,1,false],"woocommerce_thumbnail":["https:\/\/4c.top-me.eu\/wp-content\/uploads\/2022\/08\/IMG_0656-scaled.jpg",1,1,false],"woocommerce_single":["https:\/\/4c.top-me.eu\/wp-content\/uploads\/2022\/08\/IMG_0656-scaled.jpg",1,1,false],"woocommerce_gallery_thumbnail":["https:\/\/4c.top-me.eu\/wp-content\/uploads\/2022\/08\/IMG_0656-scaled.jpg",1,1,false]},"uagb_author_info":{"display_name":"accordeonMaster","author_link":"https:\/\/4c.top-me.eu\/en\/author\/"},"uagb_comment_info":0,"uagb_excerpt":"Jedine\u010dn\u00fd p\u0159\u00edv\u011bsek z ametystu s p\u0159ekr\u00e1sn\u00fdm brusem a n\u00e1dhern\u00fdm leskem. Ametyst je zasazen\u00fd do st\u0159\u00edbra. V horn\u00ed \u010d\u00e1sti p\u0159\u00edv\u011bsku se nach\u00e1z\u00ed st\u0159\u00edbrn\u00e9 o\u010dko. St\u0159\u00edbro Ag 925\/1000. V\u00fd\u0161ka kamene je cca 2 cm, \u0161\u00ed\u0159ka kamene 1,5 cm. D\u00e9lka o\u010dka 12,5 mm a \u0161\u00ed\u0159ka o\u010dka 7,3 mm. Celkov\u00e1 d\u00e9lka \u0161perku je 3 cm. Celkov\u00e1 hmotnost \u0161perku je","_links":{"self":[{"href":"https:\/\/4c.top-me.eu\/en\/wp-json\/wp\/v2\/product\/8121","targetHints":{"allow":["GET"]}}],"collection":[{"href":"https:\/\/4c.top-me.eu\/en\/wp-json\/wp\/v2\/product"}],"about":[{"href":"https:\/\/4c.top-me.eu\/en\/wp-json\/wp\/v2\/types\/product"}],"wp:featuredmedia":[{"embeddable":true,"href":"https:\/\/4c.top-me.eu\/en\/wp-json\/wp\/v2\/media\/8128"}],"wp:attachment":[{"href":"https:\/\/4c.top-me.eu\/en\/wp-json\/wp\/v2\/media?parent=8121"}],"wp:term":[{"taxonomy":"product_brand","embeddable":true,"href":"https:\/\/4c.top-me.eu\/en\/wp-json\/wp\/v2\/product_brand?post=8121"},{"taxonomy":"product_cat","embeddable":true,"href":"https:\/\/4c.top-me.eu\/en\/wp-json\/wp\/v2\/product_cat?post=8121"},{"taxonomy":"product_tag","embeddable":true,"href":"https:\/\/4c.top-me.eu\/en\/wp-json\/wp\/v2\/product_tag?post=8121"}],"curies":[{"name":"wp","href":"https:\/\/api.w.org\/{rel}","templated":true}]}}