{"id":7983,"date":"2022-08-23T15:40:01","date_gmt":"2022-08-23T15:40:01","guid":{"rendered":"https:\/\/fvgear.com\/?post_type=product&#038;p=7983"},"modified":"2022-08-23T15:43:51","modified_gmt":"2022-08-23T15:43:51","slug":"nausnice-zirkon-a-smaragd","status":"publish","type":"product","link":"https:\/\/4c.top-me.eu\/en\/product\/nausnice-zirkon-a-smaragd\/","title":{"rendered":"N\u00e1u\u0161nice zirkon a smaragd"},"content":{"rendered":"<p>Kr\u00e1sn\u00e9 n\u011b\u017en\u00e9 visac\u00ed n\u00e1u\u0161nice z brou\u0161en\u00fdch kam\u00ednk\u016f zirkonu a smaragdu, na konci zakon\u010den\u00e9 jemnou pozlacenou kuli\u010dkou.<\/p>\n<p>Velikost jednotliv\u00fdch kam\u00ednk\u016f zirkonu je okolo 2 mm, velikost jednotliv\u00fdch kam\u00ednk\u016f kolumbijsk\u00e9ho smaragdu je okolo 3 mm. Z\u00e1p\u00edn\u00e1n\u00ed je klasick\u00e9, pozlacen\u00e9 st\u0159\u00edbro 925\/1000. D\u00e9lka zap\u00edn\u00e1n\u00ed 1,9 cm. Celkov\u00e1 d\u00e9lka n\u00e1u\u0161nic 5,4 cm. Celkov\u00e1 v\u00e1ha n\u00e1u\u0161nic 1,5 g. N\u00e1u\u0161nice jsou navle\u010deny na zelen\u00e9 hedv\u00e1bn\u00e9 niti.<\/p>\n","protected":false},"excerpt":{"rendered":"<p>Kr\u00e1sn\u00e9 n\u011b\u017en\u00e9 visac\u00ed n\u00e1u\u0161nice z brou\u0161en\u00fdch kam\u00ednk\u016f zirkonu a smaragdu, na konci zakon\u010den\u00e9 jemnou pozlacenou kuli\u010dkou. Velikost jednotliv\u00fdch kam\u00ednk\u016f zirkonu je okolo 2 mm, velikost jednotliv\u00fdch kam\u00ednk\u016f kolumbijsk\u00e9ho smaragdu je okolo 3 mm. Z\u00e1p\u00edn\u00e1n\u00ed je klasick\u00e9, pozlacen\u00e9 st\u0159\u00edbro 925\/1000. D\u00e9lka zap\u00edn\u00e1n\u00ed 1,9 cm. Celkov\u00e1 d\u00e9lka n\u00e1u\u0161nic 5,4 cm. Celkov\u00e1 v\u00e1ha n\u00e1u\u0161nic 1,5 g. N\u00e1u\u0161nice jsou<\/p>\n","protected":false},"featured_media":8005,"template":"","meta":{"_acf_changed":false,"_uag_custom_page_level_css":""},"product_brand":[],"product_cat":[56],"product_tag":[118,104,87,256],"class_list":{"0":"post-7983","1":"product","2":"type-product","3":"status-publish","4":"has-post-thumbnail","6":"product_cat-privesky-a-nausnice-stribro-925-1000","7":"product_tag-nausnice","8":"product_tag-smaragd","9":"product_tag-stribro-925-1000","10":"product_tag-zirkon","12":"first","13":"instock","14":"sold-individually","15":"taxable","16":"shipping-taxable","17":"purchasable","18":"product-type-simple"},"acf":[],"uagb_featured_image_src":{"full":["https:\/\/4c.top-me.eu\/wp-content\/uploads\/2022\/08\/IMG_0567-1-scaled.jpg",0,0,false],"thumbnail":["https:\/\/4c.top-me.eu\/wp-content\/uploads\/2022\/08\/IMG_0567-1-scaled.jpg",1,1,false],"medium":["https:\/\/4c.top-me.eu\/wp-content\/uploads\/2022\/08\/IMG_0567-1-scaled.jpg",1,1,false],"medium_large":["https:\/\/4c.top-me.eu\/wp-content\/uploads\/2022\/08\/IMG_0567-1-scaled.jpg",1,1,false],"large":["https:\/\/4c.top-me.eu\/wp-content\/uploads\/2022\/08\/IMG_0567-1-scaled.jpg",1,1,false],"1536x1536":["https:\/\/4c.top-me.eu\/wp-content\/uploads\/2022\/08\/IMG_0567-1-scaled.jpg",1,1,false],"2048x2048":["https:\/\/4c.top-me.eu\/wp-content\/uploads\/2022\/08\/IMG_0567-1-scaled.jpg",1,1,false],"archive-list":["https:\/\/4c.top-me.eu\/wp-content\/uploads\/2022\/08\/IMG_0567-1-scaled.jpg",1,1,false],"archive-list-2":["https:\/\/4c.top-me.eu\/wp-content\/uploads\/2022\/08\/IMG_0567-1-scaled.jpg",1,1,false],"woocommerce_thumbnail":["https:\/\/4c.top-me.eu\/wp-content\/uploads\/2022\/08\/IMG_0567-1-scaled.jpg",1,1,false],"woocommerce_single":["https:\/\/4c.top-me.eu\/wp-content\/uploads\/2022\/08\/IMG_0567-1-scaled.jpg",1,1,false],"woocommerce_gallery_thumbnail":["https:\/\/4c.top-me.eu\/wp-content\/uploads\/2022\/08\/IMG_0567-1-scaled.jpg",1,1,false]},"uagb_author_info":{"display_name":"accordeonMaster","author_link":"https:\/\/4c.top-me.eu\/en\/author\/"},"uagb_comment_info":0,"uagb_excerpt":"Kr\u00e1sn\u00e9 n\u011b\u017en\u00e9 visac\u00ed n\u00e1u\u0161nice z brou\u0161en\u00fdch kam\u00ednk\u016f zirkonu a smaragdu, na konci zakon\u010den\u00e9 jemnou pozlacenou kuli\u010dkou. Velikost jednotliv\u00fdch kam\u00ednk\u016f zirkonu je okolo 2 mm, velikost jednotliv\u00fdch kam\u00ednk\u016f kolumbijsk\u00e9ho smaragdu je okolo 3 mm. Z\u00e1p\u00edn\u00e1n\u00ed je klasick\u00e9, pozlacen\u00e9 st\u0159\u00edbro 925\/1000. D\u00e9lka zap\u00edn\u00e1n\u00ed 1,9 cm. Celkov\u00e1 d\u00e9lka n\u00e1u\u0161nic 5,4 cm. Celkov\u00e1 v\u00e1ha n\u00e1u\u0161nic 1,5 g. N\u00e1u\u0161nice jsou","_links":{"self":[{"href":"https:\/\/4c.top-me.eu\/en\/wp-json\/wp\/v2\/product\/7983","targetHints":{"allow":["GET"]}}],"collection":[{"href":"https:\/\/4c.top-me.eu\/en\/wp-json\/wp\/v2\/product"}],"about":[{"href":"https:\/\/4c.top-me.eu\/en\/wp-json\/wp\/v2\/types\/product"}],"wp:featuredmedia":[{"embeddable":true,"href":"https:\/\/4c.top-me.eu\/en\/wp-json\/wp\/v2\/media\/8005"}],"wp:attachment":[{"href":"https:\/\/4c.top-me.eu\/en\/wp-json\/wp\/v2\/media?parent=7983"}],"wp:term":[{"taxonomy":"product_brand","embeddable":true,"href":"https:\/\/4c.top-me.eu\/en\/wp-json\/wp\/v2\/product_brand?post=7983"},{"taxonomy":"product_cat","embeddable":true,"href":"https:\/\/4c.top-me.eu\/en\/wp-json\/wp\/v2\/product_cat?post=7983"},{"taxonomy":"product_tag","embeddable":true,"href":"https:\/\/4c.top-me.eu\/en\/wp-json\/wp\/v2\/product_tag?post=7983"}],"curies":[{"name":"wp","href":"https:\/\/api.w.org\/{rel}","templated":true}]}}