{"id":7759,"date":"2022-08-18T13:38:54","date_gmt":"2022-08-18T13:38:54","guid":{"rendered":"https:\/\/fvgear.com\/?post_type=product&#038;p=7759"},"modified":"2022-08-23T15:12:03","modified_gmt":"2022-08-23T15:12:03","slug":"nausnice-rubin","status":"publish","type":"product","link":"https:\/\/4c.top-me.eu\/en\/product\/nausnice-rubin\/","title":{"rendered":"N\u00e1u\u0161nice rub\u00edn"},"content":{"rendered":"<p>Visac\u00ed n\u00e1u\u0161nice z rub\u00ednu se st\u0159\u00edbrn\u00fdmi komponenty ve tvaru srd\u00ed\u010dek.<\/p>\n<p>Velikost jednotliv\u00fdch rub\u00edn\u016f je okolo 3,5 mm. St\u0159\u00edbro 925\/1000, celkov\u00e1 hmotnost 3,65 g. D\u00e9lka zap\u00edn\u00e1n\u00ed 1,9 cm. Celkov\u00e1 d\u00e9lka 7,3 cm.<\/p>\n","protected":false},"excerpt":{"rendered":"<p>Visac\u00ed n\u00e1u\u0161nice z rub\u00ednu se st\u0159\u00edbrn\u00fdmi komponenty ve tvaru srd\u00ed\u010dek. Velikost jednotliv\u00fdch rub\u00edn\u016f je okolo 3,5 mm. St\u0159\u00edbro 925\/1000, celkov\u00e1 hmotnost 3,65 g. D\u00e9lka zap\u00edn\u00e1n\u00ed 1,9 cm. Celkov\u00e1 d\u00e9lka 7,3 cm.<\/p>\n","protected":false},"featured_media":7888,"template":"","meta":{"_acf_changed":false,"_uag_custom_page_level_css":""},"product_brand":[],"product_cat":[56],"product_tag":[118,103,87],"class_list":{"0":"post-7759","1":"product","2":"type-product","3":"status-publish","4":"has-post-thumbnail","6":"product_cat-privesky-a-nausnice-stribro-925-1000","7":"product_tag-nausnice","8":"product_tag-rubin","9":"product_tag-stribro-925-1000","11":"first","12":"instock","13":"sold-individually","14":"taxable","15":"shipping-taxable","16":"purchasable","17":"product-type-simple"},"acf":[],"uagb_featured_image_src":{"full":["https:\/\/4c.top-me.eu\/wp-content\/uploads\/2022\/08\/IMG_9940-1-scaled.jpg",0,0,false],"thumbnail":["https:\/\/4c.top-me.eu\/wp-content\/uploads\/2022\/08\/IMG_9940-1-scaled.jpg",1,1,false],"medium":["https:\/\/4c.top-me.eu\/wp-content\/uploads\/2022\/08\/IMG_9940-1-scaled.jpg",1,1,false],"medium_large":["https:\/\/4c.top-me.eu\/wp-content\/uploads\/2022\/08\/IMG_9940-1-scaled.jpg",1,1,false],"large":["https:\/\/4c.top-me.eu\/wp-content\/uploads\/2022\/08\/IMG_9940-1-scaled.jpg",1,1,false],"1536x1536":["https:\/\/4c.top-me.eu\/wp-content\/uploads\/2022\/08\/IMG_9940-1-scaled.jpg",1,1,false],"2048x2048":["https:\/\/4c.top-me.eu\/wp-content\/uploads\/2022\/08\/IMG_9940-1-scaled.jpg",1,1,false],"archive-list":["https:\/\/4c.top-me.eu\/wp-content\/uploads\/2022\/08\/IMG_9940-1-scaled.jpg",1,1,false],"archive-list-2":["https:\/\/4c.top-me.eu\/wp-content\/uploads\/2022\/08\/IMG_9940-1-scaled.jpg",1,1,false],"woocommerce_thumbnail":["https:\/\/4c.top-me.eu\/wp-content\/uploads\/2022\/08\/IMG_9940-1-scaled.jpg",1,1,false],"woocommerce_single":["https:\/\/4c.top-me.eu\/wp-content\/uploads\/2022\/08\/IMG_9940-1-scaled.jpg",1,1,false],"woocommerce_gallery_thumbnail":["https:\/\/4c.top-me.eu\/wp-content\/uploads\/2022\/08\/IMG_9940-1-scaled.jpg",1,1,false]},"uagb_author_info":{"display_name":"accordeonMaster","author_link":"https:\/\/4c.top-me.eu\/en\/author\/"},"uagb_comment_info":0,"uagb_excerpt":"Visac\u00ed n\u00e1u\u0161nice z rub\u00ednu se st\u0159\u00edbrn\u00fdmi komponenty ve tvaru srd\u00ed\u010dek. Velikost jednotliv\u00fdch rub\u00edn\u016f je okolo 3,5 mm. St\u0159\u00edbro 925\/1000, celkov\u00e1 hmotnost 3,65 g. D\u00e9lka zap\u00edn\u00e1n\u00ed 1,9 cm. Celkov\u00e1 d\u00e9lka 7,3 cm.","_links":{"self":[{"href":"https:\/\/4c.top-me.eu\/en\/wp-json\/wp\/v2\/product\/7759","targetHints":{"allow":["GET"]}}],"collection":[{"href":"https:\/\/4c.top-me.eu\/en\/wp-json\/wp\/v2\/product"}],"about":[{"href":"https:\/\/4c.top-me.eu\/en\/wp-json\/wp\/v2\/types\/product"}],"wp:featuredmedia":[{"embeddable":true,"href":"https:\/\/4c.top-me.eu\/en\/wp-json\/wp\/v2\/media\/7888"}],"wp:attachment":[{"href":"https:\/\/4c.top-me.eu\/en\/wp-json\/wp\/v2\/media?parent=7759"}],"wp:term":[{"taxonomy":"product_brand","embeddable":true,"href":"https:\/\/4c.top-me.eu\/en\/wp-json\/wp\/v2\/product_brand?post=7759"},{"taxonomy":"product_cat","embeddable":true,"href":"https:\/\/4c.top-me.eu\/en\/wp-json\/wp\/v2\/product_cat?post=7759"},{"taxonomy":"product_tag","embeddable":true,"href":"https:\/\/4c.top-me.eu\/en\/wp-json\/wp\/v2\/product_tag?post=7759"}],"curies":[{"name":"wp","href":"https:\/\/api.w.org\/{rel}","templated":true}]}}