{"id":7735,"date":"2022-08-18T13:41:01","date_gmt":"2022-08-18T13:41:01","guid":{"rendered":"https:\/\/fvgear.com\/?post_type=product&#038;p=7735"},"modified":"2022-08-18T16:43:56","modified_gmt":"2022-08-18T16:43:56","slug":"nahrdelnik-rubin-safir-smaragd","status":"publish","type":"product","link":"https:\/\/4c.top-me.eu\/en\/product\/nahrdelnik-rubin-safir-smaragd\/","title":{"rendered":"N\u00e1hrdeln\u00edk rub\u00edn, saf\u00edr, smaragd"},"content":{"rendered":"<div class=\"et_pb_column et_pb_column_3_8 et_pb_column_inner et_pb_column_inner_4_tb_body et-last-child\">\n<div class=\"et_pb_module et_pb_wc_description et_pb_wc_description_1_tb_body et_pb_bg_layout_light et_pb_text_align_left\">\n<div class=\"et_pb_module_inner\">\n<p>N\u00e1dhern\u00fd a honosn\u00fd n\u00e1hrdeln\u00edk slo\u017een\u00fd z p\u011bti \u0161\u0148\u016fr brou\u0161en\u00e9ho rub\u00ednu, saf\u00edru a smaragdu s ozdobn\u00fdmi st\u0159\u00edbrn\u00fdmi komponenty a se st\u0159\u00edbrn\u00fdm zap\u00edn\u00e1n\u00edm na klasickou karabinku v zadn\u00ed \u010d\u00e1sti. K n\u00e1hrdeln\u00edku je mo\u017en\u00e9 zakoupit i <a href=\"https:\/\/4c.top-me.eu\/produkt\/nausnice-rubin\/\">rub\u00ednov\u00e9 visac\u00ed n\u00e1u\u0161nice v podobn\u00e9m stylu.<\/a><\/p>\n<p>Celkov\u00e1 d\u00e9lka n\u00e1hrdeln\u00edku je 54,5 cm. D\u00e9lky jednotliv\u00fdch \u0161\u0148\u016fr s miner\u00e1ly jsou odstup\u0148ovan\u00e9 od nejkrat\u0161\u00ed (41,3 cm) a\u017e po nejdel\u0161\u00ed (46 cm). Velikost jednotliv\u00fdch drahokam\u016f je okolo 3 mm a\u017e 4 mm. D\u00e9lka samotn\u00e9ho zap\u00edn\u00e1n\u00ed je 2,5 cm. St\u0159\u00edbro Ag 925\/1000. Celkov\u00e1 hmotnost je 65,86 g.<\/p>\n<\/div>\n<\/div>\n<\/div>\n","protected":false},"excerpt":{"rendered":"<p>N\u00e1dhern\u00fd a honosn\u00fd n\u00e1hrdeln\u00edk slo\u017een\u00fd z p\u011bti \u0161\u0148\u016fr brou\u0161en\u00e9ho rub\u00ednu, saf\u00edru a smaragdu s ozdobn\u00fdmi st\u0159\u00edbrn\u00fdmi komponenty a se st\u0159\u00edbrn\u00fdm zap\u00edn\u00e1n\u00edm na klasickou karabinku v zadn\u00ed \u010d\u00e1sti. K n\u00e1hrdeln\u00edku je mo\u017en\u00e9 zakoupit i rub\u00ednov\u00e9 visac\u00ed n\u00e1u\u0161nice v podobn\u00e9m stylu. Celkov\u00e1 d\u00e9lka n\u00e1hrdeln\u00edku je 54,5 cm. D\u00e9lky jednotliv\u00fdch \u0161\u0148\u016fr s miner\u00e1ly jsou odstup\u0148ovan\u00e9 od nejkrat\u0161\u00ed (41,3<\/p>\n","protected":false},"featured_media":7868,"template":"","meta":{"_acf_changed":false,"_uag_custom_page_level_css":""},"product_brand":[],"product_cat":[31],"product_tag":[33,103,99,104,87],"class_list":{"0":"post-7735","1":"product","2":"type-product","3":"status-publish","4":"has-post-thumbnail","6":"product_cat-nahrdelniky-s-prirodnimi-kameny-stribro-925-1000","7":"product_tag-nahrdelnik","8":"product_tag-rubin","9":"product_tag-safir","10":"product_tag-smaragd","11":"product_tag-stribro-925-1000","13":"first","14":"instock","15":"sold-individually","16":"taxable","17":"shipping-taxable","18":"purchasable","19":"product-type-simple"},"acf":[],"uagb_featured_image_src":{"full":["https:\/\/4c.top-me.eu\/wp-content\/uploads\/2022\/08\/IMG_9914-1-scaled.jpg",0,0,false],"thumbnail":["https:\/\/4c.top-me.eu\/wp-content\/uploads\/2022\/08\/IMG_9914-1-scaled.jpg",1,1,false],"medium":["https:\/\/4c.top-me.eu\/wp-content\/uploads\/2022\/08\/IMG_9914-1-scaled.jpg",1,1,false],"medium_large":["https:\/\/4c.top-me.eu\/wp-content\/uploads\/2022\/08\/IMG_9914-1-scaled.jpg",1,1,false],"large":["https:\/\/4c.top-me.eu\/wp-content\/uploads\/2022\/08\/IMG_9914-1-scaled.jpg",1,1,false],"1536x1536":["https:\/\/4c.top-me.eu\/wp-content\/uploads\/2022\/08\/IMG_9914-1-scaled.jpg",1,1,false],"2048x2048":["https:\/\/4c.top-me.eu\/wp-content\/uploads\/2022\/08\/IMG_9914-1-scaled.jpg",1,1,false],"archive-list":["https:\/\/4c.top-me.eu\/wp-content\/uploads\/2022\/08\/IMG_9914-1-scaled.jpg",1,1,false],"archive-list-2":["https:\/\/4c.top-me.eu\/wp-content\/uploads\/2022\/08\/IMG_9914-1-scaled.jpg",1,1,false],"woocommerce_thumbnail":["https:\/\/4c.top-me.eu\/wp-content\/uploads\/2022\/08\/IMG_9914-1-scaled.jpg",1,1,false],"woocommerce_single":["https:\/\/4c.top-me.eu\/wp-content\/uploads\/2022\/08\/IMG_9914-1-scaled.jpg",1,1,false],"woocommerce_gallery_thumbnail":["https:\/\/4c.top-me.eu\/wp-content\/uploads\/2022\/08\/IMG_9914-1-scaled.jpg",1,1,false]},"uagb_author_info":{"display_name":"accordeonMaster","author_link":"https:\/\/4c.top-me.eu\/en\/author\/"},"uagb_comment_info":0,"uagb_excerpt":"N\u00e1dhern\u00fd a honosn\u00fd n\u00e1hrdeln\u00edk slo\u017een\u00fd z p\u011bti \u0161\u0148\u016fr brou\u0161en\u00e9ho rub\u00ednu, saf\u00edru a smaragdu s ozdobn\u00fdmi st\u0159\u00edbrn\u00fdmi komponenty a se st\u0159\u00edbrn\u00fdm zap\u00edn\u00e1n\u00edm na klasickou karabinku v zadn\u00ed \u010d\u00e1sti. K n\u00e1hrdeln\u00edku je mo\u017en\u00e9 zakoupit i rub\u00ednov\u00e9 visac\u00ed n\u00e1u\u0161nice v podobn\u00e9m stylu. Celkov\u00e1 d\u00e9lka n\u00e1hrdeln\u00edku je 54,5 cm. D\u00e9lky jednotliv\u00fdch \u0161\u0148\u016fr s miner\u00e1ly jsou odstup\u0148ovan\u00e9 od nejkrat\u0161\u00ed (41,3","_links":{"self":[{"href":"https:\/\/4c.top-me.eu\/en\/wp-json\/wp\/v2\/product\/7735","targetHints":{"allow":["GET"]}}],"collection":[{"href":"https:\/\/4c.top-me.eu\/en\/wp-json\/wp\/v2\/product"}],"about":[{"href":"https:\/\/4c.top-me.eu\/en\/wp-json\/wp\/v2\/types\/product"}],"wp:featuredmedia":[{"embeddable":true,"href":"https:\/\/4c.top-me.eu\/en\/wp-json\/wp\/v2\/media\/7868"}],"wp:attachment":[{"href":"https:\/\/4c.top-me.eu\/en\/wp-json\/wp\/v2\/media?parent=7735"}],"wp:term":[{"taxonomy":"product_brand","embeddable":true,"href":"https:\/\/4c.top-me.eu\/en\/wp-json\/wp\/v2\/product_brand?post=7735"},{"taxonomy":"product_cat","embeddable":true,"href":"https:\/\/4c.top-me.eu\/en\/wp-json\/wp\/v2\/product_cat?post=7735"},{"taxonomy":"product_tag","embeddable":true,"href":"https:\/\/4c.top-me.eu\/en\/wp-json\/wp\/v2\/product_tag?post=7735"}],"curies":[{"name":"wp","href":"https:\/\/api.w.org\/{rel}","templated":true}]}}