{"id":7702,"date":"2022-08-15T12:35:28","date_gmt":"2022-08-15T12:35:28","guid":{"rendered":"https:\/\/fvgear.com\/?post_type=product&#038;p=7702"},"modified":"2022-08-23T12:59:57","modified_gmt":"2022-08-23T12:59:57","slug":"nahrdelnik-leskly-cerny-diamant","status":"publish","type":"product","link":"https:\/\/4c.top-me.eu\/en\/product\/nahrdelnik-leskly-cerny-diamant\/","title":{"rendered":"N\u00e1hrdeln\u00edk leskl\u00fd \u010dern\u00fd diamant"},"content":{"rendered":"<div class=\"et_pb_column et_pb_column_3_8 et_pb_column_inner et_pb_column_inner_4_tb_body et-last-child\">\n<div class=\"et_pb_module et_pb_wc_description et_pb_wc_description_1_tb_body et_pb_bg_layout_light et_pb_text_align_left\">\n<div class=\"et_pb_module_inner\">\n<div class=\"et_pb_column et_pb_column_3_8 et_pb_column_inner et_pb_column_inner_4_tb_body et-last-child\">\n<div class=\"et_pb_module et_pb_wc_description et_pb_wc_description_1_tb_body et_pb_bg_layout_light et_pb_text_align_left\">\n<div class=\"et_pb_module_inner\">\n<p>N\u00e1dhern\u00fd a jedine\u010dn\u00fd n\u00e1hrdeln\u00edk z \u010dern\u00fdch, vysoce kvalitn\u00edch, z\u00e1\u0159iv\u011b leskl\u00fdch diamant\u016f vybrou\u0161en\u00fdch do tvaru drobn\u00fdch kosti\u010dek. Kosti\u010dky jsou vystup\u0148ovan\u00e9, od t\u011bch nejdrobn\u011bj\u0161\u00edch u zap\u00edn\u00e1n\u00ed k t\u011bm nejv\u011bt\u0161\u00edm v p\u0159edn\u00ed \u010d\u00e1sti n\u00e1hrdeln\u00edku.<\/p>\n<p>D\u00e9lka n\u00e1hrdeln\u00edku je 40,5 cm. Velikost diamantov\u00fdch kosti\u010dek je 1,5 mm a\u017e 2 mm. Zap\u00edn\u00e1n\u00ed st\u0159\u00edbro Ag 925\/1000, d\u00e9lka zap\u00edn\u00e1n\u00ed 1,8 cm. Celkov\u00e1 hmotnost je 2,66 g.<\/p>\n<\/div>\n<\/div>\n<\/div>\n<\/div>\n<\/div>\n<\/div>\n","protected":false},"excerpt":{"rendered":"<p>N\u00e1dhern\u00fd a jedine\u010dn\u00fd n\u00e1hrdeln\u00edk z \u010dern\u00fdch, vysoce kvalitn\u00edch, z\u00e1\u0159iv\u011b leskl\u00fdch diamant\u016f vybrou\u0161en\u00fdch do tvaru drobn\u00fdch kosti\u010dek. Kosti\u010dky jsou vystup\u0148ovan\u00e9, od t\u011bch nejdrobn\u011bj\u0161\u00edch u zap\u00edn\u00e1n\u00ed k t\u011bm nejv\u011bt\u0161\u00edm v p\u0159edn\u00ed \u010d\u00e1sti n\u00e1hrdeln\u00edku. D\u00e9lka n\u00e1hrdeln\u00edku je 40,5 cm. Velikost diamantov\u00fdch kosti\u010dek je 1,5 mm a\u017e 2 mm. Zap\u00edn\u00e1n\u00ed st\u0159\u00edbro Ag 925\/1000, d\u00e9lka zap\u00edn\u00e1n\u00ed 1,8 cm. Celkov\u00e1 hmotnost<\/p>\n","protected":false},"featured_media":7933,"template":"","meta":{"_acf_changed":false,"_uag_custom_page_level_css":""},"product_brand":[],"product_cat":[31],"product_tag":[119,33,87],"class_list":{"0":"post-7702","1":"product","2":"type-product","3":"status-publish","4":"has-post-thumbnail","6":"product_cat-nahrdelniky-s-prirodnimi-kameny-stribro-925-1000","7":"product_tag-diamant","8":"product_tag-nahrdelnik","9":"product_tag-stribro-925-1000","11":"first","12":"instock","13":"sold-individually","14":"taxable","15":"shipping-taxable","16":"purchasable","17":"product-type-simple"},"acf":[],"uagb_featured_image_src":{"full":["https:\/\/4c.top-me.eu\/wp-content\/uploads\/2022\/08\/IMG_0040-2-scaled.jpg",0,0,false],"thumbnail":["https:\/\/4c.top-me.eu\/wp-content\/uploads\/2022\/08\/IMG_0040-2-scaled.jpg",1,1,false],"medium":["https:\/\/4c.top-me.eu\/wp-content\/uploads\/2022\/08\/IMG_0040-2-scaled.jpg",1,1,false],"medium_large":["https:\/\/4c.top-me.eu\/wp-content\/uploads\/2022\/08\/IMG_0040-2-scaled.jpg",1,1,false],"large":["https:\/\/4c.top-me.eu\/wp-content\/uploads\/2022\/08\/IMG_0040-2-scaled.jpg",1,1,false],"1536x1536":["https:\/\/4c.top-me.eu\/wp-content\/uploads\/2022\/08\/IMG_0040-2-scaled.jpg",1,1,false],"2048x2048":["https:\/\/4c.top-me.eu\/wp-content\/uploads\/2022\/08\/IMG_0040-2-scaled.jpg",1,1,false],"archive-list":["https:\/\/4c.top-me.eu\/wp-content\/uploads\/2022\/08\/IMG_0040-2-scaled.jpg",1,1,false],"archive-list-2":["https:\/\/4c.top-me.eu\/wp-content\/uploads\/2022\/08\/IMG_0040-2-scaled.jpg",1,1,false],"woocommerce_thumbnail":["https:\/\/4c.top-me.eu\/wp-content\/uploads\/2022\/08\/IMG_0040-2-scaled.jpg",1,1,false],"woocommerce_single":["https:\/\/4c.top-me.eu\/wp-content\/uploads\/2022\/08\/IMG_0040-2-scaled.jpg",1,1,false],"woocommerce_gallery_thumbnail":["https:\/\/4c.top-me.eu\/wp-content\/uploads\/2022\/08\/IMG_0040-2-scaled.jpg",1,1,false]},"uagb_author_info":{"display_name":"accordeonMaster","author_link":"https:\/\/4c.top-me.eu\/en\/author\/"},"uagb_comment_info":0,"uagb_excerpt":"N\u00e1dhern\u00fd a jedine\u010dn\u00fd n\u00e1hrdeln\u00edk z \u010dern\u00fdch, vysoce kvalitn\u00edch, z\u00e1\u0159iv\u011b leskl\u00fdch diamant\u016f vybrou\u0161en\u00fdch do tvaru drobn\u00fdch kosti\u010dek. Kosti\u010dky jsou vystup\u0148ovan\u00e9, od t\u011bch nejdrobn\u011bj\u0161\u00edch u zap\u00edn\u00e1n\u00ed k t\u011bm nejv\u011bt\u0161\u00edm v p\u0159edn\u00ed \u010d\u00e1sti n\u00e1hrdeln\u00edku. D\u00e9lka n\u00e1hrdeln\u00edku je 40,5 cm. Velikost diamantov\u00fdch kosti\u010dek je 1,5 mm a\u017e 2 mm. Zap\u00edn\u00e1n\u00ed st\u0159\u00edbro Ag 925\/1000, d\u00e9lka zap\u00edn\u00e1n\u00ed 1,8 cm. Celkov\u00e1 hmotnost","_links":{"self":[{"href":"https:\/\/4c.top-me.eu\/en\/wp-json\/wp\/v2\/product\/7702","targetHints":{"allow":["GET"]}}],"collection":[{"href":"https:\/\/4c.top-me.eu\/en\/wp-json\/wp\/v2\/product"}],"about":[{"href":"https:\/\/4c.top-me.eu\/en\/wp-json\/wp\/v2\/types\/product"}],"wp:featuredmedia":[{"embeddable":true,"href":"https:\/\/4c.top-me.eu\/en\/wp-json\/wp\/v2\/media\/7933"}],"wp:attachment":[{"href":"https:\/\/4c.top-me.eu\/en\/wp-json\/wp\/v2\/media?parent=7702"}],"wp:term":[{"taxonomy":"product_brand","embeddable":true,"href":"https:\/\/4c.top-me.eu\/en\/wp-json\/wp\/v2\/product_brand?post=7702"},{"taxonomy":"product_cat","embeddable":true,"href":"https:\/\/4c.top-me.eu\/en\/wp-json\/wp\/v2\/product_cat?post=7702"},{"taxonomy":"product_tag","embeddable":true,"href":"https:\/\/4c.top-me.eu\/en\/wp-json\/wp\/v2\/product_tag?post=7702"}],"curies":[{"name":"wp","href":"https:\/\/api.w.org\/{rel}","templated":true}]}}