{"id":7457,"date":"2022-02-24T13:03:53","date_gmt":"2022-02-24T13:03:53","guid":{"rendered":"https:\/\/fvgear.com\/?post_type=product&#038;p=7457"},"modified":"2022-02-24T14:11:34","modified_gmt":"2022-02-24T14:11:34","slug":"dumortierite","status":"publish","type":"product","link":"https:\/\/4c.top-me.eu\/en\/product\/dumortierite\/","title":{"rendered":"Dumortierit"},"content":{"rendered":"<p>Velk\u00fd le\u0161t\u011bn\u00fd vzorek vz\u00e1cn\u00e9ho dumortieritu &#8211; vz\u00e1cn\u00e9ho vl\u00e1knit\u00e9ho miner\u00e1lu s intenzivn\u00ed tmav\u011b modrou barvou.<\/p>\n","protected":false},"excerpt":{"rendered":"<p>Velk\u00fd le\u0161t\u011bn\u00fd vzorek vz\u00e1cn\u00e9ho dumortieritu &#8211; vz\u00e1cn\u00e9ho vl\u00e1knit\u00e9ho miner\u00e1lu s intenzivn\u00ed tmav\u011b modrou barvou.<\/p>\n","protected":false},"featured_media":7458,"template":"","meta":{"_acf_changed":false,"_uag_custom_page_level_css":""},"product_brand":[],"product_cat":[28],"product_tag":[252,44],"class_list":{"0":"post-7457","1":"product","2":"type-product","3":"status-publish","4":"has-post-thumbnail","6":"product_cat-kameny","7":"product_tag-dumortierit","8":"product_tag-freeform","10":"first","11":"instock","12":"sold-individually","13":"taxable","14":"shipping-taxable","15":"purchasable","16":"product-type-simple"},"acf":[],"uagb_featured_image_src":{"full":["https:\/\/4c.top-me.eu\/wp-content\/uploads\/2022\/02\/IMG_6718.jpg",0,0,false],"thumbnail":["https:\/\/4c.top-me.eu\/wp-content\/uploads\/2022\/02\/IMG_6718.jpg",1,1,false],"medium":["https:\/\/4c.top-me.eu\/wp-content\/uploads\/2022\/02\/IMG_6718.jpg",1,1,false],"medium_large":["https:\/\/4c.top-me.eu\/wp-content\/uploads\/2022\/02\/IMG_6718.jpg",1,1,false],"large":["https:\/\/4c.top-me.eu\/wp-content\/uploads\/2022\/02\/IMG_6718.jpg",1,1,false],"1536x1536":["https:\/\/4c.top-me.eu\/wp-content\/uploads\/2022\/02\/IMG_6718.jpg",1,1,false],"2048x2048":["https:\/\/4c.top-me.eu\/wp-content\/uploads\/2022\/02\/IMG_6718.jpg",1,1,false],"archive-list":["https:\/\/4c.top-me.eu\/wp-content\/uploads\/2022\/02\/IMG_6718.jpg",1,1,false],"archive-list-2":["https:\/\/4c.top-me.eu\/wp-content\/uploads\/2022\/02\/IMG_6718.jpg",1,1,false],"woocommerce_thumbnail":["https:\/\/4c.top-me.eu\/wp-content\/uploads\/2022\/02\/IMG_6718.jpg",1,1,false],"woocommerce_single":["https:\/\/4c.top-me.eu\/wp-content\/uploads\/2022\/02\/IMG_6718.jpg",1,1,false],"woocommerce_gallery_thumbnail":["https:\/\/4c.top-me.eu\/wp-content\/uploads\/2022\/02\/IMG_6718.jpg",1,1,false]},"uagb_author_info":{"display_name":"accordeonMaster","author_link":"https:\/\/4c.top-me.eu\/en\/author\/"},"uagb_comment_info":0,"uagb_excerpt":"Velk\u00fd le\u0161t\u011bn\u00fd vzorek vz\u00e1cn\u00e9ho dumortieritu &#8211; vz\u00e1cn\u00e9ho vl\u00e1knit\u00e9ho miner\u00e1lu s intenzivn\u00ed tmav\u011b modrou barvou.","_links":{"self":[{"href":"https:\/\/4c.top-me.eu\/en\/wp-json\/wp\/v2\/product\/7457","targetHints":{"allow":["GET"]}}],"collection":[{"href":"https:\/\/4c.top-me.eu\/en\/wp-json\/wp\/v2\/product"}],"about":[{"href":"https:\/\/4c.top-me.eu\/en\/wp-json\/wp\/v2\/types\/product"}],"wp:featuredmedia":[{"embeddable":true,"href":"https:\/\/4c.top-me.eu\/en\/wp-json\/wp\/v2\/media\/7458"}],"wp:attachment":[{"href":"https:\/\/4c.top-me.eu\/en\/wp-json\/wp\/v2\/media?parent=7457"}],"wp:term":[{"taxonomy":"product_brand","embeddable":true,"href":"https:\/\/4c.top-me.eu\/en\/wp-json\/wp\/v2\/product_brand?post=7457"},{"taxonomy":"product_cat","embeddable":true,"href":"https:\/\/4c.top-me.eu\/en\/wp-json\/wp\/v2\/product_cat?post=7457"},{"taxonomy":"product_tag","embeddable":true,"href":"https:\/\/4c.top-me.eu\/en\/wp-json\/wp\/v2\/product_tag?post=7457"}],"curies":[{"name":"wp","href":"https:\/\/api.w.org\/{rel}","templated":true}]}}