{"id":7397,"date":"2022-01-19T12:55:29","date_gmt":"2022-01-19T12:55:29","guid":{"rendered":"https:\/\/fvgear.com\/?post_type=product&#038;p=7397"},"modified":"2022-01-19T13:01:47","modified_gmt":"2022-01-19T13:01:47","slug":"kristalova-koule-10-cm","status":"publish","type":"product","link":"https:\/\/4c.top-me.eu\/en\/product\/kristalova-koule-10-cm\/","title":{"rendered":"K\u0159i\u0161\u0165\u00e1lov\u00e1 koule 10 cm"},"content":{"rendered":"<p>Deset centimetr\u016f velk\u00e1 koule vy\u0159ezan\u00e1 z p\u0159\u00edrodn\u00edho k\u0159i\u0161\u0165\u00e1lu. Na prasklink\u00e1ch uvnit\u0159 koule lze m\u00edsty sledovat duhov\u00e9 odlesky.<\/p>\n","protected":false},"excerpt":{"rendered":"<p>Deset centimetr\u016f velk\u00e1 koule vy\u0159ezan\u00e1 z p\u0159\u00edrodn\u00edho k\u0159i\u0161\u0165\u00e1lu. Na prasklink\u00e1ch uvnit\u0159 koule lze m\u00edsty sledovat duhov\u00e9 odlesky.<\/p>\n","protected":false},"featured_media":7402,"template":"","meta":{"_acf_changed":false,"_uag_custom_page_level_css":""},"product_brand":[],"product_cat":[41],"product_tag":[89,95],"class_list":{"0":"post-7397","1":"product","2":"type-product","3":"status-publish","4":"has-post-thumbnail","6":"product_cat-luxusni-dekorace","7":"product_tag-koule","8":"product_tag-kristal","10":"first","11":"instock","12":"sold-individually","13":"taxable","14":"shipping-taxable","15":"purchasable","16":"product-type-simple"},"acf":[],"uagb_featured_image_src":{"full":["https:\/\/4c.top-me.eu\/wp-content\/uploads\/2022\/01\/IMG_5322.jpg",0,0,false],"thumbnail":["https:\/\/4c.top-me.eu\/wp-content\/uploads\/2022\/01\/IMG_5322.jpg",1,1,false],"medium":["https:\/\/4c.top-me.eu\/wp-content\/uploads\/2022\/01\/IMG_5322.jpg",1,1,false],"medium_large":["https:\/\/4c.top-me.eu\/wp-content\/uploads\/2022\/01\/IMG_5322.jpg",1,1,false],"large":["https:\/\/4c.top-me.eu\/wp-content\/uploads\/2022\/01\/IMG_5322.jpg",1,1,false],"1536x1536":["https:\/\/4c.top-me.eu\/wp-content\/uploads\/2022\/01\/IMG_5322.jpg",1,1,false],"2048x2048":["https:\/\/4c.top-me.eu\/wp-content\/uploads\/2022\/01\/IMG_5322.jpg",1,1,false],"archive-list":["https:\/\/4c.top-me.eu\/wp-content\/uploads\/2022\/01\/IMG_5322.jpg",1,1,false],"archive-list-2":["https:\/\/4c.top-me.eu\/wp-content\/uploads\/2022\/01\/IMG_5322.jpg",1,1,false],"woocommerce_thumbnail":["https:\/\/4c.top-me.eu\/wp-content\/uploads\/2022\/01\/IMG_5322.jpg",1,1,false],"woocommerce_single":["https:\/\/4c.top-me.eu\/wp-content\/uploads\/2022\/01\/IMG_5322.jpg",1,1,false],"woocommerce_gallery_thumbnail":["https:\/\/4c.top-me.eu\/wp-content\/uploads\/2022\/01\/IMG_5322.jpg",1,1,false]},"uagb_author_info":{"display_name":"accordeonMaster","author_link":"https:\/\/4c.top-me.eu\/en\/author\/"},"uagb_comment_info":0,"uagb_excerpt":"Deset centimetr\u016f velk\u00e1 koule vy\u0159ezan\u00e1 z p\u0159\u00edrodn\u00edho k\u0159i\u0161\u0165\u00e1lu. Na prasklink\u00e1ch uvnit\u0159 koule lze m\u00edsty sledovat duhov\u00e9 odlesky.","_links":{"self":[{"href":"https:\/\/4c.top-me.eu\/en\/wp-json\/wp\/v2\/product\/7397","targetHints":{"allow":["GET"]}}],"collection":[{"href":"https:\/\/4c.top-me.eu\/en\/wp-json\/wp\/v2\/product"}],"about":[{"href":"https:\/\/4c.top-me.eu\/en\/wp-json\/wp\/v2\/types\/product"}],"wp:featuredmedia":[{"embeddable":true,"href":"https:\/\/4c.top-me.eu\/en\/wp-json\/wp\/v2\/media\/7402"}],"wp:attachment":[{"href":"https:\/\/4c.top-me.eu\/en\/wp-json\/wp\/v2\/media?parent=7397"}],"wp:term":[{"taxonomy":"product_brand","embeddable":true,"href":"https:\/\/4c.top-me.eu\/en\/wp-json\/wp\/v2\/product_brand?post=7397"},{"taxonomy":"product_cat","embeddable":true,"href":"https:\/\/4c.top-me.eu\/en\/wp-json\/wp\/v2\/product_cat?post=7397"},{"taxonomy":"product_tag","embeddable":true,"href":"https:\/\/4c.top-me.eu\/en\/wp-json\/wp\/v2\/product_tag?post=7397"}],"curies":[{"name":"wp","href":"https:\/\/api.w.org\/{rel}","templated":true}]}}