{"id":7307,"date":"2021-12-14T16:17:23","date_gmt":"2021-12-14T16:17:23","guid":{"rendered":"https:\/\/fvgear.com\/?post_type=product&#038;p=7307"},"modified":"2021-12-14T16:21:48","modified_gmt":"2021-12-14T16:21:48","slug":"malachitovy-slon-2","status":"publish","type":"product","link":"https:\/\/4c.top-me.eu\/en\/product\/malachitovy-slon-2\/","title":{"rendered":"Malachitov\u00fd slon"},"content":{"rendered":"<p>Velk\u00e1 estetick\u00e1 so\u0161ka slona zru\u010dn\u011b vy\u0159ezan\u00e1 z kon\u017esk\u00e9ho malachitu.<\/p>\n","protected":false},"excerpt":{"rendered":"<p>Velk\u00e1 estetick\u00e1 so\u0161ka slona zru\u010dn\u011b vy\u0159ezan\u00e1 z kon\u017esk\u00e9ho malachitu.<\/p>\n","protected":false},"featured_media":7308,"template":"","meta":{"_acf_changed":false,"_uag_custom_page_level_css":""},"product_brand":[],"product_cat":[27],"product_tag":[92,205,90],"class_list":{"0":"post-7307","1":"product","2":"type-product","3":"status-publish","4":"has-post-thumbnail","6":"product_cat-vyrobky-z-kamenu","7":"product_tag-malachit","8":"product_tag-slon","9":"product_tag-soska","11":"first","12":"instock","13":"sold-individually","14":"taxable","15":"shipping-taxable","16":"purchasable","17":"product-type-simple"},"acf":[],"uagb_featured_image_src":{"full":["https:\/\/4c.top-me.eu\/wp-content\/uploads\/2021\/12\/IMG_4746.jpg",0,0,false],"thumbnail":["https:\/\/4c.top-me.eu\/wp-content\/uploads\/2021\/12\/IMG_4746.jpg",1,1,false],"medium":["https:\/\/4c.top-me.eu\/wp-content\/uploads\/2021\/12\/IMG_4746.jpg",1,1,false],"medium_large":["https:\/\/4c.top-me.eu\/wp-content\/uploads\/2021\/12\/IMG_4746.jpg",1,1,false],"large":["https:\/\/4c.top-me.eu\/wp-content\/uploads\/2021\/12\/IMG_4746.jpg",1,1,false],"1536x1536":["https:\/\/4c.top-me.eu\/wp-content\/uploads\/2021\/12\/IMG_4746.jpg",1,1,false],"2048x2048":["https:\/\/4c.top-me.eu\/wp-content\/uploads\/2021\/12\/IMG_4746.jpg",1,1,false],"archive-list":["https:\/\/4c.top-me.eu\/wp-content\/uploads\/2021\/12\/IMG_4746.jpg",1,1,false],"archive-list-2":["https:\/\/4c.top-me.eu\/wp-content\/uploads\/2021\/12\/IMG_4746.jpg",1,1,false],"woocommerce_thumbnail":["https:\/\/4c.top-me.eu\/wp-content\/uploads\/2021\/12\/IMG_4746.jpg",1,1,false],"woocommerce_single":["https:\/\/4c.top-me.eu\/wp-content\/uploads\/2021\/12\/IMG_4746.jpg",1,1,false],"woocommerce_gallery_thumbnail":["https:\/\/4c.top-me.eu\/wp-content\/uploads\/2021\/12\/IMG_4746.jpg",1,1,false]},"uagb_author_info":{"display_name":"accordeonMaster","author_link":"https:\/\/4c.top-me.eu\/en\/author\/"},"uagb_comment_info":0,"uagb_excerpt":"Velk\u00e1 estetick\u00e1 so\u0161ka slona zru\u010dn\u011b vy\u0159ezan\u00e1 z kon\u017esk\u00e9ho malachitu.","_links":{"self":[{"href":"https:\/\/4c.top-me.eu\/en\/wp-json\/wp\/v2\/product\/7307","targetHints":{"allow":["GET"]}}],"collection":[{"href":"https:\/\/4c.top-me.eu\/en\/wp-json\/wp\/v2\/product"}],"about":[{"href":"https:\/\/4c.top-me.eu\/en\/wp-json\/wp\/v2\/types\/product"}],"wp:featuredmedia":[{"embeddable":true,"href":"https:\/\/4c.top-me.eu\/en\/wp-json\/wp\/v2\/media\/7308"}],"wp:attachment":[{"href":"https:\/\/4c.top-me.eu\/en\/wp-json\/wp\/v2\/media?parent=7307"}],"wp:term":[{"taxonomy":"product_brand","embeddable":true,"href":"https:\/\/4c.top-me.eu\/en\/wp-json\/wp\/v2\/product_brand?post=7307"},{"taxonomy":"product_cat","embeddable":true,"href":"https:\/\/4c.top-me.eu\/en\/wp-json\/wp\/v2\/product_cat?post=7307"},{"taxonomy":"product_tag","embeddable":true,"href":"https:\/\/4c.top-me.eu\/en\/wp-json\/wp\/v2\/product_tag?post=7307"}],"curies":[{"name":"wp","href":"https:\/\/api.w.org\/{rel}","templated":true}]}}