{"id":7214,"date":"2021-11-24T17:20:34","date_gmt":"2021-11-24T17:20:34","guid":{"rendered":"https:\/\/fvgear.com\/?post_type=product&#038;p=7214"},"modified":"2021-11-24T18:15:31","modified_gmt":"2021-11-24T18:15:31","slug":"privesek-topaz-3","status":"publish","type":"product","link":"https:\/\/4c.top-me.eu\/en\/product\/privesek-topaz-3\/","title":{"rendered":"P\u0159\u00edv\u011b\u0161ek topaz"},"content":{"rendered":"<p>P\u0159\u00edv\u011b\u0161ek z p\u0159\u00edrodn\u00edho krystalu topazu zlat\u00e9 barvy ozna\u010dovan\u00fd jako &#8220;imperial topaz&#8221;.<\/p>\n<p>Rozm\u011bry kamene 17 \u00d7 10 \u00d7 7 mm. St\u0159\u00edbro 925\/1000, celkov\u00e1 hmotnost 4,5 g.<\/p>\n","protected":false},"excerpt":{"rendered":"<p>P\u0159\u00edv\u011b\u0161ek z p\u0159\u00edrodn\u00edho krystalu topazu zlat\u00e9 barvy ozna\u010dovan\u00fd jako &#8220;imperial topaz&#8221;. Rozm\u011bry kamene 17 \u00d7 10 \u00d7 7 mm. St\u0159\u00edbro 925\/1000, celkov\u00e1 hmotnost 4,5 g.<\/p>\n","protected":false},"featured_media":7215,"template":"","meta":{"_acf_changed":false,"_uag_custom_page_level_css":""},"product_brand":[],"product_cat":[56],"product_tag":[117,87,116],"class_list":{"0":"post-7214","1":"product","2":"type-product","3":"status-publish","4":"has-post-thumbnail","6":"product_cat-privesky-a-nausnice-stribro-925-1000","7":"product_tag-privesek","8":"product_tag-stribro-925-1000","9":"product_tag-topaz","11":"first","12":"instock","13":"sold-individually","14":"taxable","15":"shipping-taxable","16":"purchasable","17":"product-type-simple"},"acf":[],"uagb_featured_image_src":{"full":["https:\/\/4c.top-me.eu\/wp-content\/uploads\/2021\/11\/Photo013-1.jpg",0,0,false],"thumbnail":["https:\/\/4c.top-me.eu\/wp-content\/uploads\/2021\/11\/Photo013-1.jpg",1,1,false],"medium":["https:\/\/4c.top-me.eu\/wp-content\/uploads\/2021\/11\/Photo013-1.jpg",1,1,false],"medium_large":["https:\/\/4c.top-me.eu\/wp-content\/uploads\/2021\/11\/Photo013-1.jpg",1,1,false],"large":["https:\/\/4c.top-me.eu\/wp-content\/uploads\/2021\/11\/Photo013-1.jpg",1,1,false],"1536x1536":["https:\/\/4c.top-me.eu\/wp-content\/uploads\/2021\/11\/Photo013-1.jpg",1,1,false],"2048x2048":["https:\/\/4c.top-me.eu\/wp-content\/uploads\/2021\/11\/Photo013-1.jpg",1,1,false],"archive-list":["https:\/\/4c.top-me.eu\/wp-content\/uploads\/2021\/11\/Photo013-1.jpg",1,1,false],"archive-list-2":["https:\/\/4c.top-me.eu\/wp-content\/uploads\/2021\/11\/Photo013-1.jpg",1,1,false],"woocommerce_thumbnail":["https:\/\/4c.top-me.eu\/wp-content\/uploads\/2021\/11\/Photo013-1.jpg",1,1,false],"woocommerce_single":["https:\/\/4c.top-me.eu\/wp-content\/uploads\/2021\/11\/Photo013-1.jpg",1,1,false],"woocommerce_gallery_thumbnail":["https:\/\/4c.top-me.eu\/wp-content\/uploads\/2021\/11\/Photo013-1.jpg",1,1,false]},"uagb_author_info":{"display_name":"accordeonMaster","author_link":"https:\/\/4c.top-me.eu\/en\/author\/"},"uagb_comment_info":0,"uagb_excerpt":"P\u0159\u00edv\u011b\u0161ek z p\u0159\u00edrodn\u00edho krystalu topazu zlat\u00e9 barvy ozna\u010dovan\u00fd jako &#8220;imperial topaz&#8221;. Rozm\u011bry kamene 17 \u00d7 10 \u00d7 7 mm. St\u0159\u00edbro 925\/1000, celkov\u00e1 hmotnost 4,5 g.","_links":{"self":[{"href":"https:\/\/4c.top-me.eu\/en\/wp-json\/wp\/v2\/product\/7214","targetHints":{"allow":["GET"]}}],"collection":[{"href":"https:\/\/4c.top-me.eu\/en\/wp-json\/wp\/v2\/product"}],"about":[{"href":"https:\/\/4c.top-me.eu\/en\/wp-json\/wp\/v2\/types\/product"}],"wp:featuredmedia":[{"embeddable":true,"href":"https:\/\/4c.top-me.eu\/en\/wp-json\/wp\/v2\/media\/7215"}],"wp:attachment":[{"href":"https:\/\/4c.top-me.eu\/en\/wp-json\/wp\/v2\/media?parent=7214"}],"wp:term":[{"taxonomy":"product_brand","embeddable":true,"href":"https:\/\/4c.top-me.eu\/en\/wp-json\/wp\/v2\/product_brand?post=7214"},{"taxonomy":"product_cat","embeddable":true,"href":"https:\/\/4c.top-me.eu\/en\/wp-json\/wp\/v2\/product_cat?post=7214"},{"taxonomy":"product_tag","embeddable":true,"href":"https:\/\/4c.top-me.eu\/en\/wp-json\/wp\/v2\/product_tag?post=7214"}],"curies":[{"name":"wp","href":"https:\/\/api.w.org\/{rel}","templated":true}]}}