{"id":7185,"date":"2021-11-24T15:54:13","date_gmt":"2021-11-24T15:54:13","guid":{"rendered":"https:\/\/fvgear.com\/?post_type=product&#038;p=7185"},"modified":"2021-11-24T15:54:13","modified_gmt":"2021-11-24T15:54:13","slug":"privesek-lapis-lazuli-3","status":"publish","type":"product","link":"https:\/\/4c.top-me.eu\/en\/product\/privesek-lapis-lazuli-3\/","title":{"rendered":"P\u0159\u00edv\u011b\u0161ek lapis lazuli"},"content":{"rendered":"<p>P\u0159\u00edv\u011b\u0161ek s intenzivn\u011b modr\u00fdm lapisem lazuli s vrostl\u00fdmi drobn\u00fdmi zlat\u00fdmi zrnky pyritu, kter\u00fd p\u0159ipom\u00edn\u00e1 no\u010dn\u00ed oblohu.<\/p>\n<p>Rozm\u011bry kamene 19 \u00d7 12 \u00d7 5 mm. St\u0159\u00edbro 925\/1000, celkov\u00e1 hmotnost 7,2 g.<\/p>\n","protected":false},"excerpt":{"rendered":"<p>P\u0159\u00edv\u011b\u0161ek s intenzivn\u011b modr\u00fdm lapisem lazuli s vrostl\u00fdmi drobn\u00fdmi zlat\u00fdmi zrnky pyritu, kter\u00fd p\u0159ipom\u00edn\u00e1 no\u010dn\u00ed oblohu. Rozm\u011bry kamene 19 \u00d7 12 \u00d7 5 mm. St\u0159\u00edbro 925\/1000, celkov\u00e1 hmotnost 7,2 g.<\/p>\n","protected":false},"featured_media":7186,"template":"","meta":{"_acf_changed":false,"_uag_custom_page_level_css":""},"product_brand":[],"product_cat":[56],"product_tag":[121,117,87],"class_list":{"0":"post-7185","1":"product","2":"type-product","3":"status-publish","4":"has-post-thumbnail","6":"product_cat-privesky-a-nausnice-stribro-925-1000","7":"product_tag-lapis-lazuli","8":"product_tag-privesek","9":"product_tag-stribro-925-1000","11":"first","12":"instock","13":"sold-individually","14":"taxable","15":"shipping-taxable","16":"purchasable","17":"product-type-simple"},"acf":[],"uagb_featured_image_src":{"full":["https:\/\/4c.top-me.eu\/wp-content\/uploads\/2021\/11\/Photo001-14.jpg",0,0,false],"thumbnail":["https:\/\/4c.top-me.eu\/wp-content\/uploads\/2021\/11\/Photo001-14.jpg",1,1,false],"medium":["https:\/\/4c.top-me.eu\/wp-content\/uploads\/2021\/11\/Photo001-14.jpg",1,1,false],"medium_large":["https:\/\/4c.top-me.eu\/wp-content\/uploads\/2021\/11\/Photo001-14.jpg",1,1,false],"large":["https:\/\/4c.top-me.eu\/wp-content\/uploads\/2021\/11\/Photo001-14.jpg",1,1,false],"1536x1536":["https:\/\/4c.top-me.eu\/wp-content\/uploads\/2021\/11\/Photo001-14.jpg",1,1,false],"2048x2048":["https:\/\/4c.top-me.eu\/wp-content\/uploads\/2021\/11\/Photo001-14.jpg",1,1,false],"archive-list":["https:\/\/4c.top-me.eu\/wp-content\/uploads\/2021\/11\/Photo001-14.jpg",1,1,false],"archive-list-2":["https:\/\/4c.top-me.eu\/wp-content\/uploads\/2021\/11\/Photo001-14.jpg",1,1,false],"woocommerce_thumbnail":["https:\/\/4c.top-me.eu\/wp-content\/uploads\/2021\/11\/Photo001-14.jpg",1,1,false],"woocommerce_single":["https:\/\/4c.top-me.eu\/wp-content\/uploads\/2021\/11\/Photo001-14.jpg",1,1,false],"woocommerce_gallery_thumbnail":["https:\/\/4c.top-me.eu\/wp-content\/uploads\/2021\/11\/Photo001-14.jpg",1,1,false]},"uagb_author_info":{"display_name":"accordeonMaster","author_link":"https:\/\/4c.top-me.eu\/en\/author\/"},"uagb_comment_info":0,"uagb_excerpt":"P\u0159\u00edv\u011b\u0161ek s intenzivn\u011b modr\u00fdm lapisem lazuli s vrostl\u00fdmi drobn\u00fdmi zlat\u00fdmi zrnky pyritu, kter\u00fd p\u0159ipom\u00edn\u00e1 no\u010dn\u00ed oblohu. Rozm\u011bry kamene 19 \u00d7 12 \u00d7 5 mm. St\u0159\u00edbro 925\/1000, celkov\u00e1 hmotnost 7,2 g.","_links":{"self":[{"href":"https:\/\/4c.top-me.eu\/en\/wp-json\/wp\/v2\/product\/7185","targetHints":{"allow":["GET"]}}],"collection":[{"href":"https:\/\/4c.top-me.eu\/en\/wp-json\/wp\/v2\/product"}],"about":[{"href":"https:\/\/4c.top-me.eu\/en\/wp-json\/wp\/v2\/types\/product"}],"wp:featuredmedia":[{"embeddable":true,"href":"https:\/\/4c.top-me.eu\/en\/wp-json\/wp\/v2\/media\/7186"}],"wp:attachment":[{"href":"https:\/\/4c.top-me.eu\/en\/wp-json\/wp\/v2\/media?parent=7185"}],"wp:term":[{"taxonomy":"product_brand","embeddable":true,"href":"https:\/\/4c.top-me.eu\/en\/wp-json\/wp\/v2\/product_brand?post=7185"},{"taxonomy":"product_cat","embeddable":true,"href":"https:\/\/4c.top-me.eu\/en\/wp-json\/wp\/v2\/product_cat?post=7185"},{"taxonomy":"product_tag","embeddable":true,"href":"https:\/\/4c.top-me.eu\/en\/wp-json\/wp\/v2\/product_tag?post=7185"}],"curies":[{"name":"wp","href":"https:\/\/api.w.org\/{rel}","templated":true}]}}