{"id":7139,"date":"2021-11-24T09:26:08","date_gmt":"2021-11-24T09:26:08","guid":{"rendered":"https:\/\/fvgear.com\/?post_type=product&#038;p=7139"},"modified":"2021-11-24T09:26:09","modified_gmt":"2021-11-24T09:26:09","slug":"privesek-turmalin-6","status":"publish","type":"product","link":"https:\/\/4c.top-me.eu\/en\/product\/privesek-turmalin-6\/","title":{"rendered":"P\u0159\u00edv\u011b\u0161ek turmal\u00edn"},"content":{"rendered":"<p>P\u0159\u00edv\u011b\u0161ek s n\u00e1dhern\u011b \u010derven\u00fdm, \u010dist\u00fdm, bohat\u011b fasetovan\u00fdm \u010derven\u00fdm turmal\u00ednem (rubelitem).<\/p>\n<p>Rozm\u011bry kamene 11 \u00d7 10 \u00d7 6 mm. St\u0159\u00edbro 925\/1000, celkov\u00e1 hmotnost 3,1 g.<\/p>\n","protected":false},"excerpt":{"rendered":"<p>P\u0159\u00edv\u011b\u0161ek s n\u00e1dhern\u011b \u010derven\u00fdm, \u010dist\u00fdm, bohat\u011b fasetovan\u00fdm \u010derven\u00fdm turmal\u00ednem (rubelitem). Rozm\u011bry kamene 11 \u00d7 10 \u00d7 6 mm. St\u0159\u00edbro 925\/1000, celkov\u00e1 hmotnost 3,1 g.<\/p>\n","protected":false},"featured_media":7140,"template":"","meta":{"_acf_changed":false,"_uag_custom_page_level_css":""},"product_brand":[],"product_cat":[56],"product_tag":[117,98,87,97],"class_list":{"0":"post-7139","1":"product","2":"type-product","3":"status-publish","4":"has-post-thumbnail","6":"product_cat-privesky-a-nausnice-stribro-925-1000","7":"product_tag-privesek","8":"product_tag-rubelit","9":"product_tag-stribro-925-1000","10":"product_tag-turmalin","12":"first","13":"instock","14":"sold-individually","15":"taxable","16":"shipping-taxable","17":"purchasable","18":"product-type-simple"},"acf":[],"uagb_featured_image_src":{"full":["https:\/\/4c.top-me.eu\/wp-content\/uploads\/2021\/11\/Photo001-12.jpg",0,0,false],"thumbnail":["https:\/\/4c.top-me.eu\/wp-content\/uploads\/2021\/11\/Photo001-12.jpg",1,1,false],"medium":["https:\/\/4c.top-me.eu\/wp-content\/uploads\/2021\/11\/Photo001-12.jpg",1,1,false],"medium_large":["https:\/\/4c.top-me.eu\/wp-content\/uploads\/2021\/11\/Photo001-12.jpg",1,1,false],"large":["https:\/\/4c.top-me.eu\/wp-content\/uploads\/2021\/11\/Photo001-12.jpg",1,1,false],"1536x1536":["https:\/\/4c.top-me.eu\/wp-content\/uploads\/2021\/11\/Photo001-12.jpg",1,1,false],"2048x2048":["https:\/\/4c.top-me.eu\/wp-content\/uploads\/2021\/11\/Photo001-12.jpg",1,1,false],"archive-list":["https:\/\/4c.top-me.eu\/wp-content\/uploads\/2021\/11\/Photo001-12.jpg",1,1,false],"archive-list-2":["https:\/\/4c.top-me.eu\/wp-content\/uploads\/2021\/11\/Photo001-12.jpg",1,1,false],"woocommerce_thumbnail":["https:\/\/4c.top-me.eu\/wp-content\/uploads\/2021\/11\/Photo001-12.jpg",1,1,false],"woocommerce_single":["https:\/\/4c.top-me.eu\/wp-content\/uploads\/2021\/11\/Photo001-12.jpg",1,1,false],"woocommerce_gallery_thumbnail":["https:\/\/4c.top-me.eu\/wp-content\/uploads\/2021\/11\/Photo001-12.jpg",1,1,false]},"uagb_author_info":{"display_name":"accordeonMaster","author_link":"https:\/\/4c.top-me.eu\/en\/author\/"},"uagb_comment_info":0,"uagb_excerpt":"P\u0159\u00edv\u011b\u0161ek s n\u00e1dhern\u011b \u010derven\u00fdm, \u010dist\u00fdm, bohat\u011b fasetovan\u00fdm \u010derven\u00fdm turmal\u00ednem (rubelitem). Rozm\u011bry kamene 11 \u00d7 10 \u00d7 6 mm. St\u0159\u00edbro 925\/1000, celkov\u00e1 hmotnost 3,1 g.","_links":{"self":[{"href":"https:\/\/4c.top-me.eu\/en\/wp-json\/wp\/v2\/product\/7139","targetHints":{"allow":["GET"]}}],"collection":[{"href":"https:\/\/4c.top-me.eu\/en\/wp-json\/wp\/v2\/product"}],"about":[{"href":"https:\/\/4c.top-me.eu\/en\/wp-json\/wp\/v2\/types\/product"}],"wp:featuredmedia":[{"embeddable":true,"href":"https:\/\/4c.top-me.eu\/en\/wp-json\/wp\/v2\/media\/7140"}],"wp:attachment":[{"href":"https:\/\/4c.top-me.eu\/en\/wp-json\/wp\/v2\/media?parent=7139"}],"wp:term":[{"taxonomy":"product_brand","embeddable":true,"href":"https:\/\/4c.top-me.eu\/en\/wp-json\/wp\/v2\/product_brand?post=7139"},{"taxonomy":"product_cat","embeddable":true,"href":"https:\/\/4c.top-me.eu\/en\/wp-json\/wp\/v2\/product_cat?post=7139"},{"taxonomy":"product_tag","embeddable":true,"href":"https:\/\/4c.top-me.eu\/en\/wp-json\/wp\/v2\/product_tag?post=7139"}],"curies":[{"name":"wp","href":"https:\/\/api.w.org\/{rel}","templated":true}]}}