{"id":7027,"date":"2021-11-22T10:57:46","date_gmt":"2021-11-22T10:57:46","guid":{"rendered":"https:\/\/fvgear.com\/?post_type=product&#038;p=7027"},"modified":"2021-11-22T10:57:46","modified_gmt":"2021-11-22T10:57:46","slug":"prsten-tibetsky-tyrkys","status":"publish","type":"product","link":"https:\/\/4c.top-me.eu\/en\/product\/prsten-tibetsky-tyrkys\/","title":{"rendered":"Prsten tibetsk\u00fd tyrkys"},"content":{"rendered":"<div class=\"et_pb_column et_pb_column_3_8 et_pb_column_inner et_pb_column_inner_4_tb_body et-last-child\">\n<div class=\"et_pb_module et_pb_wc_description et_pb_wc_description_1_tb_body et_pb_bg_layout_light  et_pb_text_align_left\">\n<div class=\"et_pb_module_inner\">\n<div class=\"et_pb_column et_pb_column_3_8 et_pb_column_inner et_pb_column_inner_4_tb_body et-last-child\">\n<div class=\"et_pb_module et_pb_wc_description et_pb_wc_description_1_tb_body et_pb_bg_layout_light et_pb_text_align_left\">\n<div class=\"et_pb_module_inner\">\n<p>Prsten s nepravideln\u00fdm kabo\u0161onem z modrozelen\u00e9ho tibetsk\u00e9ho tyrkysu.<\/p>\n<p>Rozm\u011bry kamene jsou 18 \u00d7 14 \u00d7 4 mm. St\u0159\u00edbro 925\/1000, celkov\u00e1 hmotnost prstenu je 6,6 g. Velikost prstenu je 57 (obvod prstenu v mm).<\/p>\n<\/div>\n<\/div>\n<\/div>\n<\/div>\n<\/div>\n<\/div>\n","protected":false},"excerpt":{"rendered":"<p>Prsten s nepravideln\u00fdm kabo\u0161onem z modrozelen\u00e9ho tibetsk\u00e9ho tyrkysu. Rozm\u011bry kamene jsou 18 \u00d7 14 \u00d7 4 mm. St\u0159\u00edbro 925\/1000, celkov\u00e1 hmotnost prstenu je 6,6 g. Velikost prstenu je 57 (obvod prstenu v mm).<\/p>\n","protected":false},"featured_media":7034,"template":"","meta":{"_acf_changed":false,"_uag_custom_page_level_css":""},"product_brand":[],"product_cat":[242],"product_tag":[240,87,153],"class_list":{"0":"post-7027","1":"product","2":"type-product","3":"status-publish","4":"has-post-thumbnail","6":"product_cat-prsteny-s-prirodnimi-kameny-stribro-925-1000","7":"product_tag-prsten","8":"product_tag-stribro-925-1000","9":"product_tag-tyrkys","11":"first","12":"instock","13":"sold-individually","14":"taxable","15":"shipping-taxable","16":"purchasable","17":"product-type-simple"},"acf":[],"uagb_featured_image_src":{"full":["https:\/\/4c.top-me.eu\/wp-content\/uploads\/2021\/11\/Photo004-2.jpg",0,0,false],"thumbnail":["https:\/\/4c.top-me.eu\/wp-content\/uploads\/2021\/11\/Photo004-2.jpg",1,1,false],"medium":["https:\/\/4c.top-me.eu\/wp-content\/uploads\/2021\/11\/Photo004-2.jpg",1,1,false],"medium_large":["https:\/\/4c.top-me.eu\/wp-content\/uploads\/2021\/11\/Photo004-2.jpg",1,1,false],"large":["https:\/\/4c.top-me.eu\/wp-content\/uploads\/2021\/11\/Photo004-2.jpg",1,1,false],"1536x1536":["https:\/\/4c.top-me.eu\/wp-content\/uploads\/2021\/11\/Photo004-2.jpg",1,1,false],"2048x2048":["https:\/\/4c.top-me.eu\/wp-content\/uploads\/2021\/11\/Photo004-2.jpg",1,1,false],"archive-list":["https:\/\/4c.top-me.eu\/wp-content\/uploads\/2021\/11\/Photo004-2.jpg",1,1,false],"archive-list-2":["https:\/\/4c.top-me.eu\/wp-content\/uploads\/2021\/11\/Photo004-2.jpg",1,1,false],"woocommerce_thumbnail":["https:\/\/4c.top-me.eu\/wp-content\/uploads\/2021\/11\/Photo004-2.jpg",1,1,false],"woocommerce_single":["https:\/\/4c.top-me.eu\/wp-content\/uploads\/2021\/11\/Photo004-2.jpg",1,1,false],"woocommerce_gallery_thumbnail":["https:\/\/4c.top-me.eu\/wp-content\/uploads\/2021\/11\/Photo004-2.jpg",1,1,false]},"uagb_author_info":{"display_name":"accordeonMaster","author_link":"https:\/\/4c.top-me.eu\/en\/author\/"},"uagb_comment_info":0,"uagb_excerpt":"Prsten s nepravideln\u00fdm kabo\u0161onem z modrozelen\u00e9ho tibetsk\u00e9ho tyrkysu. Rozm\u011bry kamene jsou 18 \u00d7 14 \u00d7 4 mm. St\u0159\u00edbro 925\/1000, celkov\u00e1 hmotnost prstenu je 6,6 g. Velikost prstenu je 57 (obvod prstenu v mm).","_links":{"self":[{"href":"https:\/\/4c.top-me.eu\/en\/wp-json\/wp\/v2\/product\/7027","targetHints":{"allow":["GET"]}}],"collection":[{"href":"https:\/\/4c.top-me.eu\/en\/wp-json\/wp\/v2\/product"}],"about":[{"href":"https:\/\/4c.top-me.eu\/en\/wp-json\/wp\/v2\/types\/product"}],"wp:featuredmedia":[{"embeddable":true,"href":"https:\/\/4c.top-me.eu\/en\/wp-json\/wp\/v2\/media\/7034"}],"wp:attachment":[{"href":"https:\/\/4c.top-me.eu\/en\/wp-json\/wp\/v2\/media?parent=7027"}],"wp:term":[{"taxonomy":"product_brand","embeddable":true,"href":"https:\/\/4c.top-me.eu\/en\/wp-json\/wp\/v2\/product_brand?post=7027"},{"taxonomy":"product_cat","embeddable":true,"href":"https:\/\/4c.top-me.eu\/en\/wp-json\/wp\/v2\/product_cat?post=7027"},{"taxonomy":"product_tag","embeddable":true,"href":"https:\/\/4c.top-me.eu\/en\/wp-json\/wp\/v2\/product_tag?post=7027"}],"curies":[{"name":"wp","href":"https:\/\/api.w.org\/{rel}","templated":true}]}}