{"id":6952,"date":"2021-05-26T15:24:33","date_gmt":"2021-05-26T15:24:33","guid":{"rendered":"https:\/\/fvgear.com\/product\/herkimer-diamond-pendant\/"},"modified":"2021-05-26T15:24:33","modified_gmt":"2021-05-26T15:24:33","slug":"herkimer-diamond-pendant","status":"publish","type":"product","link":"https:\/\/4c.top-me.eu\/en\/product\/herkimer-diamond-pendant\/","title":{"rendered":"&#8220;Herkimer diamond&#8221; pendant"},"content":{"rendered":"<p>P\u0159\u00edv\u011b\u0161ek s tzv. herkimersk\u00fdm diamantem &#8211; n\u00e1dhern\u00fdm oboustrann\u011b ukon\u010den\u00fdm k\u0159i\u0161\u0165\u00e1lem.<\/p>\n<p>Rozm\u011bry kamene jsou 25 \u00d7 12 \u00d710 mm. St\u0159\u00edbro Ag 925\/1000, celkov\u00e1 hmotnost p\u0159\u00edv\u011b\u0161ku je 6,5 g.<\/p>\n","protected":false},"excerpt":{"rendered":"<p>P\u0159\u00edv\u011b\u0161ek s tzv. herkimersk\u00fdm diamantem &#8211; n\u00e1dhern\u00fdm oboustrann\u011b ukon\u010den\u00fdm k\u0159i\u0161\u0165\u00e1lem. Rozm\u011bry kamene jsou 25 \u00d7 12 \u00d710 mm. St\u0159\u00edbro Ag 925\/1000, celkov\u00e1 hmotnost p\u0159\u00edv\u011b\u0161ku je 6,5 g.<\/p>\n","protected":false},"featured_media":6723,"template":"","meta":{"_acf_changed":false,"_uag_custom_page_level_css":""},"product_brand":[],"product_cat":[83,56],"product_tag":[117,214,211,87],"class_list":{"0":"post-6952","1":"product","2":"type-product","3":"status-publish","4":"has-post-thumbnail","6":"product_cat-pendants-and-earrings-silver-925-1000","7":"product_cat-privesky-a-nausnice-stribro-925-1000","8":"product_tag-privesek","9":"product_tag-privesek-en","10":"product_tag-stribro-925-1000-en","11":"product_tag-stribro-925-1000","13":"first","14":"instock","15":"sold-individually","16":"taxable","17":"shipping-taxable","18":"purchasable","19":"product-type-simple"},"acf":[],"uagb_featured_image_src":{"full":["https:\/\/4c.top-me.eu\/wp-content\/uploads\/2021\/05\/Photo033-2.jpg",1280,853,false],"thumbnail":["https:\/\/4c.top-me.eu\/wp-content\/uploads\/2021\/05\/Photo033-2.jpg",150,100,false],"medium":["https:\/\/4c.top-me.eu\/wp-content\/uploads\/2021\/05\/Photo033-2.jpg",300,200,false],"medium_large":["https:\/\/4c.top-me.eu\/wp-content\/uploads\/2021\/05\/Photo033-2.jpg",640,427,false],"large":["https:\/\/4c.top-me.eu\/wp-content\/uploads\/2021\/05\/Photo033-2.jpg",640,427,false],"1536x1536":["https:\/\/4c.top-me.eu\/wp-content\/uploads\/2021\/05\/Photo033-2.jpg",1280,853,false],"2048x2048":["https:\/\/4c.top-me.eu\/wp-content\/uploads\/2021\/05\/Photo033-2.jpg",1280,853,false],"archive-list":["https:\/\/4c.top-me.eu\/wp-content\/uploads\/2021\/05\/Photo033-2.jpg",507,338,false],"archive-list-2":["https:\/\/4c.top-me.eu\/wp-content\/uploads\/2021\/05\/Photo033-2.jpg",1014,676,false],"woocommerce_thumbnail":["https:\/\/4c.top-me.eu\/wp-content\/uploads\/2021\/05\/Photo033-2-300x300.jpg",300,300,true],"woocommerce_single":["https:\/\/4c.top-me.eu\/wp-content\/uploads\/2021\/05\/Photo033-2-600x400.jpg",600,400,true],"woocommerce_gallery_thumbnail":["https:\/\/4c.top-me.eu\/wp-content\/uploads\/2021\/05\/Photo033-2-100x100.jpg",100,100,true]},"uagb_author_info":{"display_name":"accordeonMaster","author_link":"https:\/\/4c.top-me.eu\/en\/author\/"},"uagb_comment_info":0,"uagb_excerpt":"P\u0159\u00edv\u011b\u0161ek s tzv. herkimersk\u00fdm diamantem &#8211; n\u00e1dhern\u00fdm oboustrann\u011b ukon\u010den\u00fdm k\u0159i\u0161\u0165\u00e1lem. Rozm\u011bry kamene jsou 25 \u00d7 12 \u00d710 mm. St\u0159\u00edbro Ag 925\/1000, celkov\u00e1 hmotnost p\u0159\u00edv\u011b\u0161ku je 6,5 g.","_links":{"self":[{"href":"https:\/\/4c.top-me.eu\/en\/wp-json\/wp\/v2\/product\/6952","targetHints":{"allow":["GET"]}}],"collection":[{"href":"https:\/\/4c.top-me.eu\/en\/wp-json\/wp\/v2\/product"}],"about":[{"href":"https:\/\/4c.top-me.eu\/en\/wp-json\/wp\/v2\/types\/product"}],"wp:featuredmedia":[{"embeddable":true,"href":"https:\/\/4c.top-me.eu\/en\/wp-json\/wp\/v2\/media\/6723"}],"wp:attachment":[{"href":"https:\/\/4c.top-me.eu\/en\/wp-json\/wp\/v2\/media?parent=6952"}],"wp:term":[{"taxonomy":"product_brand","embeddable":true,"href":"https:\/\/4c.top-me.eu\/en\/wp-json\/wp\/v2\/product_brand?post=6952"},{"taxonomy":"product_cat","embeddable":true,"href":"https:\/\/4c.top-me.eu\/en\/wp-json\/wp\/v2\/product_cat?post=6952"},{"taxonomy":"product_tag","embeddable":true,"href":"https:\/\/4c.top-me.eu\/en\/wp-json\/wp\/v2\/product_tag?post=6952"}],"curies":[{"name":"wp","href":"https:\/\/api.w.org\/{rel}","templated":true}]}}