{"id":4713,"date":"2020-11-22T16:23:03","date_gmt":"2020-11-22T16:23:03","guid":{"rendered":"https:\/\/fvgear.com\/product\/tourmaline-elbaite\/"},"modified":"2020-11-22T16:23:03","modified_gmt":"2020-11-22T16:23:03","slug":"tourmaline-elbaite","status":"publish","type":"product","link":"https:\/\/4c.top-me.eu\/en\/product\/tourmaline-elbaite\/","title":{"rendered":"Tourmaline &#8211; elbaite"},"content":{"rendered":"<p>Velmi p\u011bkn\u00e1 uk\u00e1zka drahokamov\u00e9 odr\u016fdy turmal\u00ednu-elbaitu z Braz\u00edlie. Poveden\u00e1 uk\u00e1zka do fialova zabarven\u00e9ho turmal\u00ednu-elbaitu; rozm\u011bry kamene: 6 \u00d7 4 \u00d7 2 mm, v\u00e1ha: 0,11 g.<\/p>\n","protected":false},"excerpt":{"rendered":"<p>Velmi p\u011bkn\u00e1 uk\u00e1zka drahokamov\u00e9 odr\u016fdy turmal\u00ednu-elbaitu z Braz\u00edlie. Poveden\u00e1 uk\u00e1zka do fialova zabarven\u00e9ho turmal\u00ednu-elbaitu; rozm\u011bry kamene: 6 \u00d7 4 \u00d7 2 mm, v\u00e1ha: 0,11 g.<\/p>\n","protected":false},"featured_media":924,"template":"","meta":{"_acf_changed":false,"_uag_custom_page_level_css":""},"product_brand":[],"product_cat":[68,50],"product_tag":[],"class_list":{"0":"post-4713","1":"product","2":"type-product","3":"status-publish","4":"has-post-thumbnail","6":"product_cat-gemstones","7":"product_cat-brousene-kameny","9":"first","10":"instock","11":"sold-individually","12":"taxable","13":"shipping-taxable","14":"purchasable","15":"product-type-simple"},"acf":[],"uagb_featured_image_src":{"full":["https:\/\/4c.top-me.eu\/wp-content\/uploads\/2020\/11\/03-268.jpg",800,594,false],"thumbnail":["https:\/\/4c.top-me.eu\/wp-content\/uploads\/2020\/11\/03-268.jpg",150,111,false],"medium":["https:\/\/4c.top-me.eu\/wp-content\/uploads\/2020\/11\/03-268.jpg",300,223,false],"medium_large":["https:\/\/4c.top-me.eu\/wp-content\/uploads\/2020\/11\/03-268.jpg",640,475,false],"large":["https:\/\/4c.top-me.eu\/wp-content\/uploads\/2020\/11\/03-268.jpg",640,475,false],"1536x1536":["https:\/\/4c.top-me.eu\/wp-content\/uploads\/2020\/11\/03-268.jpg",800,594,false],"2048x2048":["https:\/\/4c.top-me.eu\/wp-content\/uploads\/2020\/11\/03-268.jpg",800,594,false],"archive-list":["https:\/\/4c.top-me.eu\/wp-content\/uploads\/2020\/11\/03-268.jpg",455,338,false],"archive-list-2":["https:\/\/4c.top-me.eu\/wp-content\/uploads\/2020\/11\/03-268.jpg",800,594,false],"woocommerce_thumbnail":["https:\/\/4c.top-me.eu\/wp-content\/uploads\/2020\/11\/03-268-300x300.jpg",300,300,true],"woocommerce_single":["https:\/\/4c.top-me.eu\/wp-content\/uploads\/2020\/11\/03-268-600x446.jpg",600,446,true],"woocommerce_gallery_thumbnail":["https:\/\/4c.top-me.eu\/wp-content\/uploads\/2020\/11\/03-268-100x100.jpg",100,100,true]},"uagb_author_info":{"display_name":"accordeonMaster","author_link":"https:\/\/4c.top-me.eu\/en\/author\/"},"uagb_comment_info":0,"uagb_excerpt":"Velmi p\u011bkn\u00e1 uk\u00e1zka drahokamov\u00e9 odr\u016fdy turmal\u00ednu-elbaitu z Braz\u00edlie. Poveden\u00e1 uk\u00e1zka do fialova zabarven\u00e9ho turmal\u00ednu-elbaitu; rozm\u011bry kamene: 6 \u00d7 4 \u00d7 2 mm, v\u00e1ha: 0,11 g.","_links":{"self":[{"href":"https:\/\/4c.top-me.eu\/en\/wp-json\/wp\/v2\/product\/4713","targetHints":{"allow":["GET"]}}],"collection":[{"href":"https:\/\/4c.top-me.eu\/en\/wp-json\/wp\/v2\/product"}],"about":[{"href":"https:\/\/4c.top-me.eu\/en\/wp-json\/wp\/v2\/types\/product"}],"wp:featuredmedia":[{"embeddable":true,"href":"https:\/\/4c.top-me.eu\/en\/wp-json\/wp\/v2\/media\/924"}],"wp:attachment":[{"href":"https:\/\/4c.top-me.eu\/en\/wp-json\/wp\/v2\/media?parent=4713"}],"wp:term":[{"taxonomy":"product_brand","embeddable":true,"href":"https:\/\/4c.top-me.eu\/en\/wp-json\/wp\/v2\/product_brand?post=4713"},{"taxonomy":"product_cat","embeddable":true,"href":"https:\/\/4c.top-me.eu\/en\/wp-json\/wp\/v2\/product_cat?post=4713"},{"taxonomy":"product_tag","embeddable":true,"href":"https:\/\/4c.top-me.eu\/en\/wp-json\/wp\/v2\/product_tag?post=4713"}],"curies":[{"name":"wp","href":"https:\/\/api.w.org\/{rel}","templated":true}]}}