{"id":4604,"date":"2021-02-22T15:09:37","date_gmt":"2021-02-22T15:09:37","guid":{"rendered":"https:\/\/fvgear.com\/product\/agate-bottle-2\/"},"modified":"2021-02-22T15:09:37","modified_gmt":"2021-02-22T15:09:37","slug":"agate-bottle-2","status":"publish","type":"product","link":"https:\/\/4c.top-me.eu\/en\/product\/agate-bottle-2\/","title":{"rendered":"Agate bottle"},"content":{"rendered":"<p>Flak\u00f3nek z brazilsk\u00e9ho ach\u00e1tu na \u0161roubovac\u00ed uz\u00e1v\u011br.<\/p>\n","protected":false},"excerpt":{"rendered":"<p>A brazilian agate bottle with a screw cap.<\/p>\n","protected":false},"featured_media":1917,"template":"","meta":{"_acf_changed":false,"_uag_custom_page_level_css":""},"product_brand":[],"product_cat":[85],"product_tag":[],"class_list":{"0":"post-4604","1":"product","2":"type-product","3":"status-publish","4":"has-post-thumbnail","6":"product_cat-mineral-wares","8":"first","9":"instock","10":"sold-individually","11":"taxable","12":"shipping-taxable","13":"purchasable","14":"product-type-simple"},"acf":[],"uagb_featured_image_src":{"full":["https:\/\/4c.top-me.eu\/wp-content\/uploads\/2021\/02\/Photo001-7.jpg",1280,853,false],"thumbnail":["https:\/\/4c.top-me.eu\/wp-content\/uploads\/2021\/02\/Photo001-7.jpg",150,100,false],"medium":["https:\/\/4c.top-me.eu\/wp-content\/uploads\/2021\/02\/Photo001-7.jpg",300,200,false],"medium_large":["https:\/\/4c.top-me.eu\/wp-content\/uploads\/2021\/02\/Photo001-7.jpg",640,427,false],"large":["https:\/\/4c.top-me.eu\/wp-content\/uploads\/2021\/02\/Photo001-7.jpg",640,427,false],"1536x1536":["https:\/\/4c.top-me.eu\/wp-content\/uploads\/2021\/02\/Photo001-7.jpg",1280,853,false],"2048x2048":["https:\/\/4c.top-me.eu\/wp-content\/uploads\/2021\/02\/Photo001-7.jpg",1280,853,false],"archive-list":["https:\/\/4c.top-me.eu\/wp-content\/uploads\/2021\/02\/Photo001-7.jpg",507,338,false],"archive-list-2":["https:\/\/4c.top-me.eu\/wp-content\/uploads\/2021\/02\/Photo001-7.jpg",1014,676,false],"woocommerce_thumbnail":["https:\/\/4c.top-me.eu\/wp-content\/uploads\/2021\/02\/Photo001-7-300x300.jpg",300,300,true],"woocommerce_single":["https:\/\/4c.top-me.eu\/wp-content\/uploads\/2021\/02\/Photo001-7-600x400.jpg",600,400,true],"woocommerce_gallery_thumbnail":["https:\/\/4c.top-me.eu\/wp-content\/uploads\/2021\/02\/Photo001-7-100x100.jpg",100,100,true]},"uagb_author_info":{"display_name":"accordeonMaster","author_link":"https:\/\/4c.top-me.eu\/en\/author\/"},"uagb_comment_info":0,"uagb_excerpt":"A brazilian agate bottle with a screw cap.","_links":{"self":[{"href":"https:\/\/4c.top-me.eu\/en\/wp-json\/wp\/v2\/product\/4604","targetHints":{"allow":["GET"]}}],"collection":[{"href":"https:\/\/4c.top-me.eu\/en\/wp-json\/wp\/v2\/product"}],"about":[{"href":"https:\/\/4c.top-me.eu\/en\/wp-json\/wp\/v2\/types\/product"}],"wp:featuredmedia":[{"embeddable":true,"href":"https:\/\/4c.top-me.eu\/en\/wp-json\/wp\/v2\/media\/1917"}],"wp:attachment":[{"href":"https:\/\/4c.top-me.eu\/en\/wp-json\/wp\/v2\/media?parent=4604"}],"wp:term":[{"taxonomy":"product_brand","embeddable":true,"href":"https:\/\/4c.top-me.eu\/en\/wp-json\/wp\/v2\/product_brand?post=4604"},{"taxonomy":"product_cat","embeddable":true,"href":"https:\/\/4c.top-me.eu\/en\/wp-json\/wp\/v2\/product_cat?post=4604"},{"taxonomy":"product_tag","embeddable":true,"href":"https:\/\/4c.top-me.eu\/en\/wp-json\/wp\/v2\/product_tag?post=4604"}],"curies":[{"name":"wp","href":"https:\/\/api.w.org\/{rel}","templated":true}]}}