{"id":31431,"date":"2025-01-17T16:36:16","date_gmt":"2025-01-17T16:36:16","guid":{"rendered":"https:\/\/fvgear.com\/?post_type=product&#038;p=31431"},"modified":"2025-01-17T16:39:53","modified_gmt":"2025-01-17T16:39:53","slug":"privesek-labradorit","status":"publish","type":"product","link":"https:\/\/4c.top-me.eu\/en\/product\/privesek-labradorit\/","title":{"rendered":"P\u0159\u00edv\u011bsek labradorit"},"content":{"rendered":"<div class=\"et_pb_column et_pb_column_3_8 et_pb_column_inner et_pb_column_inner_4_tb_body et-last-child\">\n<div class=\"et_pb_module et_pb_wc_description et_pb_wc_description_1_tb_body et_pb_bg_layout_light et_pb_text_align_left\">\n<div class=\"et_pb_module_inner\">\n<p>Origin\u00e1ln\u00ed jemn\u00fd p\u0159\u00edv\u011bsek s n\u00e1dhern\u00fdm labradoritem s p\u0159ekr\u00e1sn\u00fdmi odlesky.<br \/>\nRozm\u011bry kamene jsou 8,5 x 6,5 mm. St\u0159\u00edbro 925\/1000, p\u0159\u00edv\u011bsek je \u010d\u00e1ste\u010dn\u011b pozlacen vrtvou 5<span class=\"BxUVEf ILfuVd\" lang=\"cs\"><span class=\"hgKElc\">\u03bc, <\/span><\/span>celkov\u00e1 hmotnost 1,55 g.<\/p>\n<p>(\u0158et\u00edzek nen\u00ed sou\u010d\u00e1st\u00ed produktu.)<\/p>\n<\/div>\n<\/div>\n<\/div>\n","protected":false},"excerpt":{"rendered":"<p>Origin\u00e1ln\u00ed jemn\u00fd p\u0159\u00edv\u011bsek s n\u00e1dhern\u00fdm labradoritem s p\u0159ekr\u00e1sn\u00fdmi odlesky. Rozm\u011bry kamene jsou 8,5 x 6,5 mm. St\u0159\u00edbro 925\/1000, p\u0159\u00edv\u011bsek je \u010d\u00e1ste\u010dn\u011b pozlacen vrtvou 5\u03bc, celkov\u00e1 hmotnost 1,55 g. (\u0158et\u00edzek nen\u00ed sou\u010d\u00e1st\u00ed produktu.)<\/p>\n","protected":false},"featured_media":31446,"template":"","meta":{"_acf_changed":false,"_uag_custom_page_level_css":""},"product_brand":[],"product_cat":[64,56],"product_tag":[176,117,87],"class_list":{"0":"post-31431","1":"product","2":"type-product","3":"status-publish","4":"has-post-thumbnail","6":"product_cat-privesky","7":"product_cat-privesky-a-nausnice-stribro-925-1000","8":"product_tag-labrodorit","9":"product_tag-privesek","10":"product_tag-stribro-925-1000","12":"first","13":"instock","14":"sold-individually","15":"taxable","16":"shipping-taxable","17":"purchasable","18":"product-type-simple"},"acf":[],"uagb_featured_image_src":{"full":["https:\/\/4c.top-me.eu\/wp-content\/uploads\/2025\/01\/IMG_2003-scaled.jpg",0,0,false],"thumbnail":["https:\/\/4c.top-me.eu\/wp-content\/uploads\/2025\/01\/IMG_2003-scaled.jpg",1,1,false],"medium":["https:\/\/4c.top-me.eu\/wp-content\/uploads\/2025\/01\/IMG_2003-scaled.jpg",1,1,false],"medium_large":["https:\/\/4c.top-me.eu\/wp-content\/uploads\/2025\/01\/IMG_2003-scaled.jpg",1,1,false],"large":["https:\/\/4c.top-me.eu\/wp-content\/uploads\/2025\/01\/IMG_2003-scaled.jpg",1,1,false],"1536x1536":["https:\/\/4c.top-me.eu\/wp-content\/uploads\/2025\/01\/IMG_2003-scaled.jpg",1,1,false],"2048x2048":["https:\/\/4c.top-me.eu\/wp-content\/uploads\/2025\/01\/IMG_2003-scaled.jpg",1,1,false],"archive-list":["https:\/\/4c.top-me.eu\/wp-content\/uploads\/2025\/01\/IMG_2003-scaled.jpg",1,1,false],"archive-list-2":["https:\/\/4c.top-me.eu\/wp-content\/uploads\/2025\/01\/IMG_2003-scaled.jpg",1,1,false],"woocommerce_thumbnail":["https:\/\/4c.top-me.eu\/wp-content\/uploads\/2025\/01\/IMG_2003-scaled.jpg",1,1,false],"woocommerce_single":["https:\/\/4c.top-me.eu\/wp-content\/uploads\/2025\/01\/IMG_2003-scaled.jpg",1,1,false],"woocommerce_gallery_thumbnail":["https:\/\/4c.top-me.eu\/wp-content\/uploads\/2025\/01\/IMG_2003-scaled.jpg",1,1,false]},"uagb_author_info":{"display_name":"accordeonMaster","author_link":"https:\/\/4c.top-me.eu\/en\/author\/"},"uagb_comment_info":0,"uagb_excerpt":"Origin\u00e1ln\u00ed jemn\u00fd p\u0159\u00edv\u011bsek s n\u00e1dhern\u00fdm labradoritem s p\u0159ekr\u00e1sn\u00fdmi odlesky. Rozm\u011bry kamene jsou 8,5 x 6,5 mm. St\u0159\u00edbro 925\/1000, p\u0159\u00edv\u011bsek je \u010d\u00e1ste\u010dn\u011b pozlacen vrtvou 5\u03bc, celkov\u00e1 hmotnost 1,55 g. (\u0158et\u00edzek nen\u00ed sou\u010d\u00e1st\u00ed produktu.)","_links":{"self":[{"href":"https:\/\/4c.top-me.eu\/en\/wp-json\/wp\/v2\/product\/31431","targetHints":{"allow":["GET"]}}],"collection":[{"href":"https:\/\/4c.top-me.eu\/en\/wp-json\/wp\/v2\/product"}],"about":[{"href":"https:\/\/4c.top-me.eu\/en\/wp-json\/wp\/v2\/types\/product"}],"wp:featuredmedia":[{"embeddable":true,"href":"https:\/\/4c.top-me.eu\/en\/wp-json\/wp\/v2\/media\/31446"}],"wp:attachment":[{"href":"https:\/\/4c.top-me.eu\/en\/wp-json\/wp\/v2\/media?parent=31431"}],"wp:term":[{"taxonomy":"product_brand","embeddable":true,"href":"https:\/\/4c.top-me.eu\/en\/wp-json\/wp\/v2\/product_brand?post=31431"},{"taxonomy":"product_cat","embeddable":true,"href":"https:\/\/4c.top-me.eu\/en\/wp-json\/wp\/v2\/product_cat?post=31431"},{"taxonomy":"product_tag","embeddable":true,"href":"https:\/\/4c.top-me.eu\/en\/wp-json\/wp\/v2\/product_tag?post=31431"}],"curies":[{"name":"wp","href":"https:\/\/api.w.org\/{rel}","templated":true}]}}