{"id":31370,"date":"2025-01-07T15:39:31","date_gmt":"2025-01-07T15:39:31","guid":{"rendered":"https:\/\/fvgear.com\/?post_type=product&#038;p=31370"},"modified":"2025-01-07T15:41:40","modified_gmt":"2025-01-07T15:41:40","slug":"amonit-8","status":"publish","type":"product","link":"https:\/\/4c.top-me.eu\/en\/product\/amonit-8\/","title":{"rendered":"Amonit"},"content":{"rendered":"<p>N\u00e1dhern\u00fd vzorek le\u0161t\u011bn\u00e9ho zkamen\u011bl\u00e9ho amonita z Madagaskaru.<\/p>\n<p>Rozm\u011bry amonita jsou 13 cm x 13 cm x 3 cm. Vzorek v\u00e1\u017e\u00ed 435 g.<\/p>\n","protected":false},"excerpt":{"rendered":"<p>N\u00e1dhern\u00fd vzorek le\u0161t\u011bn\u00e9ho zkamen\u011bl\u00e9ho amonita z Madagaskaru. Rozm\u011bry amonita jsou 13 cm x 13 cm x 3 cm. Vzorek v\u00e1\u017e\u00ed 435 g.<\/p>\n","protected":false},"featured_media":31397,"template":"","meta":{"_acf_changed":false,"_uag_custom_page_level_css":""},"product_brand":[],"product_cat":[41],"product_tag":[124,277,46],"class_list":{"0":"post-31370","1":"product","2":"type-product","3":"status-publish","4":"has-post-thumbnail","6":"product_cat-luxusni-dekorace","7":"product_tag-amonit","8":"product_tag-dekorace","9":"product_tag-zkamenelina","11":"first","12":"instock","13":"sold-individually","14":"taxable","15":"shipping-taxable","16":"purchasable","17":"product-type-simple"},"acf":[],"uagb_featured_image_src":{"full":["https:\/\/4c.top-me.eu\/wp-content\/uploads\/2025\/01\/IMG_1549-scaled.jpg",0,0,false],"thumbnail":["https:\/\/4c.top-me.eu\/wp-content\/uploads\/2025\/01\/IMG_1549-scaled.jpg",1,1,false],"medium":["https:\/\/4c.top-me.eu\/wp-content\/uploads\/2025\/01\/IMG_1549-scaled.jpg",1,1,false],"medium_large":["https:\/\/4c.top-me.eu\/wp-content\/uploads\/2025\/01\/IMG_1549-scaled.jpg",1,1,false],"large":["https:\/\/4c.top-me.eu\/wp-content\/uploads\/2025\/01\/IMG_1549-scaled.jpg",1,1,false],"1536x1536":["https:\/\/4c.top-me.eu\/wp-content\/uploads\/2025\/01\/IMG_1549-scaled.jpg",1,1,false],"2048x2048":["https:\/\/4c.top-me.eu\/wp-content\/uploads\/2025\/01\/IMG_1549-scaled.jpg",1,1,false],"archive-list":["https:\/\/4c.top-me.eu\/wp-content\/uploads\/2025\/01\/IMG_1549-scaled.jpg",1,1,false],"archive-list-2":["https:\/\/4c.top-me.eu\/wp-content\/uploads\/2025\/01\/IMG_1549-scaled.jpg",1,1,false],"woocommerce_thumbnail":["https:\/\/4c.top-me.eu\/wp-content\/uploads\/2025\/01\/IMG_1549-scaled.jpg",1,1,false],"woocommerce_single":["https:\/\/4c.top-me.eu\/wp-content\/uploads\/2025\/01\/IMG_1549-scaled.jpg",1,1,false],"woocommerce_gallery_thumbnail":["https:\/\/4c.top-me.eu\/wp-content\/uploads\/2025\/01\/IMG_1549-scaled.jpg",1,1,false]},"uagb_author_info":{"display_name":"accordeonMaster","author_link":"https:\/\/4c.top-me.eu\/en\/author\/"},"uagb_comment_info":0,"uagb_excerpt":"N\u00e1dhern\u00fd vzorek le\u0161t\u011bn\u00e9ho zkamen\u011bl\u00e9ho amonita z Madagaskaru. Rozm\u011bry amonita jsou 13 cm x 13 cm x 3 cm. Vzorek v\u00e1\u017e\u00ed 435 g.","_links":{"self":[{"href":"https:\/\/4c.top-me.eu\/en\/wp-json\/wp\/v2\/product\/31370","targetHints":{"allow":["GET"]}}],"collection":[{"href":"https:\/\/4c.top-me.eu\/en\/wp-json\/wp\/v2\/product"}],"about":[{"href":"https:\/\/4c.top-me.eu\/en\/wp-json\/wp\/v2\/types\/product"}],"wp:featuredmedia":[{"embeddable":true,"href":"https:\/\/4c.top-me.eu\/en\/wp-json\/wp\/v2\/media\/31397"}],"wp:attachment":[{"href":"https:\/\/4c.top-me.eu\/en\/wp-json\/wp\/v2\/media?parent=31370"}],"wp:term":[{"taxonomy":"product_brand","embeddable":true,"href":"https:\/\/4c.top-me.eu\/en\/wp-json\/wp\/v2\/product_brand?post=31370"},{"taxonomy":"product_cat","embeddable":true,"href":"https:\/\/4c.top-me.eu\/en\/wp-json\/wp\/v2\/product_cat?post=31370"},{"taxonomy":"product_tag","embeddable":true,"href":"https:\/\/4c.top-me.eu\/en\/wp-json\/wp\/v2\/product_tag?post=31370"}],"curies":[{"name":"wp","href":"https:\/\/api.w.org\/{rel}","templated":true}]}}