{"id":31211,"date":"2025-01-07T10:39:25","date_gmt":"2025-01-07T10:39:25","guid":{"rendered":"https:\/\/fvgear.com\/?post_type=product&#038;p=31211"},"modified":"2025-01-07T10:40:05","modified_gmt":"2025-01-07T10:40:05","slug":"koule-lapis-lazuli","status":"publish","type":"product","link":"https:\/\/4c.top-me.eu\/en\/product\/koule-lapis-lazuli\/","title":{"rendered":"Koule lapis lazuli"},"content":{"rendered":"<div class=\"et_pb_column et_pb_column_3_8 et_pb_column_inner et_pb_column_inner_4_tb_body et-last-child\">\n<div class=\"et_pb_module et_pb_wc_description et_pb_wc_description_1_tb_body et_pb_bg_layout_light et_pb_text_align_left\">\n<div class=\"et_pb_module_inner\">\n<p>N\u00e1dhern\u00e1 dekoratvn\u00ed koule vy\u0159ezan\u00e1 z n\u00e1dhern\u011b syt\u011b modr\u00e9ho lapisu lazuli. Koule je vhodn\u00e1 jako jedine\u010dn\u00fd dopln\u011bk do interi\u00e9ru.<\/p>\n<p>Koule m\u011b\u0159\u00ed v pr\u016fm\u011bru 15 cm a v\u00e1\u017e\u00ed necel\u00fdch 6 kg.<\/p>\n<\/div>\n<\/div>\n<\/div>\n","protected":false},"excerpt":{"rendered":"<p>N\u00e1dhern\u00e1 dekoratvn\u00ed koule vy\u0159ezan\u00e1 z n\u00e1dhern\u011b syt\u011b modr\u00e9ho lapisu lazuli. Koule je vhodn\u00e1 jako jedine\u010dn\u00fd dopln\u011bk do interi\u00e9ru. Koule m\u011b\u0159\u00ed v pr\u016fm\u011bru 15 cm a v\u00e1\u017e\u00ed necel\u00fdch 6 kg.<\/p>\n","protected":false},"featured_media":31218,"template":"","meta":{"_acf_changed":false,"_uag_custom_page_level_css":""},"product_brand":[],"product_cat":[28,29,41,27],"product_tag":[277,263,89,121,275],"class_list":{"0":"post-31211","1":"product","2":"type-product","3":"status-publish","4":"has-post-thumbnail","6":"product_cat-kameny","7":"product_cat-dekorativni-kameny","8":"product_cat-luxusni-dekorace","9":"product_cat-vyrobky-z-kamenu","10":"product_tag-dekorace","11":"product_tag-dekorativni-kameny","12":"product_tag-koule","13":"product_tag-lapis-lazuli","14":"product_tag-vyrobky-z-kamenu","16":"first","17":"instock","18":"sold-individually","19":"taxable","20":"shipping-taxable","21":"purchasable","22":"product-type-simple"},"acf":[],"uagb_featured_image_src":{"full":["https:\/\/4c.top-me.eu\/wp-content\/uploads\/2025\/01\/IMG_1448-scaled.jpg",0,0,false],"thumbnail":["https:\/\/4c.top-me.eu\/wp-content\/uploads\/2025\/01\/IMG_1448-scaled.jpg",1,1,false],"medium":["https:\/\/4c.top-me.eu\/wp-content\/uploads\/2025\/01\/IMG_1448-scaled.jpg",1,1,false],"medium_large":["https:\/\/4c.top-me.eu\/wp-content\/uploads\/2025\/01\/IMG_1448-scaled.jpg",1,1,false],"large":["https:\/\/4c.top-me.eu\/wp-content\/uploads\/2025\/01\/IMG_1448-scaled.jpg",1,1,false],"1536x1536":["https:\/\/4c.top-me.eu\/wp-content\/uploads\/2025\/01\/IMG_1448-scaled.jpg",1,1,false],"2048x2048":["https:\/\/4c.top-me.eu\/wp-content\/uploads\/2025\/01\/IMG_1448-scaled.jpg",1,1,false],"archive-list":["https:\/\/4c.top-me.eu\/wp-content\/uploads\/2025\/01\/IMG_1448-scaled.jpg",1,1,false],"archive-list-2":["https:\/\/4c.top-me.eu\/wp-content\/uploads\/2025\/01\/IMG_1448-scaled.jpg",1,1,false],"woocommerce_thumbnail":["https:\/\/4c.top-me.eu\/wp-content\/uploads\/2025\/01\/IMG_1448-scaled.jpg",1,1,false],"woocommerce_single":["https:\/\/4c.top-me.eu\/wp-content\/uploads\/2025\/01\/IMG_1448-scaled.jpg",1,1,false],"woocommerce_gallery_thumbnail":["https:\/\/4c.top-me.eu\/wp-content\/uploads\/2025\/01\/IMG_1448-scaled.jpg",1,1,false]},"uagb_author_info":{"display_name":"accordeonMaster","author_link":"https:\/\/4c.top-me.eu\/en\/author\/"},"uagb_comment_info":0,"uagb_excerpt":"N\u00e1dhern\u00e1 dekoratvn\u00ed koule vy\u0159ezan\u00e1 z n\u00e1dhern\u011b syt\u011b modr\u00e9ho lapisu lazuli. Koule je vhodn\u00e1 jako jedine\u010dn\u00fd dopln\u011bk do interi\u00e9ru. Koule m\u011b\u0159\u00ed v pr\u016fm\u011bru 15 cm a v\u00e1\u017e\u00ed necel\u00fdch 6 kg.","_links":{"self":[{"href":"https:\/\/4c.top-me.eu\/en\/wp-json\/wp\/v2\/product\/31211","targetHints":{"allow":["GET"]}}],"collection":[{"href":"https:\/\/4c.top-me.eu\/en\/wp-json\/wp\/v2\/product"}],"about":[{"href":"https:\/\/4c.top-me.eu\/en\/wp-json\/wp\/v2\/types\/product"}],"wp:featuredmedia":[{"embeddable":true,"href":"https:\/\/4c.top-me.eu\/en\/wp-json\/wp\/v2\/media\/31218"}],"wp:attachment":[{"href":"https:\/\/4c.top-me.eu\/en\/wp-json\/wp\/v2\/media?parent=31211"}],"wp:term":[{"taxonomy":"product_brand","embeddable":true,"href":"https:\/\/4c.top-me.eu\/en\/wp-json\/wp\/v2\/product_brand?post=31211"},{"taxonomy":"product_cat","embeddable":true,"href":"https:\/\/4c.top-me.eu\/en\/wp-json\/wp\/v2\/product_cat?post=31211"},{"taxonomy":"product_tag","embeddable":true,"href":"https:\/\/4c.top-me.eu\/en\/wp-json\/wp\/v2\/product_tag?post=31211"}],"curies":[{"name":"wp","href":"https:\/\/api.w.org\/{rel}","templated":true}]}}