{"id":31161,"date":"2025-01-06T13:37:34","date_gmt":"2025-01-06T13:37:34","guid":{"rendered":"https:\/\/fvgear.com\/?post_type=product&#038;p=31161"},"modified":"2025-01-06T13:39:22","modified_gmt":"2025-01-06T13:39:22","slug":"prsten-ametyst-4","status":"publish","type":"product","link":"https:\/\/4c.top-me.eu\/en\/product\/prsten-ametyst-4\/","title":{"rendered":"Prsten ametyst"},"content":{"rendered":"<p>Prsten s n\u00e1dhern\u00fdm, syt\u011b fialov\u00fdm, kulat\u00fdm kaba\u0161onem ametystu.<br \/>\nKabo\u0161on m\u011b\u0159\u00ed v pr\u016fm\u011bru 1 cm. St\u0159\u00edbro 925\/1000, celkov\u00e1 hmotnost 4,2 g. Velikost prstenu je 59,5 (obvod prstenu v mm).<\/p>\n","protected":false},"excerpt":{"rendered":"<p>Prsten s n\u00e1dhern\u00fdm, syt\u011b fialov\u00fdm, kulat\u00fdm kaba\u0161onem ametystu. Kabo\u0161on m\u011b\u0159\u00ed v pr\u016fm\u011bru 1 cm. St\u0159\u00edbro 925\/1000, celkov\u00e1 hmotnost 4,2 g. Velikost prstenu je 59,5 (obvod prstenu v mm).<\/p>\n","protected":false},"featured_media":31166,"template":"","meta":{"_acf_changed":false,"_uag_custom_page_level_css":""},"product_brand":[],"product_cat":[241,242],"product_tag":[42,240,87],"class_list":{"0":"post-31161","1":"product","2":"type-product","3":"status-publish","4":"has-post-thumbnail","6":"product_cat-prsteny-s-prirodnimi-kameny","7":"product_cat-prsteny-s-prirodnimi-kameny-stribro-925-1000","8":"product_tag-ametyst","9":"product_tag-prsten","10":"product_tag-stribro-925-1000","12":"first","13":"instock","14":"sold-individually","15":"taxable","16":"shipping-taxable","17":"purchasable","18":"product-type-simple"},"acf":[],"uagb_featured_image_src":{"full":["https:\/\/4c.top-me.eu\/wp-content\/uploads\/2025\/01\/IMG_0248-scaled.jpg",0,0,false],"thumbnail":["https:\/\/4c.top-me.eu\/wp-content\/uploads\/2025\/01\/IMG_0248-scaled.jpg",1,1,false],"medium":["https:\/\/4c.top-me.eu\/wp-content\/uploads\/2025\/01\/IMG_0248-scaled.jpg",1,1,false],"medium_large":["https:\/\/4c.top-me.eu\/wp-content\/uploads\/2025\/01\/IMG_0248-scaled.jpg",1,1,false],"large":["https:\/\/4c.top-me.eu\/wp-content\/uploads\/2025\/01\/IMG_0248-scaled.jpg",1,1,false],"1536x1536":["https:\/\/4c.top-me.eu\/wp-content\/uploads\/2025\/01\/IMG_0248-scaled.jpg",1,1,false],"2048x2048":["https:\/\/4c.top-me.eu\/wp-content\/uploads\/2025\/01\/IMG_0248-scaled.jpg",1,1,false],"archive-list":["https:\/\/4c.top-me.eu\/wp-content\/uploads\/2025\/01\/IMG_0248-scaled.jpg",1,1,false],"archive-list-2":["https:\/\/4c.top-me.eu\/wp-content\/uploads\/2025\/01\/IMG_0248-scaled.jpg",1,1,false],"woocommerce_thumbnail":["https:\/\/4c.top-me.eu\/wp-content\/uploads\/2025\/01\/IMG_0248-scaled.jpg",1,1,false],"woocommerce_single":["https:\/\/4c.top-me.eu\/wp-content\/uploads\/2025\/01\/IMG_0248-scaled.jpg",1,1,false],"woocommerce_gallery_thumbnail":["https:\/\/4c.top-me.eu\/wp-content\/uploads\/2025\/01\/IMG_0248-scaled.jpg",1,1,false]},"uagb_author_info":{"display_name":"accordeonMaster","author_link":"https:\/\/4c.top-me.eu\/en\/author\/"},"uagb_comment_info":0,"uagb_excerpt":"Prsten s n\u00e1dhern\u00fdm, syt\u011b fialov\u00fdm, kulat\u00fdm kaba\u0161onem ametystu. Kabo\u0161on m\u011b\u0159\u00ed v pr\u016fm\u011bru 1 cm. St\u0159\u00edbro 925\/1000, celkov\u00e1 hmotnost 4,2 g. Velikost prstenu je 59,5 (obvod prstenu v mm).","_links":{"self":[{"href":"https:\/\/4c.top-me.eu\/en\/wp-json\/wp\/v2\/product\/31161","targetHints":{"allow":["GET"]}}],"collection":[{"href":"https:\/\/4c.top-me.eu\/en\/wp-json\/wp\/v2\/product"}],"about":[{"href":"https:\/\/4c.top-me.eu\/en\/wp-json\/wp\/v2\/types\/product"}],"wp:featuredmedia":[{"embeddable":true,"href":"https:\/\/4c.top-me.eu\/en\/wp-json\/wp\/v2\/media\/31166"}],"wp:attachment":[{"href":"https:\/\/4c.top-me.eu\/en\/wp-json\/wp\/v2\/media?parent=31161"}],"wp:term":[{"taxonomy":"product_brand","embeddable":true,"href":"https:\/\/4c.top-me.eu\/en\/wp-json\/wp\/v2\/product_brand?post=31161"},{"taxonomy":"product_cat","embeddable":true,"href":"https:\/\/4c.top-me.eu\/en\/wp-json\/wp\/v2\/product_cat?post=31161"},{"taxonomy":"product_tag","embeddable":true,"href":"https:\/\/4c.top-me.eu\/en\/wp-json\/wp\/v2\/product_tag?post=31161"}],"curies":[{"name":"wp","href":"https:\/\/api.w.org\/{rel}","templated":true}]}}