{"id":31112,"date":"2025-01-06T13:10:48","date_gmt":"2025-01-06T13:10:48","guid":{"rendered":"https:\/\/fvgear.com\/?post_type=product&#038;p=31112"},"modified":"2025-01-06T13:13:59","modified_gmt":"2025-01-06T13:13:59","slug":"prsten-tanzanit-4","status":"publish","type":"product","link":"https:\/\/4c.top-me.eu\/en\/product\/prsten-tanzanit-4\/","title":{"rendered":"Prsten tanzanit"},"content":{"rendered":"<p>N\u00e1dhern\u00fd jedine\u010dn\u00fd prsten s p\u0159ekr\u00e1sn\u00fdm brou\u0161en\u00fdm tanzanitem s hranat\u00fdm brusem.<br \/>\nK\u00e1men m\u011b\u0159\u00ed na \u0161\u00ed\u0159ku a na v\u00fd\u0161ku 4,5 mm. St\u0159\u00edbro 925\/1000, celkov\u00e1 hmotnost 1,9 g. Velikost prstenu je 50 (obvod prstenu v mm).<\/p>\n","protected":false},"excerpt":{"rendered":"<p>N\u00e1dhern\u00fd jedine\u010dn\u00fd prsten s p\u0159ekr\u00e1sn\u00fdm brou\u0161en\u00fdm tanzanitem s hranat\u00fdm brusem. K\u00e1men m\u011b\u0159\u00ed na \u0161\u00ed\u0159ku a na v\u00fd\u0161ku 4,5 mm. St\u0159\u00edbro 925\/1000, celkov\u00e1 hmotnost 1,9 g. Velikost prstenu je 50 (obvod prstenu v mm).<\/p>\n","protected":false},"featured_media":31117,"template":"","meta":{"_acf_changed":false,"_uag_custom_page_level_css":""},"product_brand":[],"product_cat":[241,242],"product_tag":[240,87,107],"class_list":{"0":"post-31112","1":"product","2":"type-product","3":"status-publish","4":"has-post-thumbnail","6":"product_cat-prsteny-s-prirodnimi-kameny","7":"product_cat-prsteny-s-prirodnimi-kameny-stribro-925-1000","8":"product_tag-prsten","9":"product_tag-stribro-925-1000","10":"product_tag-tanzanit","12":"first","13":"instock","14":"sold-individually","15":"taxable","16":"shipping-taxable","17":"purchasable","18":"product-type-simple"},"acf":[],"uagb_featured_image_src":{"full":["https:\/\/4c.top-me.eu\/wp-content\/uploads\/2025\/01\/IMG_0290-scaled.jpg",0,0,false],"thumbnail":["https:\/\/4c.top-me.eu\/wp-content\/uploads\/2025\/01\/IMG_0290-scaled.jpg",1,1,false],"medium":["https:\/\/4c.top-me.eu\/wp-content\/uploads\/2025\/01\/IMG_0290-scaled.jpg",1,1,false],"medium_large":["https:\/\/4c.top-me.eu\/wp-content\/uploads\/2025\/01\/IMG_0290-scaled.jpg",1,1,false],"large":["https:\/\/4c.top-me.eu\/wp-content\/uploads\/2025\/01\/IMG_0290-scaled.jpg",1,1,false],"1536x1536":["https:\/\/4c.top-me.eu\/wp-content\/uploads\/2025\/01\/IMG_0290-scaled.jpg",1,1,false],"2048x2048":["https:\/\/4c.top-me.eu\/wp-content\/uploads\/2025\/01\/IMG_0290-scaled.jpg",1,1,false],"archive-list":["https:\/\/4c.top-me.eu\/wp-content\/uploads\/2025\/01\/IMG_0290-scaled.jpg",1,1,false],"archive-list-2":["https:\/\/4c.top-me.eu\/wp-content\/uploads\/2025\/01\/IMG_0290-scaled.jpg",1,1,false],"woocommerce_thumbnail":["https:\/\/4c.top-me.eu\/wp-content\/uploads\/2025\/01\/IMG_0290-scaled.jpg",1,1,false],"woocommerce_single":["https:\/\/4c.top-me.eu\/wp-content\/uploads\/2025\/01\/IMG_0290-scaled.jpg",1,1,false],"woocommerce_gallery_thumbnail":["https:\/\/4c.top-me.eu\/wp-content\/uploads\/2025\/01\/IMG_0290-scaled.jpg",1,1,false]},"uagb_author_info":{"display_name":"accordeonMaster","author_link":"https:\/\/4c.top-me.eu\/en\/author\/"},"uagb_comment_info":0,"uagb_excerpt":"N\u00e1dhern\u00fd jedine\u010dn\u00fd prsten s p\u0159ekr\u00e1sn\u00fdm brou\u0161en\u00fdm tanzanitem s hranat\u00fdm brusem. K\u00e1men m\u011b\u0159\u00ed na \u0161\u00ed\u0159ku a na v\u00fd\u0161ku 4,5 mm. St\u0159\u00edbro 925\/1000, celkov\u00e1 hmotnost 1,9 g. Velikost prstenu je 50 (obvod prstenu v mm).","_links":{"self":[{"href":"https:\/\/4c.top-me.eu\/en\/wp-json\/wp\/v2\/product\/31112","targetHints":{"allow":["GET"]}}],"collection":[{"href":"https:\/\/4c.top-me.eu\/en\/wp-json\/wp\/v2\/product"}],"about":[{"href":"https:\/\/4c.top-me.eu\/en\/wp-json\/wp\/v2\/types\/product"}],"wp:featuredmedia":[{"embeddable":true,"href":"https:\/\/4c.top-me.eu\/en\/wp-json\/wp\/v2\/media\/31117"}],"wp:attachment":[{"href":"https:\/\/4c.top-me.eu\/en\/wp-json\/wp\/v2\/media?parent=31112"}],"wp:term":[{"taxonomy":"product_brand","embeddable":true,"href":"https:\/\/4c.top-me.eu\/en\/wp-json\/wp\/v2\/product_brand?post=31112"},{"taxonomy":"product_cat","embeddable":true,"href":"https:\/\/4c.top-me.eu\/en\/wp-json\/wp\/v2\/product_cat?post=31112"},{"taxonomy":"product_tag","embeddable":true,"href":"https:\/\/4c.top-me.eu\/en\/wp-json\/wp\/v2\/product_tag?post=31112"}],"curies":[{"name":"wp","href":"https:\/\/api.w.org\/{rel}","templated":true}]}}