{"id":30773,"date":"2024-12-21T10:40:12","date_gmt":"2024-12-21T10:40:12","guid":{"rendered":"https:\/\/fvgear.com\/?post_type=product&#038;p=30773"},"modified":"2025-01-17T16:48:04","modified_gmt":"2025-01-17T16:48:04","slug":"prsten-drahy-opal-5","status":"publish","type":"product","link":"https:\/\/4c.top-me.eu\/en\/product\/prsten-drahy-opal-5\/","title":{"rendered":"Prsten drah\u00fd op\u00e1l"},"content":{"rendered":"<p>Prsten s kabo\u0161onem p\u0159ekr\u00e1sn\u00e9ho drah\u00e9ho op\u00e1lu s n\u00e1dhern\u00fdmi modro-zelen\u00fdmi odlesky.<br \/>\nRozm\u011bry op\u00e1lu jsou 4 x 2,5 mm. St\u0159\u00edbro 925\/1000, prsten je \u010d\u00e1ste\u010dn\u011b pozlacen vrtvou 5<span class=\"BxUVEf ILfuVd\" lang=\"cs\"><span class=\"hgKElc\">\u03bc,<\/span><\/span> celkov\u00e1 hmotnost 2,75 g. Velikost prstenu je 54 (obvod prstenu v mm).<\/p>\n","protected":false},"excerpt":{"rendered":"<p>Prsten s kabo\u0161onem p\u0159ekr\u00e1sn\u00e9ho drah\u00e9ho op\u00e1lu s n\u00e1dhern\u00fdmi modro-zelen\u00fdmi odlesky. Rozm\u011bry op\u00e1lu jsou 4 x 2,5 mm. St\u0159\u00edbro 925\/1000, prsten je \u010d\u00e1ste\u010dn\u011b pozlacen vrtvou 5\u03bc, celkov\u00e1 hmotnost 2,75 g. Velikost prstenu je 54 (obvod prstenu v mm).<\/p>\n","protected":false},"featured_media":30776,"template":"","meta":{"_acf_changed":false,"_uag_custom_page_level_css":""},"product_brand":[],"product_cat":[241,242],"product_tag":[157,110,240,87],"class_list":{"0":"post-30773","1":"product","2":"type-product","3":"status-publish","4":"has-post-thumbnail","6":"product_cat-prsteny-s-prirodnimi-kameny","7":"product_cat-prsteny-s-prirodnimi-kameny-stribro-925-1000","8":"product_tag-drahy-opal","9":"product_tag-opal","10":"product_tag-prsten","11":"product_tag-stribro-925-1000","13":"first","14":"instock","15":"sold-individually","16":"taxable","17":"shipping-taxable","18":"purchasable","19":"product-type-simple"},"acf":[],"uagb_featured_image_src":{"full":["https:\/\/4c.top-me.eu\/wp-content\/uploads\/2024\/12\/IMG_0059-scaled.jpg",0,0,false],"thumbnail":["https:\/\/4c.top-me.eu\/wp-content\/uploads\/2024\/12\/IMG_0059-scaled.jpg",1,1,false],"medium":["https:\/\/4c.top-me.eu\/wp-content\/uploads\/2024\/12\/IMG_0059-scaled.jpg",1,1,false],"medium_large":["https:\/\/4c.top-me.eu\/wp-content\/uploads\/2024\/12\/IMG_0059-scaled.jpg",1,1,false],"large":["https:\/\/4c.top-me.eu\/wp-content\/uploads\/2024\/12\/IMG_0059-scaled.jpg",1,1,false],"1536x1536":["https:\/\/4c.top-me.eu\/wp-content\/uploads\/2024\/12\/IMG_0059-scaled.jpg",1,1,false],"2048x2048":["https:\/\/4c.top-me.eu\/wp-content\/uploads\/2024\/12\/IMG_0059-scaled.jpg",1,1,false],"archive-list":["https:\/\/4c.top-me.eu\/wp-content\/uploads\/2024\/12\/IMG_0059-scaled.jpg",1,1,false],"archive-list-2":["https:\/\/4c.top-me.eu\/wp-content\/uploads\/2024\/12\/IMG_0059-scaled.jpg",1,1,false],"woocommerce_thumbnail":["https:\/\/4c.top-me.eu\/wp-content\/uploads\/2024\/12\/IMG_0059-scaled.jpg",1,1,false],"woocommerce_single":["https:\/\/4c.top-me.eu\/wp-content\/uploads\/2024\/12\/IMG_0059-scaled.jpg",1,1,false],"woocommerce_gallery_thumbnail":["https:\/\/4c.top-me.eu\/wp-content\/uploads\/2024\/12\/IMG_0059-scaled.jpg",1,1,false]},"uagb_author_info":{"display_name":"accordeonMaster","author_link":"https:\/\/4c.top-me.eu\/en\/author\/"},"uagb_comment_info":0,"uagb_excerpt":"Prsten s kabo\u0161onem p\u0159ekr\u00e1sn\u00e9ho drah\u00e9ho op\u00e1lu s n\u00e1dhern\u00fdmi modro-zelen\u00fdmi odlesky. Rozm\u011bry op\u00e1lu jsou 4 x 2,5 mm. St\u0159\u00edbro 925\/1000, prsten je \u010d\u00e1ste\u010dn\u011b pozlacen vrtvou 5\u03bc, celkov\u00e1 hmotnost 2,75 g. Velikost prstenu je 54 (obvod prstenu v mm).","_links":{"self":[{"href":"https:\/\/4c.top-me.eu\/en\/wp-json\/wp\/v2\/product\/30773","targetHints":{"allow":["GET"]}}],"collection":[{"href":"https:\/\/4c.top-me.eu\/en\/wp-json\/wp\/v2\/product"}],"about":[{"href":"https:\/\/4c.top-me.eu\/en\/wp-json\/wp\/v2\/types\/product"}],"wp:featuredmedia":[{"embeddable":true,"href":"https:\/\/4c.top-me.eu\/en\/wp-json\/wp\/v2\/media\/30776"}],"wp:attachment":[{"href":"https:\/\/4c.top-me.eu\/en\/wp-json\/wp\/v2\/media?parent=30773"}],"wp:term":[{"taxonomy":"product_brand","embeddable":true,"href":"https:\/\/4c.top-me.eu\/en\/wp-json\/wp\/v2\/product_brand?post=30773"},{"taxonomy":"product_cat","embeddable":true,"href":"https:\/\/4c.top-me.eu\/en\/wp-json\/wp\/v2\/product_cat?post=30773"},{"taxonomy":"product_tag","embeddable":true,"href":"https:\/\/4c.top-me.eu\/en\/wp-json\/wp\/v2\/product_tag?post=30773"}],"curies":[{"name":"wp","href":"https:\/\/api.w.org\/{rel}","templated":true}]}}