{"id":30585,"date":"2024-12-18T18:21:21","date_gmt":"2024-12-18T18:21:21","guid":{"rendered":"https:\/\/fvgear.com\/?post_type=product&#038;p=30585"},"modified":"2025-01-17T16:51:24","modified_gmt":"2025-01-17T16:51:24","slug":"prsten-turmalin-diamant","status":"publish","type":"product","link":"https:\/\/4c.top-me.eu\/en\/product\/prsten-turmalin-diamant\/","title":{"rendered":"Prsten turmal\u00edn, diamant"},"content":{"rendered":"<p>N\u00e1dhern\u00fd elegantn\u00ed prsten s brou\u0161en\u00fdm tr\u00e1vov\u011b zelen\u00fdm turmal\u00ednem a diamantem.<br \/>\nTurmal\u00edn je obd\u00e9ln\u00edkov\u00e9ho brusu a m\u011b\u0159\u00ed 8 mm na v\u00fd\u0161ku a 4 mm na \u0161\u00ed\u0159ku. Diamant je kulat\u00e9ho brusu a m\u011b\u0159\u00ed 2,5 mm.<br \/>\nSt\u0159\u00edbro 925\/1000, prsten je \u010d\u00e1ste\u010dn\u011b pozlacen vrtvou 5<span class=\"BxUVEf ILfuVd\" lang=\"cs\"><span class=\"hgKElc\">\u03bc,<\/span><\/span> celkov\u00e1 hmotnost 4,4 g. Velikost prstenu je 61 (obvod prstenu v mm).<\/p>\n","protected":false},"excerpt":{"rendered":"<p>N\u00e1dhern\u00fd elegantn\u00ed prsten s brou\u0161en\u00fdm tr\u00e1vov\u011b zelen\u00fdm turmal\u00ednem a diamantem. Turmal\u00edn je obd\u00e9ln\u00edkov\u00e9ho brusu a m\u011b\u0159\u00ed 8 mm na v\u00fd\u0161ku a 4 mm na \u0161\u00ed\u0159ku. Diamant je kulat\u00e9ho brusu a m\u011b\u0159\u00ed 2,5 mm. St\u0159\u00edbro 925\/1000, prsten je \u010d\u00e1ste\u010dn\u011b pozlacen vrtvou 5\u03bc, celkov\u00e1 hmotnost 4,4 g. Velikost prstenu je 61 (obvod prstenu v mm).<\/p>\n","protected":false},"featured_media":30588,"template":"","meta":{"_acf_changed":false,"_uag_custom_page_level_css":""},"product_brand":[],"product_cat":[241,242],"product_tag":[240,87,97,308,309],"class_list":{"0":"post-30585","1":"product","2":"type-product","3":"status-publish","4":"has-post-thumbnail","6":"product_cat-prsteny-s-prirodnimi-kameny","7":"product_cat-prsteny-s-prirodnimi-kameny-stribro-925-1000","8":"product_tag-prsten","9":"product_tag-stribro-925-1000","10":"product_tag-turmalin","11":"product_tag-verdelit","12":"product_tag-zeleny-turmalin","14":"first","15":"instock","16":"sold-individually","17":"taxable","18":"shipping-taxable","19":"purchasable","20":"product-type-simple"},"acf":[],"uagb_featured_image_src":{"full":["https:\/\/4c.top-me.eu\/wp-content\/uploads\/2024\/12\/IMG_9961-scaled.jpg",0,0,false],"thumbnail":["https:\/\/4c.top-me.eu\/wp-content\/uploads\/2024\/12\/IMG_9961-scaled.jpg",1,1,false],"medium":["https:\/\/4c.top-me.eu\/wp-content\/uploads\/2024\/12\/IMG_9961-scaled.jpg",1,1,false],"medium_large":["https:\/\/4c.top-me.eu\/wp-content\/uploads\/2024\/12\/IMG_9961-scaled.jpg",1,1,false],"large":["https:\/\/4c.top-me.eu\/wp-content\/uploads\/2024\/12\/IMG_9961-scaled.jpg",1,1,false],"1536x1536":["https:\/\/4c.top-me.eu\/wp-content\/uploads\/2024\/12\/IMG_9961-scaled.jpg",1,1,false],"2048x2048":["https:\/\/4c.top-me.eu\/wp-content\/uploads\/2024\/12\/IMG_9961-scaled.jpg",1,1,false],"archive-list":["https:\/\/4c.top-me.eu\/wp-content\/uploads\/2024\/12\/IMG_9961-scaled.jpg",1,1,false],"archive-list-2":["https:\/\/4c.top-me.eu\/wp-content\/uploads\/2024\/12\/IMG_9961-scaled.jpg",1,1,false],"woocommerce_thumbnail":["https:\/\/4c.top-me.eu\/wp-content\/uploads\/2024\/12\/IMG_9961-scaled.jpg",1,1,false],"woocommerce_single":["https:\/\/4c.top-me.eu\/wp-content\/uploads\/2024\/12\/IMG_9961-scaled.jpg",1,1,false],"woocommerce_gallery_thumbnail":["https:\/\/4c.top-me.eu\/wp-content\/uploads\/2024\/12\/IMG_9961-scaled.jpg",1,1,false]},"uagb_author_info":{"display_name":"accordeonMaster","author_link":"https:\/\/4c.top-me.eu\/en\/author\/"},"uagb_comment_info":0,"uagb_excerpt":"N\u00e1dhern\u00fd elegantn\u00ed prsten s brou\u0161en\u00fdm tr\u00e1vov\u011b zelen\u00fdm turmal\u00ednem a diamantem. Turmal\u00edn je obd\u00e9ln\u00edkov\u00e9ho brusu a m\u011b\u0159\u00ed 8 mm na v\u00fd\u0161ku a 4 mm na \u0161\u00ed\u0159ku. Diamant je kulat\u00e9ho brusu a m\u011b\u0159\u00ed 2,5 mm. St\u0159\u00edbro 925\/1000, prsten je \u010d\u00e1ste\u010dn\u011b pozlacen vrtvou 5\u03bc, celkov\u00e1 hmotnost 4,4 g. Velikost prstenu je 61 (obvod prstenu v mm).","_links":{"self":[{"href":"https:\/\/4c.top-me.eu\/en\/wp-json\/wp\/v2\/product\/30585","targetHints":{"allow":["GET"]}}],"collection":[{"href":"https:\/\/4c.top-me.eu\/en\/wp-json\/wp\/v2\/product"}],"about":[{"href":"https:\/\/4c.top-me.eu\/en\/wp-json\/wp\/v2\/types\/product"}],"wp:featuredmedia":[{"embeddable":true,"href":"https:\/\/4c.top-me.eu\/en\/wp-json\/wp\/v2\/media\/30588"}],"wp:attachment":[{"href":"https:\/\/4c.top-me.eu\/en\/wp-json\/wp\/v2\/media?parent=30585"}],"wp:term":[{"taxonomy":"product_brand","embeddable":true,"href":"https:\/\/4c.top-me.eu\/en\/wp-json\/wp\/v2\/product_brand?post=30585"},{"taxonomy":"product_cat","embeddable":true,"href":"https:\/\/4c.top-me.eu\/en\/wp-json\/wp\/v2\/product_cat?post=30585"},{"taxonomy":"product_tag","embeddable":true,"href":"https:\/\/4c.top-me.eu\/en\/wp-json\/wp\/v2\/product_tag?post=30585"}],"curies":[{"name":"wp","href":"https:\/\/api.w.org\/{rel}","templated":true}]}}