{"id":30565,"date":"2024-12-18T18:09:02","date_gmt":"2024-12-18T18:09:02","guid":{"rendered":"https:\/\/fvgear.com\/?post_type=product&#038;p=30565"},"modified":"2025-01-17T16:52:54","modified_gmt":"2025-01-17T16:52:54","slug":"prsten-turmalin-4","status":"publish","type":"product","link":"https:\/\/4c.top-me.eu\/en\/product\/prsten-turmalin-4\/","title":{"rendered":"Prsten turmal\u00edn"},"content":{"rendered":"<p>P\u0159ekr\u00e1sn\u00fd origin\u00e1ln\u00ed prsten s 5 kabo\u0161ony turmal\u00ednu r\u016fzn\u00fdch barevn\u00fdch odst\u00edn\u016f \u017elut\u00e9, r\u016f\u017eov\u00e9 a zelen\u00e9, velikostn\u011b se pohybuj\u00edc\u00edch od 3 do 9 mm.<br \/>\nSt\u0159\u00edbro 925\/1000, prsten je \u010d\u00e1ste\u010dn\u011b pozlacen vrtvou 5<span class=\"BxUVEf ILfuVd\" lang=\"cs\"><span class=\"hgKElc\">\u03bc,<\/span><\/span> celkov\u00e1 hmotnost 9,79 g. Velikost prstenu je 56 (obvod prstenu v mm).<\/p>\n","protected":false},"excerpt":{"rendered":"<p>P\u0159ekr\u00e1sn\u00fd origin\u00e1ln\u00ed prsten s 5 kabo\u0161ony turmal\u00ednu r\u016fzn\u00fdch barevn\u00fdch odst\u00edn\u016f \u017elut\u00e9, r\u016f\u017eov\u00e9 a zelen\u00e9, velikostn\u011b se pohybuj\u00edc\u00edch od 3 do 9 mm. St\u0159\u00edbro 925\/1000, prsten je \u010d\u00e1ste\u010dn\u011b pozlacen vrtvou 5\u03bc, celkov\u00e1 hmotnost 9,79 g. Velikost prstenu je 56 (obvod prstenu v mm).<\/p>\n","protected":false},"featured_media":30570,"template":"","meta":{"_acf_changed":false,"_uag_custom_page_level_css":""},"product_brand":[],"product_cat":[241,242],"product_tag":[240,98,87,97,309,315],"class_list":{"0":"post-30565","1":"product","2":"type-product","3":"status-publish","4":"has-post-thumbnail","6":"product_cat-prsteny-s-prirodnimi-kameny","7":"product_cat-prsteny-s-prirodnimi-kameny-stribro-925-1000","8":"product_tag-prsten","9":"product_tag-rubelit","10":"product_tag-stribro-925-1000","11":"product_tag-turmalin","12":"product_tag-zeleny-turmalin","13":"product_tag-zluty-turmalin","15":"first","16":"instock","17":"sold-individually","18":"taxable","19":"shipping-taxable","20":"purchasable","21":"product-type-simple"},"acf":[],"uagb_featured_image_src":{"full":["https:\/\/4c.top-me.eu\/wp-content\/uploads\/2024\/12\/IMG_9952-scaled.jpg",0,0,false],"thumbnail":["https:\/\/4c.top-me.eu\/wp-content\/uploads\/2024\/12\/IMG_9952-scaled.jpg",1,1,false],"medium":["https:\/\/4c.top-me.eu\/wp-content\/uploads\/2024\/12\/IMG_9952-scaled.jpg",1,1,false],"medium_large":["https:\/\/4c.top-me.eu\/wp-content\/uploads\/2024\/12\/IMG_9952-scaled.jpg",1,1,false],"large":["https:\/\/4c.top-me.eu\/wp-content\/uploads\/2024\/12\/IMG_9952-scaled.jpg",1,1,false],"1536x1536":["https:\/\/4c.top-me.eu\/wp-content\/uploads\/2024\/12\/IMG_9952-scaled.jpg",1,1,false],"2048x2048":["https:\/\/4c.top-me.eu\/wp-content\/uploads\/2024\/12\/IMG_9952-scaled.jpg",1,1,false],"archive-list":["https:\/\/4c.top-me.eu\/wp-content\/uploads\/2024\/12\/IMG_9952-scaled.jpg",1,1,false],"archive-list-2":["https:\/\/4c.top-me.eu\/wp-content\/uploads\/2024\/12\/IMG_9952-scaled.jpg",1,1,false],"woocommerce_thumbnail":["https:\/\/4c.top-me.eu\/wp-content\/uploads\/2024\/12\/IMG_9952-scaled.jpg",1,1,false],"woocommerce_single":["https:\/\/4c.top-me.eu\/wp-content\/uploads\/2024\/12\/IMG_9952-scaled.jpg",1,1,false],"woocommerce_gallery_thumbnail":["https:\/\/4c.top-me.eu\/wp-content\/uploads\/2024\/12\/IMG_9952-scaled.jpg",1,1,false]},"uagb_author_info":{"display_name":"accordeonMaster","author_link":"https:\/\/4c.top-me.eu\/en\/author\/"},"uagb_comment_info":0,"uagb_excerpt":"P\u0159ekr\u00e1sn\u00fd origin\u00e1ln\u00ed prsten s 5 kabo\u0161ony turmal\u00ednu r\u016fzn\u00fdch barevn\u00fdch odst\u00edn\u016f \u017elut\u00e9, r\u016f\u017eov\u00e9 a zelen\u00e9, velikostn\u011b se pohybuj\u00edc\u00edch od 3 do 9 mm. St\u0159\u00edbro 925\/1000, prsten je \u010d\u00e1ste\u010dn\u011b pozlacen vrtvou 5\u03bc, celkov\u00e1 hmotnost 9,79 g. Velikost prstenu je 56 (obvod prstenu v mm).","_links":{"self":[{"href":"https:\/\/4c.top-me.eu\/en\/wp-json\/wp\/v2\/product\/30565","targetHints":{"allow":["GET"]}}],"collection":[{"href":"https:\/\/4c.top-me.eu\/en\/wp-json\/wp\/v2\/product"}],"about":[{"href":"https:\/\/4c.top-me.eu\/en\/wp-json\/wp\/v2\/types\/product"}],"wp:featuredmedia":[{"embeddable":true,"href":"https:\/\/4c.top-me.eu\/en\/wp-json\/wp\/v2\/media\/30570"}],"wp:attachment":[{"href":"https:\/\/4c.top-me.eu\/en\/wp-json\/wp\/v2\/media?parent=30565"}],"wp:term":[{"taxonomy":"product_brand","embeddable":true,"href":"https:\/\/4c.top-me.eu\/en\/wp-json\/wp\/v2\/product_brand?post=30565"},{"taxonomy":"product_cat","embeddable":true,"href":"https:\/\/4c.top-me.eu\/en\/wp-json\/wp\/v2\/product_cat?post=30565"},{"taxonomy":"product_tag","embeddable":true,"href":"https:\/\/4c.top-me.eu\/en\/wp-json\/wp\/v2\/product_tag?post=30565"}],"curies":[{"name":"wp","href":"https:\/\/api.w.org\/{rel}","templated":true}]}}