{"id":30367,"date":"2024-11-25T15:51:10","date_gmt":"2024-11-25T15:51:10","guid":{"rendered":"https:\/\/fvgear.com\/?post_type=product&#038;p=30367"},"modified":"2024-11-25T15:51:10","modified_gmt":"2024-11-25T15:51:10","slug":"zkamenela-sekvoj-3","status":"publish","type":"product","link":"https:\/\/4c.top-me.eu\/en\/product\/zkamenela-sekvoj-3\/","title":{"rendered":"Zkamen\u011bl\u00e1 sekvoj"},"content":{"rendered":"<p><span class=\"Y2IQFc\" lang=\"cs\">Kamenn\u00e1 deska z opalizovan\u00e9ho d\u0159eva. Kmeny, v\u011btve a ko\u0159eny strom\u016f pat\u0159\u00ed t\u0159etihorn\u00edm sekvoj\u00edm, kter\u00e9 rostly ve vulkanick\u00e9 oblasti v dne\u0161n\u00edm severn\u00edm Ma\u010farsku. Obrovsk\u00e9 kmeny sekvoj\u00ed byly po uhynut\u00ed poh\u0159beny do bahna a sope\u010dn\u00e9ho popela a zde byly pozd\u011bji impregnovan\u00e9 op\u00e1lem krystalizuj\u00edc\u00edm z mineralizovan\u00fdch term\u00e1ln\u00edch roztok\u016f. Proto\u017ee je k\u00e1men slo\u017een z tvrd\u00e9ho op\u00e1lu (amorfn\u00ed forma SiO2), je deska velmi tvrd\u00e1, pevn\u00e1 a kompaktn\u00ed. Aby byla zachov\u00e1na autenti\u010dnost zkamen\u011bl\u00e9ho d\u0159eva, p\u0159\u00edrodn\u00ed trhliny nejsou napln\u011bn\u00e9 prysky\u0159ic\u00ed nebo jin\u00fdm materi\u00e1lem. P\u0159esto je pevnost le\u0161t\u011bn\u00fdch desel velmi vysok\u00e1. Pastelov\u00e9 barvy t\u011bchto kamen\u016f se m\u011bn\u00ed p\u0159es b\u00edlou, \u0161edou, na\u017eloutlou, b\u00e9\u017eovou a r\u016fzn\u00e9 odst\u00edny hn\u011bd\u00e9 a\u017e \u010dern\u00e9. Tyto barevn\u00e9 t\u00f3ny se dob\u0159e kombinuj\u00ed s tradi\u010dn\u00edmi i modern\u00edmi interi\u00e9ry, surov\u00fd k\u00e1men se svou p\u016fvodn\u00ed texturou je s\u00e1m o sob\u011b v\u00fdrazn\u00fdm architektonick\u00fdm prvkem. Dekorativn\u00ed desku lze pou\u017e\u00edt k v\u00fdrob\u011b nenapodobiteln\u00fdch konferen\u010dn\u00edch stolk\u016f a velk\u00fdch stol\u016f, nebo tak\u00e9 jako n\u00e1st\u011bnn\u00e1 dekorace m\u00edsto obraz\u016f. Hmotnost 120 kg je pouze orienta\u010dn\u00ed. Rozm\u011bry 95 cm x 104 cm x zadn\u00ed strana je p\u0159\u00edrodn\u00ed, neupravovan\u00e1.<\/span><\/p>\n","protected":false},"excerpt":{"rendered":"<p>Kamenn\u00e1 deska z opalizovan\u00e9ho d\u0159eva. Kmeny, v\u011btve a ko\u0159eny strom\u016f pat\u0159\u00ed t\u0159etihorn\u00edm sekvoj\u00edm, kter\u00e9 rostly ve vulkanick\u00e9 oblasti v dne\u0161n\u00edm severn\u00edm Ma\u010farsku. Obrovsk\u00e9 kmeny sekvoj\u00ed byly po uhynut\u00ed poh\u0159beny do bahna a sope\u010dn\u00e9ho popela a zde byly pozd\u011bji impregnovan\u00e9 op\u00e1lem krystalizuj\u00edc\u00edm z mineralizovan\u00fdch term\u00e1ln\u00edch roztok\u016f. Proto\u017ee je k\u00e1men slo\u017een z tvrd\u00e9ho op\u00e1lu (amorfn\u00ed forma SiO2),<\/p>\n","protected":false},"featured_media":30368,"template":"","meta":{"_acf_changed":false,"_uag_custom_page_level_css":""},"product_brand":[],"product_cat":[41,316],"product_tag":[317,46],"class_list":{"0":"post-30367","1":"product","2":"type-product","3":"status-publish","4":"has-post-thumbnail","6":"product_cat-luxusni-dekorace","7":"product_cat-desky-ze-zkamenelych-sekvoji","8":"product_tag-deska","9":"product_tag-zkamenelina","11":"first","12":"instock","13":"sold-individually","14":"taxable","15":"shipping-taxable","16":"purchasable","17":"product-type-simple"},"acf":[],"uagb_featured_image_src":{"full":["https:\/\/4c.top-me.eu\/wp-content\/uploads\/2024\/11\/x006a.jpg",0,0,false],"thumbnail":["https:\/\/4c.top-me.eu\/wp-content\/uploads\/2024\/11\/x006a.jpg",1,1,false],"medium":["https:\/\/4c.top-me.eu\/wp-content\/uploads\/2024\/11\/x006a.jpg",1,1,false],"medium_large":["https:\/\/4c.top-me.eu\/wp-content\/uploads\/2024\/11\/x006a.jpg",1,1,false],"large":["https:\/\/4c.top-me.eu\/wp-content\/uploads\/2024\/11\/x006a.jpg",1,1,false],"1536x1536":["https:\/\/4c.top-me.eu\/wp-content\/uploads\/2024\/11\/x006a.jpg",1,1,false],"2048x2048":["https:\/\/4c.top-me.eu\/wp-content\/uploads\/2024\/11\/x006a.jpg",1,1,false],"archive-list":["https:\/\/4c.top-me.eu\/wp-content\/uploads\/2024\/11\/x006a.jpg",1,1,false],"archive-list-2":["https:\/\/4c.top-me.eu\/wp-content\/uploads\/2024\/11\/x006a.jpg",1,1,false],"woocommerce_thumbnail":["https:\/\/4c.top-me.eu\/wp-content\/uploads\/2024\/11\/x006a.jpg",1,1,false],"woocommerce_single":["https:\/\/4c.top-me.eu\/wp-content\/uploads\/2024\/11\/x006a.jpg",1,1,false],"woocommerce_gallery_thumbnail":["https:\/\/4c.top-me.eu\/wp-content\/uploads\/2024\/11\/x006a.jpg",1,1,false]},"uagb_author_info":{"display_name":"accordeonMaster","author_link":"https:\/\/4c.top-me.eu\/en\/author\/"},"uagb_comment_info":0,"uagb_excerpt":"Kamenn\u00e1 deska z opalizovan\u00e9ho d\u0159eva. Kmeny, v\u011btve a ko\u0159eny strom\u016f pat\u0159\u00ed t\u0159etihorn\u00edm sekvoj\u00edm, kter\u00e9 rostly ve vulkanick\u00e9 oblasti v dne\u0161n\u00edm severn\u00edm Ma\u010farsku. Obrovsk\u00e9 kmeny sekvoj\u00ed byly po uhynut\u00ed poh\u0159beny do bahna a sope\u010dn\u00e9ho popela a zde byly pozd\u011bji impregnovan\u00e9 op\u00e1lem krystalizuj\u00edc\u00edm z mineralizovan\u00fdch term\u00e1ln\u00edch roztok\u016f. Proto\u017ee je k\u00e1men slo\u017een z tvrd\u00e9ho op\u00e1lu (amorfn\u00ed forma SiO2),","_links":{"self":[{"href":"https:\/\/4c.top-me.eu\/en\/wp-json\/wp\/v2\/product\/30367","targetHints":{"allow":["GET"]}}],"collection":[{"href":"https:\/\/4c.top-me.eu\/en\/wp-json\/wp\/v2\/product"}],"about":[{"href":"https:\/\/4c.top-me.eu\/en\/wp-json\/wp\/v2\/types\/product"}],"wp:featuredmedia":[{"embeddable":true,"href":"https:\/\/4c.top-me.eu\/en\/wp-json\/wp\/v2\/media\/30368"}],"wp:attachment":[{"href":"https:\/\/4c.top-me.eu\/en\/wp-json\/wp\/v2\/media?parent=30367"}],"wp:term":[{"taxonomy":"product_brand","embeddable":true,"href":"https:\/\/4c.top-me.eu\/en\/wp-json\/wp\/v2\/product_brand?post=30367"},{"taxonomy":"product_cat","embeddable":true,"href":"https:\/\/4c.top-me.eu\/en\/wp-json\/wp\/v2\/product_cat?post=30367"},{"taxonomy":"product_tag","embeddable":true,"href":"https:\/\/4c.top-me.eu\/en\/wp-json\/wp\/v2\/product_tag?post=30367"}],"curies":[{"name":"wp","href":"https:\/\/api.w.org\/{rel}","templated":true}]}}