{"id":30238,"date":"2024-11-21T16:20:02","date_gmt":"2024-11-21T16:20:02","guid":{"rendered":"https:\/\/fvgear.com\/?post_type=product&#038;p=30238"},"modified":"2024-11-21T16:21:36","modified_gmt":"2024-11-21T16:21:36","slug":"nahrdelnik-labradorit-4","status":"publish","type":"product","link":"https:\/\/4c.top-me.eu\/en\/product\/nahrdelnik-labradorit-4\/","title":{"rendered":"N\u00e1hrdeln\u00edk labradorit"},"content":{"rendered":"<div class=\"et_pb_column et_pb_column_3_8 et_pb_column_inner et_pb_column_inner_4_tb_body et-last-child\">\n<div class=\"et_pb_module et_pb_wc_description et_pb_wc_description_1_tb_body et_pb_bg_layout_light et_pb_text_align_left\">\n<div class=\"et_pb_module_inner\">\n<p>N\u00e1dhern\u00fd n\u011b\u017en\u00fd n\u00e1hrdeln\u00edk z brou\u0161en\u00fdch kor\u00e1lk\u016f labradoritu, s ozdobn\u00fdm st\u0159\u00edbrn\u00fdm komponentem ve tvaru r\u016f\u017ee uprost\u0159ed p\u0159edn\u00ed \u010d\u00e1sti, ozdoben\u00fdm drobn\u00fdmi st\u0159\u00edbrn\u00fdmi kuli\u010dkami a dekorativn\u00edmi st\u0159\u00edbrn\u00fdmi trubi\u010dkami po stran\u00e1ch. N\u00e1hrdeln\u00edk je navle\u010den na kovov\u00e9m lanku.<\/p>\n<p>Pr\u016fm\u011br kor\u00e1lk\u016f labradoritu je 2 mm. Centr\u00e1ln\u00ed p\u0159\u00edv\u011bsek m\u011b\u0159\u00ed na v\u00fd\u0161ku 17 mm a na \u0161\u00ed\u0159ku 10 mm. N\u00e1hrdeln\u00edk m\u00e1 st\u0159\u00edbrn\u00e9 zap\u00edn\u00e1n\u00ed na klasickou karabinku, st\u0159\u00edbro Ag 925\/1000, d\u00e9lka cel\u00e9ho zap\u00edn\u00e1n\u00ed je 2 cm. Celkov\u00e1 d\u00e9lka n\u00e1hrdeln\u00edku je 43,5 cm. Celkov\u00e1 hmotnost je 4,4 g.<\/p>\n<\/div>\n<\/div>\n<\/div>\n","protected":false},"excerpt":{"rendered":"<p>N\u00e1dhern\u00fd n\u011b\u017en\u00fd n\u00e1hrdeln\u00edk z brou\u0161en\u00fdch kor\u00e1lk\u016f labradoritu, s ozdobn\u00fdm st\u0159\u00edbrn\u00fdm komponentem ve tvaru r\u016f\u017ee uprost\u0159ed p\u0159edn\u00ed \u010d\u00e1sti, ozdoben\u00fdm drobn\u00fdmi st\u0159\u00edbrn\u00fdmi kuli\u010dkami a dekorativn\u00edmi st\u0159\u00edbrn\u00fdmi trubi\u010dkami po stran\u00e1ch. N\u00e1hrdeln\u00edk je navle\u010den na kovov\u00e9m lanku. Pr\u016fm\u011br kor\u00e1lk\u016f labradoritu je 2 mm. Centr\u00e1ln\u00ed p\u0159\u00edv\u011bsek m\u011b\u0159\u00ed na v\u00fd\u0161ku 17 mm a na \u0161\u00ed\u0159ku 10 mm. N\u00e1hrdeln\u00edk m\u00e1 st\u0159\u00edbrn\u00e9 zap\u00edn\u00e1n\u00ed<\/p>\n","protected":false},"featured_media":30241,"template":"","meta":{"_acf_changed":false,"_uag_custom_page_level_css":""},"product_brand":[],"product_cat":[30,31,27],"product_tag":[176,33,87],"class_list":{"0":"post-30238","1":"product","2":"type-product","3":"status-publish","4":"has-post-thumbnail","6":"product_cat-nahrdelniky-s-prirodnimi-kameny","7":"product_cat-nahrdelniky-s-prirodnimi-kameny-stribro-925-1000","8":"product_cat-vyrobky-z-kamenu","9":"product_tag-labrodorit","10":"product_tag-nahrdelnik","11":"product_tag-stribro-925-1000","13":"first","14":"instock","15":"sold-individually","16":"taxable","17":"shipping-taxable","18":"purchasable","19":"product-type-simple"},"acf":[],"uagb_featured_image_src":{"full":["https:\/\/4c.top-me.eu\/wp-content\/uploads\/2024\/11\/IMG_8720-scaled.jpg",0,0,false],"thumbnail":["https:\/\/4c.top-me.eu\/wp-content\/uploads\/2024\/11\/IMG_8720-scaled.jpg",1,1,false],"medium":["https:\/\/4c.top-me.eu\/wp-content\/uploads\/2024\/11\/IMG_8720-scaled.jpg",1,1,false],"medium_large":["https:\/\/4c.top-me.eu\/wp-content\/uploads\/2024\/11\/IMG_8720-scaled.jpg",1,1,false],"large":["https:\/\/4c.top-me.eu\/wp-content\/uploads\/2024\/11\/IMG_8720-scaled.jpg",1,1,false],"1536x1536":["https:\/\/4c.top-me.eu\/wp-content\/uploads\/2024\/11\/IMG_8720-scaled.jpg",1,1,false],"2048x2048":["https:\/\/4c.top-me.eu\/wp-content\/uploads\/2024\/11\/IMG_8720-scaled.jpg",1,1,false],"archive-list":["https:\/\/4c.top-me.eu\/wp-content\/uploads\/2024\/11\/IMG_8720-scaled.jpg",1,1,false],"archive-list-2":["https:\/\/4c.top-me.eu\/wp-content\/uploads\/2024\/11\/IMG_8720-scaled.jpg",1,1,false],"woocommerce_thumbnail":["https:\/\/4c.top-me.eu\/wp-content\/uploads\/2024\/11\/IMG_8720-scaled.jpg",1,1,false],"woocommerce_single":["https:\/\/4c.top-me.eu\/wp-content\/uploads\/2024\/11\/IMG_8720-scaled.jpg",1,1,false],"woocommerce_gallery_thumbnail":["https:\/\/4c.top-me.eu\/wp-content\/uploads\/2024\/11\/IMG_8720-scaled.jpg",1,1,false]},"uagb_author_info":{"display_name":"accordeonMaster","author_link":"https:\/\/4c.top-me.eu\/en\/author\/"},"uagb_comment_info":0,"uagb_excerpt":"N\u00e1dhern\u00fd n\u011b\u017en\u00fd n\u00e1hrdeln\u00edk z brou\u0161en\u00fdch kor\u00e1lk\u016f labradoritu, s ozdobn\u00fdm st\u0159\u00edbrn\u00fdm komponentem ve tvaru r\u016f\u017ee uprost\u0159ed p\u0159edn\u00ed \u010d\u00e1sti, ozdoben\u00fdm drobn\u00fdmi st\u0159\u00edbrn\u00fdmi kuli\u010dkami a dekorativn\u00edmi st\u0159\u00edbrn\u00fdmi trubi\u010dkami po stran\u00e1ch. N\u00e1hrdeln\u00edk je navle\u010den na kovov\u00e9m lanku. Pr\u016fm\u011br kor\u00e1lk\u016f labradoritu je 2 mm. Centr\u00e1ln\u00ed p\u0159\u00edv\u011bsek m\u011b\u0159\u00ed na v\u00fd\u0161ku 17 mm a na \u0161\u00ed\u0159ku 10 mm. N\u00e1hrdeln\u00edk m\u00e1 st\u0159\u00edbrn\u00e9 zap\u00edn\u00e1n\u00ed","_links":{"self":[{"href":"https:\/\/4c.top-me.eu\/en\/wp-json\/wp\/v2\/product\/30238","targetHints":{"allow":["GET"]}}],"collection":[{"href":"https:\/\/4c.top-me.eu\/en\/wp-json\/wp\/v2\/product"}],"about":[{"href":"https:\/\/4c.top-me.eu\/en\/wp-json\/wp\/v2\/types\/product"}],"wp:featuredmedia":[{"embeddable":true,"href":"https:\/\/4c.top-me.eu\/en\/wp-json\/wp\/v2\/media\/30241"}],"wp:attachment":[{"href":"https:\/\/4c.top-me.eu\/en\/wp-json\/wp\/v2\/media?parent=30238"}],"wp:term":[{"taxonomy":"product_brand","embeddable":true,"href":"https:\/\/4c.top-me.eu\/en\/wp-json\/wp\/v2\/product_brand?post=30238"},{"taxonomy":"product_cat","embeddable":true,"href":"https:\/\/4c.top-me.eu\/en\/wp-json\/wp\/v2\/product_cat?post=30238"},{"taxonomy":"product_tag","embeddable":true,"href":"https:\/\/4c.top-me.eu\/en\/wp-json\/wp\/v2\/product_tag?post=30238"}],"curies":[{"name":"wp","href":"https:\/\/api.w.org\/{rel}","templated":true}]}}