{"id":30170,"date":"2024-11-18T15:51:06","date_gmt":"2024-11-18T15:51:06","guid":{"rendered":"https:\/\/fvgear.com\/?post_type=product&#038;p=30170"},"modified":"2024-11-18T15:52:54","modified_gmt":"2024-11-18T15:52:54","slug":"nahrdelnik-zluty-safir-3","status":"publish","type":"product","link":"https:\/\/4c.top-me.eu\/en\/product\/nahrdelnik-zluty-safir-3\/","title":{"rendered":"N\u00e1hrdeln\u00edk saf\u00edr"},"content":{"rendered":"<div class=\"et_pb_column et_pb_column_3_8 et_pb_column_inner et_pb_column_inner_4_tb_body et-last-child\">\n<div class=\"et_pb_module et_pb_wc_description et_pb_wc_description_1_tb_body et_pb_bg_layout_light et_pb_text_align_left\">\n<div class=\"et_pb_module_inner\">\n<div class=\"et_pb_column et_pb_column_3_8 et_pb_column_inner et_pb_column_inner_4_tb_body et-last-child\">\n<div class=\"et_pb_module et_pb_wc_description et_pb_wc_description_1_tb_body et_pb_bg_layout_light et_pb_text_align_left\">\n<div class=\"et_pb_module_inner\">\n<div class=\"et_pb_column et_pb_column_3_8 et_pb_column_inner et_pb_column_inner_4_tb_body et-last-child\">\n<div class=\"et_pb_module et_pb_wc_description et_pb_wc_description_1_tb_body et_pb_bg_layout_light et_pb_text_align_left\">\n<div class=\"et_pb_module_inner\">\n<div class=\"et_pb_column et_pb_column_3_8 et_pb_column_inner et_pb_column_inner_4_tb_body et-last-child\">\n<div class=\"et_pb_module et_pb_wc_description et_pb_wc_description_1_tb_body et_pb_bg_layout_light et_pb_text_align_left\">\n<div class=\"et_pb_module_inner\">\n<p>Jedine\u010dn\u00fd p\u0159ekr\u00e1sn\u00fd n\u00e1hrdeln\u00edk z nepravideln\u011b brou\u0161en\u00fdch kor\u00e1lk\u016f z n\u00e1dhern\u00e9ho \u017elut\u00e9ho, oran\u017eov\u00e9ho a na\u010dervenal\u00e9ho saf\u00edru ze Sr\u00ed Lanky, kr\u00e1sn\u011b odstup\u0148ovan\u00e9ho podle jednotliv\u00fdch barevn\u00fdch odst\u00edn\u016f a velikost\u00ed (nejmen\u0161\u00ed kor\u00e1lky v zadn\u00ed \u010d\u00e1sti u zap\u00edn\u00e1n\u00ed a nejv\u011bt\u0161\u00ed v centr\u00e1ln\u00ed p\u0159edn\u00ed \u010d\u00e1sti). N\u00e1hrdeln\u00edk je navle\u010den na kovov\u00e9m lanku.<\/p>\n<p>Pr\u016fm\u011br kor\u00e1lk\u016f saf\u00edru se pohybuje od nejmen\u0161\u00edch (cca 2 mm) k nejv\u011bt\u0161\u00edm (cca 4 mm). N\u00e1hrdeln\u00edk m\u00e1 st\u0159\u00edbrn\u00e9 zap\u00edn\u00e1n\u00ed na klasickou karabinku, st\u0159\u00edbro Ag 925\/1000, d\u00e9lka zap\u00edn\u00e1n\u00ed je 2 cm. Celkov\u00e1 d\u00e9lka n\u00e1hrdeln\u00edku je 48 cm. Celkov\u00e1 hmotnost je 10,28 g.<\/p>\n<\/div>\n<\/div>\n<\/div>\n<\/div>\n<\/div>\n<\/div>\n<\/div>\n<\/div>\n<\/div>\n<\/div>\n<\/div>\n<\/div>\n","protected":false},"excerpt":{"rendered":"<p>Jedine\u010dn\u00fd p\u0159ekr\u00e1sn\u00fd n\u00e1hrdeln\u00edk z nepravideln\u011b brou\u0161en\u00fdch kor\u00e1lk\u016f z n\u00e1dhern\u00e9ho \u017elut\u00e9ho, oran\u017eov\u00e9ho a na\u010dervenal\u00e9ho saf\u00edru ze Sr\u00ed Lanky, kr\u00e1sn\u011b odstup\u0148ovan\u00e9ho podle jednotliv\u00fdch barevn\u00fdch odst\u00edn\u016f a velikost\u00ed (nejmen\u0161\u00ed kor\u00e1lky v zadn\u00ed \u010d\u00e1sti u zap\u00edn\u00e1n\u00ed a nejv\u011bt\u0161\u00ed v centr\u00e1ln\u00ed p\u0159edn\u00ed \u010d\u00e1sti). N\u00e1hrdeln\u00edk je navle\u010den na kovov\u00e9m lanku. Pr\u016fm\u011br kor\u00e1lk\u016f saf\u00edru se pohybuje od nejmen\u0161\u00edch (cca 2 mm) k<\/p>\n","protected":false},"featured_media":30171,"template":"","meta":{"_acf_changed":false,"_uag_custom_page_level_css":""},"product_brand":[],"product_cat":[30,31,27],"product_tag":[33,87,313],"class_list":{"0":"post-30170","1":"product","2":"type-product","3":"status-publish","4":"has-post-thumbnail","6":"product_cat-nahrdelniky-s-prirodnimi-kameny","7":"product_cat-nahrdelniky-s-prirodnimi-kameny-stribro-925-1000","8":"product_cat-vyrobky-z-kamenu","9":"product_tag-nahrdelnik","10":"product_tag-stribro-925-1000","11":"product_tag-zluty-safir","13":"first","14":"instock","15":"sold-individually","16":"taxable","17":"shipping-taxable","18":"purchasable","19":"product-type-simple"},"acf":[],"uagb_featured_image_src":{"full":["https:\/\/4c.top-me.eu\/wp-content\/uploads\/2024\/11\/IMG_6818-scaled.jpg",0,0,false],"thumbnail":["https:\/\/4c.top-me.eu\/wp-content\/uploads\/2024\/11\/IMG_6818-scaled.jpg",1,1,false],"medium":["https:\/\/4c.top-me.eu\/wp-content\/uploads\/2024\/11\/IMG_6818-scaled.jpg",1,1,false],"medium_large":["https:\/\/4c.top-me.eu\/wp-content\/uploads\/2024\/11\/IMG_6818-scaled.jpg",1,1,false],"large":["https:\/\/4c.top-me.eu\/wp-content\/uploads\/2024\/11\/IMG_6818-scaled.jpg",1,1,false],"1536x1536":["https:\/\/4c.top-me.eu\/wp-content\/uploads\/2024\/11\/IMG_6818-scaled.jpg",1,1,false],"2048x2048":["https:\/\/4c.top-me.eu\/wp-content\/uploads\/2024\/11\/IMG_6818-scaled.jpg",1,1,false],"archive-list":["https:\/\/4c.top-me.eu\/wp-content\/uploads\/2024\/11\/IMG_6818-scaled.jpg",1,1,false],"archive-list-2":["https:\/\/4c.top-me.eu\/wp-content\/uploads\/2024\/11\/IMG_6818-scaled.jpg",1,1,false],"woocommerce_thumbnail":["https:\/\/4c.top-me.eu\/wp-content\/uploads\/2024\/11\/IMG_6818-scaled.jpg",1,1,false],"woocommerce_single":["https:\/\/4c.top-me.eu\/wp-content\/uploads\/2024\/11\/IMG_6818-scaled.jpg",1,1,false],"woocommerce_gallery_thumbnail":["https:\/\/4c.top-me.eu\/wp-content\/uploads\/2024\/11\/IMG_6818-scaled.jpg",1,1,false]},"uagb_author_info":{"display_name":"accordeonMaster","author_link":"https:\/\/4c.top-me.eu\/en\/author\/"},"uagb_comment_info":0,"uagb_excerpt":"Jedine\u010dn\u00fd p\u0159ekr\u00e1sn\u00fd n\u00e1hrdeln\u00edk z nepravideln\u011b brou\u0161en\u00fdch kor\u00e1lk\u016f z n\u00e1dhern\u00e9ho \u017elut\u00e9ho, oran\u017eov\u00e9ho a na\u010dervenal\u00e9ho saf\u00edru ze Sr\u00ed Lanky, kr\u00e1sn\u011b odstup\u0148ovan\u00e9ho podle jednotliv\u00fdch barevn\u00fdch odst\u00edn\u016f a velikost\u00ed (nejmen\u0161\u00ed kor\u00e1lky v zadn\u00ed \u010d\u00e1sti u zap\u00edn\u00e1n\u00ed a nejv\u011bt\u0161\u00ed v centr\u00e1ln\u00ed p\u0159edn\u00ed \u010d\u00e1sti). N\u00e1hrdeln\u00edk je navle\u010den na kovov\u00e9m lanku. Pr\u016fm\u011br kor\u00e1lk\u016f saf\u00edru se pohybuje od nejmen\u0161\u00edch (cca 2 mm) k","_links":{"self":[{"href":"https:\/\/4c.top-me.eu\/en\/wp-json\/wp\/v2\/product\/30170","targetHints":{"allow":["GET"]}}],"collection":[{"href":"https:\/\/4c.top-me.eu\/en\/wp-json\/wp\/v2\/product"}],"about":[{"href":"https:\/\/4c.top-me.eu\/en\/wp-json\/wp\/v2\/types\/product"}],"wp:featuredmedia":[{"embeddable":true,"href":"https:\/\/4c.top-me.eu\/en\/wp-json\/wp\/v2\/media\/30171"}],"wp:attachment":[{"href":"https:\/\/4c.top-me.eu\/en\/wp-json\/wp\/v2\/media?parent=30170"}],"wp:term":[{"taxonomy":"product_brand","embeddable":true,"href":"https:\/\/4c.top-me.eu\/en\/wp-json\/wp\/v2\/product_brand?post=30170"},{"taxonomy":"product_cat","embeddable":true,"href":"https:\/\/4c.top-me.eu\/en\/wp-json\/wp\/v2\/product_cat?post=30170"},{"taxonomy":"product_tag","embeddable":true,"href":"https:\/\/4c.top-me.eu\/en\/wp-json\/wp\/v2\/product_tag?post=30170"}],"curies":[{"name":"wp","href":"https:\/\/api.w.org\/{rel}","templated":true}]}}