{"id":30102,"date":"2024-11-18T14:31:35","date_gmt":"2024-11-18T14:31:35","guid":{"rendered":"https:\/\/fvgear.com\/?post_type=product&#038;p=30102"},"modified":"2024-11-18T14:52:05","modified_gmt":"2024-11-18T14:52:05","slug":"nahrdelnik-citrin-4","status":"publish","type":"product","link":"https:\/\/4c.top-me.eu\/en\/product\/nahrdelnik-citrin-4\/","title":{"rendered":"N\u00e1hrdeln\u00edk citr\u00edn"},"content":{"rendered":"<div class=\"et_pb_column et_pb_column_3_8 et_pb_column_inner et_pb_column_inner_4_tb_body et-last-child\">\n<div class=\"et_pb_module et_pb_wc_description et_pb_wc_description_1_tb_body et_pb_bg_layout_light et_pb_text_align_left\">\n<div class=\"et_pb_module_inner\">\n<div class=\"et_pb_column et_pb_column_3_8 et_pb_column_inner et_pb_column_inner_4_tb_body et-last-child\">\n<div class=\"et_pb_module et_pb_wc_description et_pb_wc_description_1_tb_body et_pb_bg_layout_light et_pb_text_align_left\">\n<div class=\"et_pb_module_inner\">\n<div class=\"et_pb_column et_pb_column_3_8 et_pb_column_inner et_pb_column_inner_4_tb_body et-last-child\">\n<div class=\"et_pb_module et_pb_wc_description et_pb_wc_description_1_tb_body et_pb_bg_layout_light et_pb_text_align_left\">\n<div class=\"et_pb_module_inner\">\n<p>Luxusn\u00ed origin\u00e1ln\u00ed n\u00e1hrdeln\u00edk z nepravideln\u011b brou\u0161en\u00fdch kor\u00e1lk\u016f citr\u00ednu. N\u00e1hrdeln\u00edk je navle\u010den na \u017elut\u00e9 niti.<\/p>\n<p>Kor\u00e1lky na d\u00e9lku m\u011b\u0159\u00ed okolo 1,5 cm a na \u0161\u00ed\u0159ku okolo 1,3 cm. N\u00e1hrdeln\u00edk m\u00e1 st\u0159\u00edbrn\u00e9 zap\u00edn\u00e1n\u00ed na pozlacenou klasickou karabinku, st\u0159\u00edbro Ag 925\/1000, d\u00e9lka zap\u00edn\u00e1n\u00ed je 2,6 cm. Celkov\u00e1 d\u00e9lka n\u00e1hrdeln\u00edku je 41,7 cm. Celkov\u00e1 hmotnost je 57,37 g.<\/p>\n<\/div>\n<\/div>\n<\/div>\n<\/div>\n<\/div>\n<\/div>\n<\/div>\n<\/div>\n<\/div>\n","protected":false},"excerpt":{"rendered":"<p>Luxusn\u00ed origin\u00e1ln\u00ed n\u00e1hrdeln\u00edk z nepravideln\u011b brou\u0161en\u00fdch kor\u00e1lk\u016f citr\u00ednu. N\u00e1hrdeln\u00edk je navle\u010den na \u017elut\u00e9 niti. Kor\u00e1lky na d\u00e9lku m\u011b\u0159\u00ed okolo 1,5 cm a na \u0161\u00ed\u0159ku okolo 1,3 cm. N\u00e1hrdeln\u00edk m\u00e1 st\u0159\u00edbrn\u00e9 zap\u00edn\u00e1n\u00ed na pozlacenou klasickou karabinku, st\u0159\u00edbro Ag 925\/1000, d\u00e9lka zap\u00edn\u00e1n\u00ed je 2,6 cm. Celkov\u00e1 d\u00e9lka n\u00e1hrdeln\u00edku je 41,7 cm. Celkov\u00e1 hmotnost je 57,37 g.<\/p>\n","protected":false},"featured_media":30103,"template":"","meta":{"_acf_changed":false,"_uag_custom_page_level_css":""},"product_brand":[],"product_cat":[30,31,27],"product_tag":[160,33,87],"class_list":{"0":"post-30102","1":"product","2":"type-product","3":"status-publish","4":"has-post-thumbnail","6":"product_cat-nahrdelniky-s-prirodnimi-kameny","7":"product_cat-nahrdelniky-s-prirodnimi-kameny-stribro-925-1000","8":"product_cat-vyrobky-z-kamenu","9":"product_tag-citrin","10":"product_tag-nahrdelnik","11":"product_tag-stribro-925-1000","13":"first","14":"instock","15":"sold-individually","16":"taxable","17":"shipping-taxable","18":"purchasable","19":"product-type-simple"},"acf":[],"uagb_featured_image_src":{"full":["https:\/\/4c.top-me.eu\/wp-content\/uploads\/2024\/11\/IMG_6761-scaled.jpg",0,0,false],"thumbnail":["https:\/\/4c.top-me.eu\/wp-content\/uploads\/2024\/11\/IMG_6761-scaled.jpg",1,1,false],"medium":["https:\/\/4c.top-me.eu\/wp-content\/uploads\/2024\/11\/IMG_6761-scaled.jpg",1,1,false],"medium_large":["https:\/\/4c.top-me.eu\/wp-content\/uploads\/2024\/11\/IMG_6761-scaled.jpg",1,1,false],"large":["https:\/\/4c.top-me.eu\/wp-content\/uploads\/2024\/11\/IMG_6761-scaled.jpg",1,1,false],"1536x1536":["https:\/\/4c.top-me.eu\/wp-content\/uploads\/2024\/11\/IMG_6761-scaled.jpg",1,1,false],"2048x2048":["https:\/\/4c.top-me.eu\/wp-content\/uploads\/2024\/11\/IMG_6761-scaled.jpg",1,1,false],"archive-list":["https:\/\/4c.top-me.eu\/wp-content\/uploads\/2024\/11\/IMG_6761-scaled.jpg",1,1,false],"archive-list-2":["https:\/\/4c.top-me.eu\/wp-content\/uploads\/2024\/11\/IMG_6761-scaled.jpg",1,1,false],"woocommerce_thumbnail":["https:\/\/4c.top-me.eu\/wp-content\/uploads\/2024\/11\/IMG_6761-scaled.jpg",1,1,false],"woocommerce_single":["https:\/\/4c.top-me.eu\/wp-content\/uploads\/2024\/11\/IMG_6761-scaled.jpg",1,1,false],"woocommerce_gallery_thumbnail":["https:\/\/4c.top-me.eu\/wp-content\/uploads\/2024\/11\/IMG_6761-scaled.jpg",1,1,false]},"uagb_author_info":{"display_name":"accordeonMaster","author_link":"https:\/\/4c.top-me.eu\/en\/author\/"},"uagb_comment_info":0,"uagb_excerpt":"Luxusn\u00ed origin\u00e1ln\u00ed n\u00e1hrdeln\u00edk z nepravideln\u011b brou\u0161en\u00fdch kor\u00e1lk\u016f citr\u00ednu. N\u00e1hrdeln\u00edk je navle\u010den na \u017elut\u00e9 niti. Kor\u00e1lky na d\u00e9lku m\u011b\u0159\u00ed okolo 1,5 cm a na \u0161\u00ed\u0159ku okolo 1,3 cm. N\u00e1hrdeln\u00edk m\u00e1 st\u0159\u00edbrn\u00e9 zap\u00edn\u00e1n\u00ed na pozlacenou klasickou karabinku, st\u0159\u00edbro Ag 925\/1000, d\u00e9lka zap\u00edn\u00e1n\u00ed je 2,6 cm. Celkov\u00e1 d\u00e9lka n\u00e1hrdeln\u00edku je 41,7 cm. Celkov\u00e1 hmotnost je 57,37 g.","_links":{"self":[{"href":"https:\/\/4c.top-me.eu\/en\/wp-json\/wp\/v2\/product\/30102","targetHints":{"allow":["GET"]}}],"collection":[{"href":"https:\/\/4c.top-me.eu\/en\/wp-json\/wp\/v2\/product"}],"about":[{"href":"https:\/\/4c.top-me.eu\/en\/wp-json\/wp\/v2\/types\/product"}],"wp:featuredmedia":[{"embeddable":true,"href":"https:\/\/4c.top-me.eu\/en\/wp-json\/wp\/v2\/media\/30103"}],"wp:attachment":[{"href":"https:\/\/4c.top-me.eu\/en\/wp-json\/wp\/v2\/media?parent=30102"}],"wp:term":[{"taxonomy":"product_brand","embeddable":true,"href":"https:\/\/4c.top-me.eu\/en\/wp-json\/wp\/v2\/product_brand?post=30102"},{"taxonomy":"product_cat","embeddable":true,"href":"https:\/\/4c.top-me.eu\/en\/wp-json\/wp\/v2\/product_cat?post=30102"},{"taxonomy":"product_tag","embeddable":true,"href":"https:\/\/4c.top-me.eu\/en\/wp-json\/wp\/v2\/product_tag?post=30102"}],"curies":[{"name":"wp","href":"https:\/\/api.w.org\/{rel}","templated":true}]}}