{"id":30088,"date":"2024-11-18T13:57:28","date_gmt":"2024-11-18T13:57:28","guid":{"rendered":"https:\/\/fvgear.com\/?post_type=product&#038;p=30088"},"modified":"2024-11-18T14:17:26","modified_gmt":"2024-11-18T14:17:26","slug":"nausnice-sagenit","status":"publish","type":"product","link":"https:\/\/4c.top-me.eu\/en\/product\/nausnice-sagenit\/","title":{"rendered":"N\u00e1u\u0161nice sagenit"},"content":{"rendered":"<div class=\"et_pb_column et_pb_column_3_8 et_pb_column_inner et_pb_column_inner_4_tb_body et-last-child\">\n<div class=\"et_pb_module et_pb_wc_description et_pb_wc_description_1_tb_body et_pb_bg_layout_light et_pb_text_align_left\">\n<div class=\"et_pb_module_inner\">\n<div class=\"et_pb_column et_pb_column_3_8 et_pb_column_inner et_pb_column_inner_4_tb_body et-last-child\">\n<div class=\"et_pb_module et_pb_wc_description et_pb_wc_description_1_tb_body et_pb_bg_layout_light et_pb_text_align_left\">\n<div class=\"et_pb_module_inner\">\n<div class=\"et_pb_column et_pb_column_3_8 et_pb_column_inner et_pb_column_inner_4_tb_body et-last-child\">\n<div class=\"et_pb_module et_pb_wc_description et_pb_wc_description_1_tb_body et_pb_bg_layout_light et_pb_text_align_left\">\n<div class=\"et_pb_module_inner\">\n<p>N\u00e1dhern\u00e9 jedine\u010dn\u00e9 elegantn\u00ed n\u00e1u\u0161nice z brou\u0161en\u00e9ho sagenitu (jehlice rutilu zarostl\u00e9 v pr\u016fhledn\u00e9m k\u0159i\u0161\u0165\u00e1lu \u2013 tzv. sagenit nebo tak\u00e9 \u201evenu\u0161iny vlasy\u201c), tvo\u0159en\u00e9 drobn\u00fdmi brou\u0161en\u00fdmi kor\u00e1lky sagenitu a ve spodn\u00ed \u010d\u00e1sti zakon\u010den\u00e9 v\u011bt\u0161\u00edm brou\u0161en\u00fdm sagenitem ve tvaru kapky. N\u00e1u\u0161nice jsou navle\u010deny na pr\u016fhledn\u00e9m vlasci.<\/p>\n<p>N\u00e1u\u0161nice maj\u00ed klasick\u00e9 zap\u00edn\u00e1n\u00ed na pozlacenou karabinku, st\u0159\u00edbro Ag 925\/1000. D\u00e9lka zap\u00edn\u00e1n\u00ed je 1,6 cm. Men\u0161\u00ed brou\u0161en\u00e9 kor\u00e1lky sagenitu m\u011b\u0159\u00ed v pr\u016fm\u011bru cca 3 mm. V\u011bt\u0161\u00ed brou\u0161en\u00e1 kapka sagenitu m\u011b\u0159\u00ed na d\u00e9lku 12,5 mm a na \u0161\u00ed\u0159ku v nej\u0161ir\u0161\u00ed \u010d\u00e1sti 8,5 mm. Celkov\u00e1 d\u00e9lka n\u00e1u\u0161nic je p\u0159ibli\u017en\u011b 6 cm. Celkov\u00e1 v\u00e1ha n\u00e1u\u0161nic je 3,24 g.<\/p>\n<\/div>\n<p>K n\u00e1u\u0161nic\u00edm doporu\u010dujeme kr\u00e1sn\u011b slad\u011bn\u00fd <a href=\"https:\/\/4c.top-me.eu\/produkt\/nahrdelnik-sagenit-2\/\">n\u00e1hrdeln\u00edk<\/a> ve stejn\u00e9m stylu, takt\u00e9\u017e ze sagenitu.<\/p>\n<\/div>\n<\/div>\n<\/div>\n<\/div>\n<\/div>\n<\/div>\n<\/div>\n<\/div>\n","protected":false},"excerpt":{"rendered":"<p>N\u00e1dhern\u00e9 jedine\u010dn\u00e9 elegantn\u00ed n\u00e1u\u0161nice z brou\u0161en\u00e9ho sagenitu (jehlice rutilu zarostl\u00e9 v pr\u016fhledn\u00e9m k\u0159i\u0161\u0165\u00e1lu \u2013 tzv. sagenit nebo tak\u00e9 \u201evenu\u0161iny vlasy\u201c), tvo\u0159en\u00e9 drobn\u00fdmi brou\u0161en\u00fdmi kor\u00e1lky sagenitu a ve spodn\u00ed \u010d\u00e1sti zakon\u010den\u00e9 v\u011bt\u0161\u00edm brou\u0161en\u00fdm sagenitem ve tvaru kapky. N\u00e1u\u0161nice jsou navle\u010deny na pr\u016fhledn\u00e9m vlasci. N\u00e1u\u0161nice maj\u00ed klasick\u00e9 zap\u00edn\u00e1n\u00ed na pozlacenou karabinku, st\u0159\u00edbro Ag 925\/1000. D\u00e9lka zap\u00edn\u00e1n\u00ed je<\/p>\n","protected":false},"featured_media":30091,"template":"","meta":{"_acf_changed":false,"_uag_custom_page_level_css":""},"product_brand":[],"product_cat":[64,56,27],"product_tag":[118,129,87],"class_list":{"0":"post-30088","1":"product","2":"type-product","3":"status-publish","4":"has-post-thumbnail","6":"product_cat-privesky","7":"product_cat-privesky-a-nausnice-stribro-925-1000","8":"product_cat-vyrobky-z-kamenu","9":"product_tag-nausnice","10":"product_tag-sagenit","11":"product_tag-stribro-925-1000","13":"first","14":"instock","15":"sold-individually","16":"taxable","17":"shipping-taxable","18":"purchasable","19":"product-type-simple"},"acf":[],"uagb_featured_image_src":{"full":["https:\/\/4c.top-me.eu\/wp-content\/uploads\/2024\/11\/IMG_6755-scaled.jpg",0,0,false],"thumbnail":["https:\/\/4c.top-me.eu\/wp-content\/uploads\/2024\/11\/IMG_6755-scaled.jpg",1,1,false],"medium":["https:\/\/4c.top-me.eu\/wp-content\/uploads\/2024\/11\/IMG_6755-scaled.jpg",1,1,false],"medium_large":["https:\/\/4c.top-me.eu\/wp-content\/uploads\/2024\/11\/IMG_6755-scaled.jpg",1,1,false],"large":["https:\/\/4c.top-me.eu\/wp-content\/uploads\/2024\/11\/IMG_6755-scaled.jpg",1,1,false],"1536x1536":["https:\/\/4c.top-me.eu\/wp-content\/uploads\/2024\/11\/IMG_6755-scaled.jpg",1,1,false],"2048x2048":["https:\/\/4c.top-me.eu\/wp-content\/uploads\/2024\/11\/IMG_6755-scaled.jpg",1,1,false],"archive-list":["https:\/\/4c.top-me.eu\/wp-content\/uploads\/2024\/11\/IMG_6755-scaled.jpg",1,1,false],"archive-list-2":["https:\/\/4c.top-me.eu\/wp-content\/uploads\/2024\/11\/IMG_6755-scaled.jpg",1,1,false],"woocommerce_thumbnail":["https:\/\/4c.top-me.eu\/wp-content\/uploads\/2024\/11\/IMG_6755-scaled.jpg",1,1,false],"woocommerce_single":["https:\/\/4c.top-me.eu\/wp-content\/uploads\/2024\/11\/IMG_6755-scaled.jpg",1,1,false],"woocommerce_gallery_thumbnail":["https:\/\/4c.top-me.eu\/wp-content\/uploads\/2024\/11\/IMG_6755-scaled.jpg",1,1,false]},"uagb_author_info":{"display_name":"accordeonMaster","author_link":"https:\/\/4c.top-me.eu\/en\/author\/"},"uagb_comment_info":0,"uagb_excerpt":"N\u00e1dhern\u00e9 jedine\u010dn\u00e9 elegantn\u00ed n\u00e1u\u0161nice z brou\u0161en\u00e9ho sagenitu (jehlice rutilu zarostl\u00e9 v pr\u016fhledn\u00e9m k\u0159i\u0161\u0165\u00e1lu \u2013 tzv. sagenit nebo tak\u00e9 \u201evenu\u0161iny vlasy\u201c), tvo\u0159en\u00e9 drobn\u00fdmi brou\u0161en\u00fdmi kor\u00e1lky sagenitu a ve spodn\u00ed \u010d\u00e1sti zakon\u010den\u00e9 v\u011bt\u0161\u00edm brou\u0161en\u00fdm sagenitem ve tvaru kapky. N\u00e1u\u0161nice jsou navle\u010deny na pr\u016fhledn\u00e9m vlasci. N\u00e1u\u0161nice maj\u00ed klasick\u00e9 zap\u00edn\u00e1n\u00ed na pozlacenou karabinku, st\u0159\u00edbro Ag 925\/1000. D\u00e9lka zap\u00edn\u00e1n\u00ed je","_links":{"self":[{"href":"https:\/\/4c.top-me.eu\/en\/wp-json\/wp\/v2\/product\/30088","targetHints":{"allow":["GET"]}}],"collection":[{"href":"https:\/\/4c.top-me.eu\/en\/wp-json\/wp\/v2\/product"}],"about":[{"href":"https:\/\/4c.top-me.eu\/en\/wp-json\/wp\/v2\/types\/product"}],"wp:featuredmedia":[{"embeddable":true,"href":"https:\/\/4c.top-me.eu\/en\/wp-json\/wp\/v2\/media\/30091"}],"wp:attachment":[{"href":"https:\/\/4c.top-me.eu\/en\/wp-json\/wp\/v2\/media?parent=30088"}],"wp:term":[{"taxonomy":"product_brand","embeddable":true,"href":"https:\/\/4c.top-me.eu\/en\/wp-json\/wp\/v2\/product_brand?post=30088"},{"taxonomy":"product_cat","embeddable":true,"href":"https:\/\/4c.top-me.eu\/en\/wp-json\/wp\/v2\/product_cat?post=30088"},{"taxonomy":"product_tag","embeddable":true,"href":"https:\/\/4c.top-me.eu\/en\/wp-json\/wp\/v2\/product_tag?post=30088"}],"curies":[{"name":"wp","href":"https:\/\/api.w.org\/{rel}","templated":true}]}}