{"id":30025,"date":"2024-11-18T13:37:18","date_gmt":"2024-11-18T13:37:18","guid":{"rendered":"https:\/\/fvgear.com\/?post_type=product&#038;p=30025"},"modified":"2024-11-18T14:02:24","modified_gmt":"2024-11-18T14:02:24","slug":"nahrdelnik-sagenit-2","status":"publish","type":"product","link":"https:\/\/4c.top-me.eu\/en\/product\/nahrdelnik-sagenit-2\/","title":{"rendered":"N\u00e1hrdeln\u00edk sagenit"},"content":{"rendered":"<p>N\u00e1dhern\u00fd unik\u00e1tn\u00ed n\u00e1hrdeln\u00edk z brou\u0161en\u00fdch kor\u00e1lk\u016f sagenitu (jehlice rutilu zarostl\u00e9 v pr\u016fhledn\u00e9m k\u0159i\u0161\u0165\u00e1lu \u2013 tzv. sagenit nebo tak\u00e9 \u201evenu\u0161iny vlasy\u201c) s v\u011bt\u0161\u00edm fasetovan\u00fdm kor\u00e1lkem sagenitu ve tvaru kapky uprost\u0159ed p\u0159edn\u00ed \u010d\u00e1sti, ozdoben\u00fdm drobn\u00fdmi pozlacen\u00fdmi kuli\u010dkami po stran\u00e1ch centr\u00e1ln\u00edho kor\u00e1lku. N\u00e1hrdeln\u00edk je navle\u010den na kovov\u00e9m lanku.<\/p>\n<p>Pr\u016fm\u011br drobn\u011bj\u0161\u00edch kor\u00e1lk\u016f sagenitu je 3 mm. Centr\u00e1ln\u00ed sagenitov\u00e1 kapka m\u011b\u0159\u00ed na v\u00fd\u0161ku 13 mm a na \u0161\u00ed\u0159ku 10 mm. N\u00e1hrdeln\u00edk m\u00e1 pozlacen\u00e9 zap\u00edn\u00e1n\u00ed na klasickou karabinku, st\u0159\u00edbro Ag 925\/1000, d\u00e9lka cel\u00e9ho zap\u00edn\u00e1n\u00ed je 2,2 cm. Celkov\u00e1 d\u00e9lka n\u00e1hrdeln\u00edku je 43,9 cm. Celkov\u00e1 hmotnost je 6,77 g.<\/p>\n<p>K n\u00e1hrdeln\u00edku doporu\u010dujeme kr\u00e1sn\u011b slad\u011bn\u00e9 <a href=\"https:\/\/4c.top-me.eu\/produkt\/nausnice-sagenit\/\">n\u00e1u\u0161nice<\/a> ve stejn\u00e9m stylu, takt\u00e9\u017e ze sagenitu.<\/p>\n","protected":false},"excerpt":{"rendered":"<p>N\u00e1dhern\u00fd unik\u00e1tn\u00ed n\u00e1hrdeln\u00edk z brou\u0161en\u00fdch kor\u00e1lk\u016f sagenitu (jehlice rutilu zarostl\u00e9 v pr\u016fhledn\u00e9m k\u0159i\u0161\u0165\u00e1lu \u2013 tzv. sagenit nebo tak\u00e9 \u201evenu\u0161iny vlasy\u201c) s v\u011bt\u0161\u00edm fasetovan\u00fdm kor\u00e1lkem sagenitu ve tvaru kapky uprost\u0159ed p\u0159edn\u00ed \u010d\u00e1sti, ozdoben\u00fdm drobn\u00fdmi pozlacen\u00fdmi kuli\u010dkami po stran\u00e1ch centr\u00e1ln\u00edho kor\u00e1lku. N\u00e1hrdeln\u00edk je navle\u010den na kovov\u00e9m lanku. Pr\u016fm\u011br drobn\u011bj\u0161\u00edch kor\u00e1lk\u016f sagenitu je 3 mm. Centr\u00e1ln\u00ed sagenitov\u00e1 kapka<\/p>\n","protected":false},"featured_media":30064,"template":"","meta":{"_acf_changed":false,"_uag_custom_page_level_css":""},"product_brand":[],"product_cat":[30,31,27],"product_tag":[33,129,87],"class_list":{"0":"post-30025","1":"product","2":"type-product","3":"status-publish","4":"has-post-thumbnail","6":"product_cat-nahrdelniky-s-prirodnimi-kameny","7":"product_cat-nahrdelniky-s-prirodnimi-kameny-stribro-925-1000","8":"product_cat-vyrobky-z-kamenu","9":"product_tag-nahrdelnik","10":"product_tag-sagenit","11":"product_tag-stribro-925-1000","13":"first","14":"instock","15":"sold-individually","16":"taxable","17":"shipping-taxable","18":"purchasable","19":"product-type-simple"},"acf":[],"uagb_featured_image_src":{"full":["https:\/\/4c.top-me.eu\/wp-content\/uploads\/2024\/11\/IMG_6730-scaled.jpg",0,0,false],"thumbnail":["https:\/\/4c.top-me.eu\/wp-content\/uploads\/2024\/11\/IMG_6730-scaled.jpg",1,1,false],"medium":["https:\/\/4c.top-me.eu\/wp-content\/uploads\/2024\/11\/IMG_6730-scaled.jpg",1,1,false],"medium_large":["https:\/\/4c.top-me.eu\/wp-content\/uploads\/2024\/11\/IMG_6730-scaled.jpg",1,1,false],"large":["https:\/\/4c.top-me.eu\/wp-content\/uploads\/2024\/11\/IMG_6730-scaled.jpg",1,1,false],"1536x1536":["https:\/\/4c.top-me.eu\/wp-content\/uploads\/2024\/11\/IMG_6730-scaled.jpg",1,1,false],"2048x2048":["https:\/\/4c.top-me.eu\/wp-content\/uploads\/2024\/11\/IMG_6730-scaled.jpg",1,1,false],"archive-list":["https:\/\/4c.top-me.eu\/wp-content\/uploads\/2024\/11\/IMG_6730-scaled.jpg",1,1,false],"archive-list-2":["https:\/\/4c.top-me.eu\/wp-content\/uploads\/2024\/11\/IMG_6730-scaled.jpg",1,1,false],"woocommerce_thumbnail":["https:\/\/4c.top-me.eu\/wp-content\/uploads\/2024\/11\/IMG_6730-scaled.jpg",1,1,false],"woocommerce_single":["https:\/\/4c.top-me.eu\/wp-content\/uploads\/2024\/11\/IMG_6730-scaled.jpg",1,1,false],"woocommerce_gallery_thumbnail":["https:\/\/4c.top-me.eu\/wp-content\/uploads\/2024\/11\/IMG_6730-scaled.jpg",1,1,false]},"uagb_author_info":{"display_name":"accordeonMaster","author_link":"https:\/\/4c.top-me.eu\/en\/author\/"},"uagb_comment_info":0,"uagb_excerpt":"N\u00e1dhern\u00fd unik\u00e1tn\u00ed n\u00e1hrdeln\u00edk z brou\u0161en\u00fdch kor\u00e1lk\u016f sagenitu (jehlice rutilu zarostl\u00e9 v pr\u016fhledn\u00e9m k\u0159i\u0161\u0165\u00e1lu \u2013 tzv. sagenit nebo tak\u00e9 \u201evenu\u0161iny vlasy\u201c) s v\u011bt\u0161\u00edm fasetovan\u00fdm kor\u00e1lkem sagenitu ve tvaru kapky uprost\u0159ed p\u0159edn\u00ed \u010d\u00e1sti, ozdoben\u00fdm drobn\u00fdmi pozlacen\u00fdmi kuli\u010dkami po stran\u00e1ch centr\u00e1ln\u00edho kor\u00e1lku. N\u00e1hrdeln\u00edk je navle\u010den na kovov\u00e9m lanku. Pr\u016fm\u011br drobn\u011bj\u0161\u00edch kor\u00e1lk\u016f sagenitu je 3 mm. Centr\u00e1ln\u00ed sagenitov\u00e1 kapka","_links":{"self":[{"href":"https:\/\/4c.top-me.eu\/en\/wp-json\/wp\/v2\/product\/30025","targetHints":{"allow":["GET"]}}],"collection":[{"href":"https:\/\/4c.top-me.eu\/en\/wp-json\/wp\/v2\/product"}],"about":[{"href":"https:\/\/4c.top-me.eu\/en\/wp-json\/wp\/v2\/types\/product"}],"wp:featuredmedia":[{"embeddable":true,"href":"https:\/\/4c.top-me.eu\/en\/wp-json\/wp\/v2\/media\/30064"}],"wp:attachment":[{"href":"https:\/\/4c.top-me.eu\/en\/wp-json\/wp\/v2\/media?parent=30025"}],"wp:term":[{"taxonomy":"product_brand","embeddable":true,"href":"https:\/\/4c.top-me.eu\/en\/wp-json\/wp\/v2\/product_brand?post=30025"},{"taxonomy":"product_cat","embeddable":true,"href":"https:\/\/4c.top-me.eu\/en\/wp-json\/wp\/v2\/product_cat?post=30025"},{"taxonomy":"product_tag","embeddable":true,"href":"https:\/\/4c.top-me.eu\/en\/wp-json\/wp\/v2\/product_tag?post=30025"}],"curies":[{"name":"wp","href":"https:\/\/api.w.org\/{rel}","templated":true}]}}