{"id":29866,"date":"2024-10-09T11:40:23","date_gmt":"2024-10-09T11:40:23","guid":{"rendered":"https:\/\/fvgear.com\/?post_type=product&#038;p=29866"},"modified":"2024-10-09T11:50:54","modified_gmt":"2024-10-09T11:50:54","slug":"nausnice-zirkon","status":"publish","type":"product","link":"https:\/\/4c.top-me.eu\/en\/product\/nausnice-zirkon\/","title":{"rendered":"N\u00e1u\u0161nice zirkon"},"content":{"rendered":"<div class=\"et_pb_column et_pb_column_3_8 et_pb_column_inner et_pb_column_inner_4_tb_body et-last-child\">\n<div class=\"et_pb_module et_pb_wc_description et_pb_wc_description_1_tb_body et_pb_bg_layout_light et_pb_text_align_left\">\n<div class=\"et_pb_module_inner\">\n<div class=\"et_pb_column et_pb_column_3_8 et_pb_column_inner et_pb_column_inner_4_tb_body et-last-child\">\n<div class=\"et_pb_module et_pb_wc_description et_pb_wc_description_1_tb_body et_pb_bg_layout_light et_pb_text_align_left\">\n<div class=\"et_pb_module_inner\">\n<p>N\u00e1dhern\u00e9 elegantn\u00ed n\u00e1u\u0161nice z brou\u0161en\u00fdch kor\u00e1lk\u016f zirkonu, na konci zakon\u010den\u00e9 jemnou st\u0159\u00edbrnou kuli\u010dkou.<\/p>\n<p>N\u00e1u\u0161nice maj\u00ed klasick\u00e9 zap\u00edn\u00e1n\u00ed na st\u0159\u00edbrnou karabinku, st\u0159\u00edbro Ag 925\/1000. D\u00e9lka zap\u00edn\u00e1n\u00ed je 16,5 cm. Pr\u016fm\u011br kor\u00e1lk\u016f zirkonu je 3,5 mm. Celkov\u00e1 d\u00e9lka n\u00e1u\u0161nic je 3,7 cm. Celkov\u00e1 v\u00e1ha n\u00e1u\u0161nic je 1,93 g.<\/p>\n<p>K n\u00e1u\u0161nic\u00edm doporu\u010dujeme kr\u00e1sn\u011b slad\u011bn\u00fd <a href=\"https:\/\/4c.top-me.eu\/produkt\/nahrdelnik-zirkon-4\/\">n\u00e1hrdeln\u00edk<\/a> \u010di <a href=\"https:\/\/4c.top-me.eu\/produkt\/naramek-zirkon\/\">n\u00e1ramek<\/a> ve stejn\u00e9m stylu, takt\u00e9\u017e ze zirkonu.<\/p>\n<\/div>\n<\/div>\n<\/div>\n<\/div>\n<\/div>\n<\/div>\n","protected":false},"excerpt":{"rendered":"<p>N\u00e1dhern\u00e9 elegantn\u00ed n\u00e1u\u0161nice z brou\u0161en\u00fdch kor\u00e1lk\u016f zirkonu, na konci zakon\u010den\u00e9 jemnou st\u0159\u00edbrnou kuli\u010dkou. N\u00e1u\u0161nice maj\u00ed klasick\u00e9 zap\u00edn\u00e1n\u00ed na st\u0159\u00edbrnou karabinku, st\u0159\u00edbro Ag 925\/1000. D\u00e9lka zap\u00edn\u00e1n\u00ed je 16,5 cm. Pr\u016fm\u011br kor\u00e1lk\u016f zirkonu je 3,5 mm. Celkov\u00e1 d\u00e9lka n\u00e1u\u0161nic je 3,7 cm. Celkov\u00e1 v\u00e1ha n\u00e1u\u0161nic je 1,93 g. K n\u00e1u\u0161nic\u00edm doporu\u010dujeme kr\u00e1sn\u011b slad\u011bn\u00fd n\u00e1hrdeln\u00edk \u010di n\u00e1ramek ve<\/p>\n","protected":false},"featured_media":29876,"template":"","meta":{"_acf_changed":false,"_uag_custom_page_level_css":""},"product_brand":[],"product_cat":[64,56],"product_tag":[118,87,256],"class_list":{"0":"post-29866","1":"product","2":"type-product","3":"status-publish","4":"has-post-thumbnail","6":"product_cat-privesky","7":"product_cat-privesky-a-nausnice-stribro-925-1000","8":"product_tag-nausnice","9":"product_tag-stribro-925-1000","10":"product_tag-zirkon","12":"first","13":"instock","14":"sold-individually","15":"taxable","16":"shipping-taxable","17":"purchasable","18":"product-type-simple"},"acf":[],"uagb_featured_image_src":{"full":["https:\/\/4c.top-me.eu\/wp-content\/uploads\/2024\/10\/IMG_5567-scaled.jpg",0,0,false],"thumbnail":["https:\/\/4c.top-me.eu\/wp-content\/uploads\/2024\/10\/IMG_5567-scaled.jpg",1,1,false],"medium":["https:\/\/4c.top-me.eu\/wp-content\/uploads\/2024\/10\/IMG_5567-scaled.jpg",1,1,false],"medium_large":["https:\/\/4c.top-me.eu\/wp-content\/uploads\/2024\/10\/IMG_5567-scaled.jpg",1,1,false],"large":["https:\/\/4c.top-me.eu\/wp-content\/uploads\/2024\/10\/IMG_5567-scaled.jpg",1,1,false],"1536x1536":["https:\/\/4c.top-me.eu\/wp-content\/uploads\/2024\/10\/IMG_5567-scaled.jpg",1,1,false],"2048x2048":["https:\/\/4c.top-me.eu\/wp-content\/uploads\/2024\/10\/IMG_5567-scaled.jpg",1,1,false],"archive-list":["https:\/\/4c.top-me.eu\/wp-content\/uploads\/2024\/10\/IMG_5567-scaled.jpg",1,1,false],"archive-list-2":["https:\/\/4c.top-me.eu\/wp-content\/uploads\/2024\/10\/IMG_5567-scaled.jpg",1,1,false],"woocommerce_thumbnail":["https:\/\/4c.top-me.eu\/wp-content\/uploads\/2024\/10\/IMG_5567-scaled.jpg",1,1,false],"woocommerce_single":["https:\/\/4c.top-me.eu\/wp-content\/uploads\/2024\/10\/IMG_5567-scaled.jpg",1,1,false],"woocommerce_gallery_thumbnail":["https:\/\/4c.top-me.eu\/wp-content\/uploads\/2024\/10\/IMG_5567-scaled.jpg",1,1,false]},"uagb_author_info":{"display_name":"accordeonMaster","author_link":"https:\/\/4c.top-me.eu\/en\/author\/"},"uagb_comment_info":0,"uagb_excerpt":"N\u00e1dhern\u00e9 elegantn\u00ed n\u00e1u\u0161nice z brou\u0161en\u00fdch kor\u00e1lk\u016f zirkonu, na konci zakon\u010den\u00e9 jemnou st\u0159\u00edbrnou kuli\u010dkou. N\u00e1u\u0161nice maj\u00ed klasick\u00e9 zap\u00edn\u00e1n\u00ed na st\u0159\u00edbrnou karabinku, st\u0159\u00edbro Ag 925\/1000. D\u00e9lka zap\u00edn\u00e1n\u00ed je 16,5 cm. Pr\u016fm\u011br kor\u00e1lk\u016f zirkonu je 3,5 mm. Celkov\u00e1 d\u00e9lka n\u00e1u\u0161nic je 3,7 cm. Celkov\u00e1 v\u00e1ha n\u00e1u\u0161nic je 1,93 g. K n\u00e1u\u0161nic\u00edm doporu\u010dujeme kr\u00e1sn\u011b slad\u011bn\u00fd n\u00e1hrdeln\u00edk \u010di n\u00e1ramek ve","_links":{"self":[{"href":"https:\/\/4c.top-me.eu\/en\/wp-json\/wp\/v2\/product\/29866","targetHints":{"allow":["GET"]}}],"collection":[{"href":"https:\/\/4c.top-me.eu\/en\/wp-json\/wp\/v2\/product"}],"about":[{"href":"https:\/\/4c.top-me.eu\/en\/wp-json\/wp\/v2\/types\/product"}],"wp:featuredmedia":[{"embeddable":true,"href":"https:\/\/4c.top-me.eu\/en\/wp-json\/wp\/v2\/media\/29876"}],"wp:attachment":[{"href":"https:\/\/4c.top-me.eu\/en\/wp-json\/wp\/v2\/media?parent=29866"}],"wp:term":[{"taxonomy":"product_brand","embeddable":true,"href":"https:\/\/4c.top-me.eu\/en\/wp-json\/wp\/v2\/product_brand?post=29866"},{"taxonomy":"product_cat","embeddable":true,"href":"https:\/\/4c.top-me.eu\/en\/wp-json\/wp\/v2\/product_cat?post=29866"},{"taxonomy":"product_tag","embeddable":true,"href":"https:\/\/4c.top-me.eu\/en\/wp-json\/wp\/v2\/product_tag?post=29866"}],"curies":[{"name":"wp","href":"https:\/\/api.w.org\/{rel}","templated":true}]}}