{"id":29833,"date":"2024-10-09T11:13:09","date_gmt":"2024-10-09T11:13:09","guid":{"rendered":"https:\/\/fvgear.com\/?post_type=product&#038;p=29833"},"modified":"2024-10-09T11:45:07","modified_gmt":"2024-10-09T11:45:07","slug":"nahrdelnik-zirkon-4","status":"publish","type":"product","link":"https:\/\/4c.top-me.eu\/en\/product\/nahrdelnik-zirkon-4\/","title":{"rendered":"N\u00e1hrdeln\u00edk zirkon"},"content":{"rendered":"<p>N\u00e1dhern\u00fd n\u00e1hrdeln\u00edk z brou\u0161en\u00fdch kor\u00e1lk\u016f zirkonu s p\u0159ekr\u00e1sn\u00fdm leskem. N\u00e1hrdeln\u00edk je navle\u010den na vlasci.<\/p>\n<p>Pr\u016fm\u011br kor\u00e1lk\u016f zirkonu je 3,5 mm. N\u00e1hrdeln\u00edk m\u00e1 st\u0159\u00edbrn\u00e9 zap\u00edn\u00e1n\u00ed na klasickou karabinku, st\u0159\u00edbro Ag 925\/1000, d\u00e9lka zap\u00edn\u00e1n\u00ed je 2 cm. Celkov\u00e1 d\u00e9lka n\u00e1hrdeln\u00edku je 43,5 cm. Celkov\u00e1 hmotnost je 13,55 g.<\/p>\n<p>K n\u00e1hrdeln\u00edku doporu\u010dujeme kr\u00e1sn\u011b slad\u011bn\u00e9 <a href=\"https:\/\/4c.top-me.eu\/produkt\/nausnice-zirkon\/\">n\u00e1u\u0161nice<\/a> \u010di <a href=\"https:\/\/4c.top-me.eu\/produkt\/naramek-zirkon\/\">n\u00e1ramek<\/a> ve stejn\u00e9m stylu, takt\u00e9\u017e ze zirkonu.<\/p>\n","protected":false},"excerpt":{"rendered":"<p>N\u00e1dhern\u00fd n\u00e1hrdeln\u00edk z brou\u0161en\u00fdch kor\u00e1lk\u016f zirkonu s p\u0159ekr\u00e1sn\u00fdm leskem. N\u00e1hrdeln\u00edk je navle\u010den na vlasci. Pr\u016fm\u011br kor\u00e1lk\u016f zirkonu je 3,5 mm. N\u00e1hrdeln\u00edk m\u00e1 st\u0159\u00edbrn\u00e9 zap\u00edn\u00e1n\u00ed na klasickou karabinku, st\u0159\u00edbro Ag 925\/1000, d\u00e9lka zap\u00edn\u00e1n\u00ed je 2 cm. Celkov\u00e1 d\u00e9lka n\u00e1hrdeln\u00edku je 43,5 cm. Celkov\u00e1 hmotnost je 13,55 g. K n\u00e1hrdeln\u00edku doporu\u010dujeme kr\u00e1sn\u011b slad\u011bn\u00e9 n\u00e1u\u0161nice \u010di n\u00e1ramek ve<\/p>\n","protected":false},"featured_media":29839,"template":"","meta":{"_acf_changed":false,"_uag_custom_page_level_css":""},"product_brand":[],"product_cat":[30,31],"product_tag":[33,87,256],"class_list":{"0":"post-29833","1":"product","2":"type-product","3":"status-publish","4":"has-post-thumbnail","6":"product_cat-nahrdelniky-s-prirodnimi-kameny","7":"product_cat-nahrdelniky-s-prirodnimi-kameny-stribro-925-1000","8":"product_tag-nahrdelnik","9":"product_tag-stribro-925-1000","10":"product_tag-zirkon","12":"first","13":"instock","14":"sold-individually","15":"taxable","16":"shipping-taxable","17":"purchasable","18":"product-type-simple"},"acf":[],"uagb_featured_image_src":{"full":["https:\/\/4c.top-me.eu\/wp-content\/uploads\/2024\/10\/IMG_5550-scaled.jpg",0,0,false],"thumbnail":["https:\/\/4c.top-me.eu\/wp-content\/uploads\/2024\/10\/IMG_5550-scaled.jpg",1,1,false],"medium":["https:\/\/4c.top-me.eu\/wp-content\/uploads\/2024\/10\/IMG_5550-scaled.jpg",1,1,false],"medium_large":["https:\/\/4c.top-me.eu\/wp-content\/uploads\/2024\/10\/IMG_5550-scaled.jpg",1,1,false],"large":["https:\/\/4c.top-me.eu\/wp-content\/uploads\/2024\/10\/IMG_5550-scaled.jpg",1,1,false],"1536x1536":["https:\/\/4c.top-me.eu\/wp-content\/uploads\/2024\/10\/IMG_5550-scaled.jpg",1,1,false],"2048x2048":["https:\/\/4c.top-me.eu\/wp-content\/uploads\/2024\/10\/IMG_5550-scaled.jpg",1,1,false],"archive-list":["https:\/\/4c.top-me.eu\/wp-content\/uploads\/2024\/10\/IMG_5550-scaled.jpg",1,1,false],"archive-list-2":["https:\/\/4c.top-me.eu\/wp-content\/uploads\/2024\/10\/IMG_5550-scaled.jpg",1,1,false],"woocommerce_thumbnail":["https:\/\/4c.top-me.eu\/wp-content\/uploads\/2024\/10\/IMG_5550-scaled.jpg",1,1,false],"woocommerce_single":["https:\/\/4c.top-me.eu\/wp-content\/uploads\/2024\/10\/IMG_5550-scaled.jpg",1,1,false],"woocommerce_gallery_thumbnail":["https:\/\/4c.top-me.eu\/wp-content\/uploads\/2024\/10\/IMG_5550-scaled.jpg",1,1,false]},"uagb_author_info":{"display_name":"accordeonMaster","author_link":"https:\/\/4c.top-me.eu\/en\/author\/"},"uagb_comment_info":0,"uagb_excerpt":"N\u00e1dhern\u00fd n\u00e1hrdeln\u00edk z brou\u0161en\u00fdch kor\u00e1lk\u016f zirkonu s p\u0159ekr\u00e1sn\u00fdm leskem. N\u00e1hrdeln\u00edk je navle\u010den na vlasci. Pr\u016fm\u011br kor\u00e1lk\u016f zirkonu je 3,5 mm. N\u00e1hrdeln\u00edk m\u00e1 st\u0159\u00edbrn\u00e9 zap\u00edn\u00e1n\u00ed na klasickou karabinku, st\u0159\u00edbro Ag 925\/1000, d\u00e9lka zap\u00edn\u00e1n\u00ed je 2 cm. Celkov\u00e1 d\u00e9lka n\u00e1hrdeln\u00edku je 43,5 cm. Celkov\u00e1 hmotnost je 13,55 g. K n\u00e1hrdeln\u00edku doporu\u010dujeme kr\u00e1sn\u011b slad\u011bn\u00e9 n\u00e1u\u0161nice \u010di n\u00e1ramek ve","_links":{"self":[{"href":"https:\/\/4c.top-me.eu\/en\/wp-json\/wp\/v2\/product\/29833","targetHints":{"allow":["GET"]}}],"collection":[{"href":"https:\/\/4c.top-me.eu\/en\/wp-json\/wp\/v2\/product"}],"about":[{"href":"https:\/\/4c.top-me.eu\/en\/wp-json\/wp\/v2\/types\/product"}],"wp:featuredmedia":[{"embeddable":true,"href":"https:\/\/4c.top-me.eu\/en\/wp-json\/wp\/v2\/media\/29839"}],"wp:attachment":[{"href":"https:\/\/4c.top-me.eu\/en\/wp-json\/wp\/v2\/media?parent=29833"}],"wp:term":[{"taxonomy":"product_brand","embeddable":true,"href":"https:\/\/4c.top-me.eu\/en\/wp-json\/wp\/v2\/product_brand?post=29833"},{"taxonomy":"product_cat","embeddable":true,"href":"https:\/\/4c.top-me.eu\/en\/wp-json\/wp\/v2\/product_cat?post=29833"},{"taxonomy":"product_tag","embeddable":true,"href":"https:\/\/4c.top-me.eu\/en\/wp-json\/wp\/v2\/product_tag?post=29833"}],"curies":[{"name":"wp","href":"https:\/\/api.w.org\/{rel}","templated":true}]}}