{"id":29630,"date":"2024-10-08T12:46:43","date_gmt":"2024-10-08T12:46:43","guid":{"rendered":"https:\/\/fvgear.com\/?post_type=product&#038;p=29630"},"modified":"2024-10-08T13:29:41","modified_gmt":"2024-10-08T13:29:41","slug":"nahrdelnik-lapis-lazuli-a-hessonit","status":"publish","type":"product","link":"https:\/\/4c.top-me.eu\/en\/product\/nahrdelnik-lapis-lazuli-a-hessonit\/","title":{"rendered":"N\u00e1hrdeln\u00edk lapis lazuli a hessonit"},"content":{"rendered":"<div class=\"et_pb_column et_pb_column_3_8 et_pb_column_inner et_pb_column_inner_4_tb_body et-last-child\">\n<div class=\"et_pb_module et_pb_wc_description et_pb_wc_description_1_tb_body et_pb_bg_layout_light et_pb_text_align_left\">\n<div class=\"et_pb_module_inner\">\n<p>Jedine\u010dn\u00fd n\u00e1hrdeln\u00edk z drobn\u00fdch brou\u0161en\u00fdch kor\u00e1lk\u016f p\u0159ekr\u00e1sn\u011b syt\u011b tmav\u011b modr\u00e9ho lapisu lazuli, zkombinovan\u00e9ho s kor\u00e1lky z hessonitu (\u010derveno-oran\u017eov\u00e9 odr\u016fdy gran\u00e1tu) v centr\u00e1ln\u00ed \u010d\u00e1sti n\u00e1hrdelnku.<\/p>\n<p>Jednotliv\u00e9 kor\u00e1lky lapisu lazuli m\u011b\u0159\u00ed okolo 2 mm a kor\u00e1lky hessonitu takt\u00e9\u017e okolo 2 mm. N\u00e1hrdeln\u00edk m\u00e1 st\u0159\u00edbrn\u00e9 zap\u00edn\u00e1n\u00ed na klasickou karabinku. St\u0159\u00edbro Ag 925\/1000. D\u00e9lka zap\u00edn\u00e1n\u00ed je 2,3 cm. Celkov\u00e1 d\u00e9lka n\u00e1hrdeln\u00edku je 41,3 cm. Celkov\u00e1 hmotnost je 2,86 g. N\u00e1hrdeln\u00edk je navle\u010den na kovov\u00e9m lanku.<\/p>\n<\/div>\n<\/div>\n<\/div>\n","protected":false},"excerpt":{"rendered":"<p>Jedine\u010dn\u00fd n\u00e1hrdeln\u00edk z drobn\u00fdch brou\u0161en\u00fdch kor\u00e1lk\u016f p\u0159ekr\u00e1sn\u011b syt\u011b tmav\u011b modr\u00e9ho lapisu lazuli, zkombinovan\u00e9ho s kor\u00e1lky z hessonitu (\u010derveno-oran\u017eov\u00e9 odr\u016fdy gran\u00e1tu) v centr\u00e1ln\u00ed \u010d\u00e1sti n\u00e1hrdelnku. Jednotliv\u00e9 kor\u00e1lky lapisu lazuli m\u011b\u0159\u00ed okolo 2 mm a kor\u00e1lky hessonitu takt\u00e9\u017e okolo 2 mm. N\u00e1hrdeln\u00edk m\u00e1 st\u0159\u00edbrn\u00e9 zap\u00edn\u00e1n\u00ed na klasickou karabinku. St\u0159\u00edbro Ag 925\/1000. D\u00e9lka zap\u00edn\u00e1n\u00ed je 2,3 cm. Celkov\u00e1<\/p>\n","protected":false},"featured_media":29689,"template":"","meta":{"_acf_changed":false,"_uag_custom_page_level_css":""},"product_brand":[],"product_cat":[30,31],"product_tag":[294,121,33,87],"class_list":{"0":"post-29630","1":"product","2":"type-product","3":"status-publish","4":"has-post-thumbnail","6":"product_cat-nahrdelniky-s-prirodnimi-kameny","7":"product_cat-nahrdelniky-s-prirodnimi-kameny-stribro-925-1000","8":"product_tag-hessonit","9":"product_tag-lapis-lazuli","10":"product_tag-nahrdelnik","11":"product_tag-stribro-925-1000","13":"first","14":"instock","15":"sold-individually","16":"taxable","17":"shipping-taxable","18":"purchasable","19":"product-type-simple"},"acf":[],"uagb_featured_image_src":{"full":["https:\/\/4c.top-me.eu\/wp-content\/uploads\/2024\/10\/IMG_5465-1-scaled.jpg",0,0,false],"thumbnail":["https:\/\/4c.top-me.eu\/wp-content\/uploads\/2024\/10\/IMG_5465-1-scaled.jpg",1,1,false],"medium":["https:\/\/4c.top-me.eu\/wp-content\/uploads\/2024\/10\/IMG_5465-1-scaled.jpg",1,1,false],"medium_large":["https:\/\/4c.top-me.eu\/wp-content\/uploads\/2024\/10\/IMG_5465-1-scaled.jpg",1,1,false],"large":["https:\/\/4c.top-me.eu\/wp-content\/uploads\/2024\/10\/IMG_5465-1-scaled.jpg",1,1,false],"1536x1536":["https:\/\/4c.top-me.eu\/wp-content\/uploads\/2024\/10\/IMG_5465-1-scaled.jpg",1,1,false],"2048x2048":["https:\/\/4c.top-me.eu\/wp-content\/uploads\/2024\/10\/IMG_5465-1-scaled.jpg",1,1,false],"archive-list":["https:\/\/4c.top-me.eu\/wp-content\/uploads\/2024\/10\/IMG_5465-1-scaled.jpg",1,1,false],"archive-list-2":["https:\/\/4c.top-me.eu\/wp-content\/uploads\/2024\/10\/IMG_5465-1-scaled.jpg",1,1,false],"woocommerce_thumbnail":["https:\/\/4c.top-me.eu\/wp-content\/uploads\/2024\/10\/IMG_5465-1-scaled.jpg",1,1,false],"woocommerce_single":["https:\/\/4c.top-me.eu\/wp-content\/uploads\/2024\/10\/IMG_5465-1-scaled.jpg",1,1,false],"woocommerce_gallery_thumbnail":["https:\/\/4c.top-me.eu\/wp-content\/uploads\/2024\/10\/IMG_5465-1-scaled.jpg",1,1,false]},"uagb_author_info":{"display_name":"accordeonMaster","author_link":"https:\/\/4c.top-me.eu\/en\/author\/"},"uagb_comment_info":0,"uagb_excerpt":"Jedine\u010dn\u00fd n\u00e1hrdeln\u00edk z drobn\u00fdch brou\u0161en\u00fdch kor\u00e1lk\u016f p\u0159ekr\u00e1sn\u011b syt\u011b tmav\u011b modr\u00e9ho lapisu lazuli, zkombinovan\u00e9ho s kor\u00e1lky z hessonitu (\u010derveno-oran\u017eov\u00e9 odr\u016fdy gran\u00e1tu) v centr\u00e1ln\u00ed \u010d\u00e1sti n\u00e1hrdelnku. Jednotliv\u00e9 kor\u00e1lky lapisu lazuli m\u011b\u0159\u00ed okolo 2 mm a kor\u00e1lky hessonitu takt\u00e9\u017e okolo 2 mm. N\u00e1hrdeln\u00edk m\u00e1 st\u0159\u00edbrn\u00e9 zap\u00edn\u00e1n\u00ed na klasickou karabinku. St\u0159\u00edbro Ag 925\/1000. D\u00e9lka zap\u00edn\u00e1n\u00ed je 2,3 cm. Celkov\u00e1","_links":{"self":[{"href":"https:\/\/4c.top-me.eu\/en\/wp-json\/wp\/v2\/product\/29630","targetHints":{"allow":["GET"]}}],"collection":[{"href":"https:\/\/4c.top-me.eu\/en\/wp-json\/wp\/v2\/product"}],"about":[{"href":"https:\/\/4c.top-me.eu\/en\/wp-json\/wp\/v2\/types\/product"}],"wp:featuredmedia":[{"embeddable":true,"href":"https:\/\/4c.top-me.eu\/en\/wp-json\/wp\/v2\/media\/29689"}],"wp:attachment":[{"href":"https:\/\/4c.top-me.eu\/en\/wp-json\/wp\/v2\/media?parent=29630"}],"wp:term":[{"taxonomy":"product_brand","embeddable":true,"href":"https:\/\/4c.top-me.eu\/en\/wp-json\/wp\/v2\/product_brand?post=29630"},{"taxonomy":"product_cat","embeddable":true,"href":"https:\/\/4c.top-me.eu\/en\/wp-json\/wp\/v2\/product_cat?post=29630"},{"taxonomy":"product_tag","embeddable":true,"href":"https:\/\/4c.top-me.eu\/en\/wp-json\/wp\/v2\/product_tag?post=29630"}],"curies":[{"name":"wp","href":"https:\/\/api.w.org\/{rel}","templated":true}]}}