{"id":29583,"date":"2024-09-25T15:34:31","date_gmt":"2024-09-25T15:34:31","guid":{"rendered":"https:\/\/fvgear.com\/?post_type=product&#038;p=29583"},"modified":"2024-10-08T13:26:53","modified_gmt":"2024-10-08T13:26:53","slug":"nahrdelnik-lapis-lazuli-a-zluty-safir","status":"publish","type":"product","link":"https:\/\/4c.top-me.eu\/en\/product\/nahrdelnik-lapis-lazuli-a-zluty-safir\/","title":{"rendered":"N\u00e1hrdeln\u00edk lapis lazuli a \u017elut\u00fd saf\u00edr"},"content":{"rendered":"<p>Jedine\u010dn\u00fd n\u00e1hrdeln\u00edk z brou\u0161en\u00fdch kor\u00e1lk\u016f p\u0159ekr\u00e1sn\u011b syt\u011b tmav\u011b modr\u00e9ho lapisu lazuli, zkombinovan\u00e9ho s \u017elut\u00fdm saf\u00edrem v centr\u00e1ln\u00ed \u010d\u00e1sti n\u00e1hrdelnku a ozdobn\u00fdm ohlazen\u00fdm kor\u00e1lkem lapisu lazuli.<\/p>\n<p>Jednotliv\u00e9 kor\u00e1lky lapisu lazuli m\u011b\u0159\u00ed okolo 2 mm a kor\u00e1lky \u017elut\u00e9ho saf\u00edru okolo 3 mm. St\u0159edov\u00fd lapis lazuli m\u011b\u0159\u00ed na d\u00e9lku 5,5 mm. N\u00e1hrdeln\u00edk m\u00e1 st\u0159\u00edbrn\u00e9 zap\u00edn\u00e1n\u00ed na klasickou karabinku s prodlu\u017eovac\u00edm \u0159et\u00edzkem. St\u0159\u00edbro Ag 925\/1000. D\u00e9lka zap\u00edn\u00e1n\u00ed, kdy\u017e je \u0159et\u00edzek zapnut\u00fd na nejkrat\u0161\u00ed d\u00e9lku je 2,3 cm a kdy\u017e je zapnut\u00fd na nejdel\u0161\u00ed d\u00e9lku je 6,4 cm. Celkov\u00e1 d\u00e9lka n\u00e1hrdeln\u00edku je 45 cm. Celkov\u00e1 hmotnost je 4,81 g. N\u00e1hrdeln\u00edk je navle\u010den na kovov\u00e9m lanku.<\/p>\n","protected":false},"excerpt":{"rendered":"<p>Jedine\u010dn\u00fd n\u00e1hrdeln\u00edk z brou\u0161en\u00fdch kor\u00e1lk\u016f p\u0159ekr\u00e1sn\u011b syt\u011b tmav\u011b modr\u00e9ho lapisu lazuli, zkombinovan\u00e9ho s \u017elut\u00fdm saf\u00edrem v centr\u00e1ln\u00ed \u010d\u00e1sti n\u00e1hrdelnku a ozdobn\u00fdm ohlazen\u00fdm kor\u00e1lkem lapisu lazuli. Jednotliv\u00e9 kor\u00e1lky lapisu lazuli m\u011b\u0159\u00ed okolo 2 mm a kor\u00e1lky \u017elut\u00e9ho saf\u00edru okolo 3 mm. St\u0159edov\u00fd lapis lazuli m\u011b\u0159\u00ed na d\u00e9lku 5,5 mm. N\u00e1hrdeln\u00edk m\u00e1 st\u0159\u00edbrn\u00e9 zap\u00edn\u00e1n\u00ed na klasickou karabinku<\/p>\n","protected":false},"featured_media":29673,"template":"","meta":{"_acf_changed":false,"_uag_custom_page_level_css":""},"product_brand":[],"product_cat":[30,31],"product_tag":[121,33,99,87,313],"class_list":{"0":"post-29583","1":"product","2":"type-product","3":"status-publish","4":"has-post-thumbnail","6":"product_cat-nahrdelniky-s-prirodnimi-kameny","7":"product_cat-nahrdelniky-s-prirodnimi-kameny-stribro-925-1000","8":"product_tag-lapis-lazuli","9":"product_tag-nahrdelnik","10":"product_tag-safir","11":"product_tag-stribro-925-1000","12":"product_tag-zluty-safir","14":"first","15":"instock","16":"sold-individually","17":"taxable","18":"shipping-taxable","19":"purchasable","20":"product-type-simple"},"acf":[],"uagb_featured_image_src":{"full":["https:\/\/4c.top-me.eu\/wp-content\/uploads\/2024\/09\/IMG_5453-3-scaled.jpg",0,0,false],"thumbnail":["https:\/\/4c.top-me.eu\/wp-content\/uploads\/2024\/09\/IMG_5453-3-scaled.jpg",1,1,false],"medium":["https:\/\/4c.top-me.eu\/wp-content\/uploads\/2024\/09\/IMG_5453-3-scaled.jpg",1,1,false],"medium_large":["https:\/\/4c.top-me.eu\/wp-content\/uploads\/2024\/09\/IMG_5453-3-scaled.jpg",1,1,false],"large":["https:\/\/4c.top-me.eu\/wp-content\/uploads\/2024\/09\/IMG_5453-3-scaled.jpg",1,1,false],"1536x1536":["https:\/\/4c.top-me.eu\/wp-content\/uploads\/2024\/09\/IMG_5453-3-scaled.jpg",1,1,false],"2048x2048":["https:\/\/4c.top-me.eu\/wp-content\/uploads\/2024\/09\/IMG_5453-3-scaled.jpg",1,1,false],"archive-list":["https:\/\/4c.top-me.eu\/wp-content\/uploads\/2024\/09\/IMG_5453-3-scaled.jpg",1,1,false],"archive-list-2":["https:\/\/4c.top-me.eu\/wp-content\/uploads\/2024\/09\/IMG_5453-3-scaled.jpg",1,1,false],"woocommerce_thumbnail":["https:\/\/4c.top-me.eu\/wp-content\/uploads\/2024\/09\/IMG_5453-3-scaled.jpg",1,1,false],"woocommerce_single":["https:\/\/4c.top-me.eu\/wp-content\/uploads\/2024\/09\/IMG_5453-3-scaled.jpg",1,1,false],"woocommerce_gallery_thumbnail":["https:\/\/4c.top-me.eu\/wp-content\/uploads\/2024\/09\/IMG_5453-3-scaled.jpg",1,1,false]},"uagb_author_info":{"display_name":"accordeonMaster","author_link":"https:\/\/4c.top-me.eu\/en\/author\/"},"uagb_comment_info":0,"uagb_excerpt":"Jedine\u010dn\u00fd n\u00e1hrdeln\u00edk z brou\u0161en\u00fdch kor\u00e1lk\u016f p\u0159ekr\u00e1sn\u011b syt\u011b tmav\u011b modr\u00e9ho lapisu lazuli, zkombinovan\u00e9ho s \u017elut\u00fdm saf\u00edrem v centr\u00e1ln\u00ed \u010d\u00e1sti n\u00e1hrdelnku a ozdobn\u00fdm ohlazen\u00fdm kor\u00e1lkem lapisu lazuli. Jednotliv\u00e9 kor\u00e1lky lapisu lazuli m\u011b\u0159\u00ed okolo 2 mm a kor\u00e1lky \u017elut\u00e9ho saf\u00edru okolo 3 mm. St\u0159edov\u00fd lapis lazuli m\u011b\u0159\u00ed na d\u00e9lku 5,5 mm. N\u00e1hrdeln\u00edk m\u00e1 st\u0159\u00edbrn\u00e9 zap\u00edn\u00e1n\u00ed na klasickou karabinku","_links":{"self":[{"href":"https:\/\/4c.top-me.eu\/en\/wp-json\/wp\/v2\/product\/29583","targetHints":{"allow":["GET"]}}],"collection":[{"href":"https:\/\/4c.top-me.eu\/en\/wp-json\/wp\/v2\/product"}],"about":[{"href":"https:\/\/4c.top-me.eu\/en\/wp-json\/wp\/v2\/types\/product"}],"wp:featuredmedia":[{"embeddable":true,"href":"https:\/\/4c.top-me.eu\/en\/wp-json\/wp\/v2\/media\/29673"}],"wp:attachment":[{"href":"https:\/\/4c.top-me.eu\/en\/wp-json\/wp\/v2\/media?parent=29583"}],"wp:term":[{"taxonomy":"product_brand","embeddable":true,"href":"https:\/\/4c.top-me.eu\/en\/wp-json\/wp\/v2\/product_brand?post=29583"},{"taxonomy":"product_cat","embeddable":true,"href":"https:\/\/4c.top-me.eu\/en\/wp-json\/wp\/v2\/product_cat?post=29583"},{"taxonomy":"product_tag","embeddable":true,"href":"https:\/\/4c.top-me.eu\/en\/wp-json\/wp\/v2\/product_tag?post=29583"}],"curies":[{"name":"wp","href":"https:\/\/api.w.org\/{rel}","templated":true}]}}