{"id":29507,"date":"2024-09-24T15:01:28","date_gmt":"2024-09-24T15:01:28","guid":{"rendered":"https:\/\/fvgear.com\/?post_type=product&#038;p=29507"},"modified":"2024-09-24T15:05:14","modified_gmt":"2024-09-24T15:05:14","slug":"nahrdelnik-ruzovy-opal-4","status":"publish","type":"product","link":"https:\/\/4c.top-me.eu\/en\/product\/nahrdelnik-ruzovy-opal-4\/","title":{"rendered":"N\u00e1hrdeln\u00edk r\u016f\u017eov\u00fd op\u00e1l"},"content":{"rendered":"<div class=\"et_pb_column et_pb_column_3_8 et_pb_column_inner et_pb_column_inner_4_tb_body et-last-child\">\n<div class=\"et_pb_module et_pb_wc_description et_pb_wc_description_1_tb_body et_pb_bg_layout_light et_pb_text_align_left\">\n<div class=\"et_pb_module_inner\">\n<div class=\"et_pb_column et_pb_column_3_8 et_pb_column_inner et_pb_column_inner_4_tb_body et-last-child\">\n<div class=\"et_pb_module et_pb_wc_description et_pb_wc_description_1_tb_body et_pb_bg_layout_light et_pb_text_align_left\">\n<div class=\"et_pb_module_inner\">\n<div class=\"et_pb_column et_pb_column_3_8 et_pb_column_inner et_pb_column_inner_4_tb_body et-last-child\">\n<div class=\"et_pb_module et_pb_wc_description et_pb_wc_description_1_tb_body et_pb_bg_layout_light et_pb_text_align_left\">\n<div class=\"et_pb_module_inner\">\n<div class=\"et_pb_column et_pb_column_3_8 et_pb_column_inner et_pb_column_inner_4_tb_body et-last-child\">\n<div class=\"et_pb_module et_pb_wc_description et_pb_wc_description_1_tb_body et_pb_bg_layout_light et_pb_text_align_left\">\n<div class=\"et_pb_module_inner\">\n<p>N\u00e1dhern\u00fd origin\u00e1ln\u00ed n\u00e1hrdeln\u00edk z kor\u00e1lk\u016f z r\u016f\u017eov\u00e9ho peru\u00e1nsk\u00e9ho op\u00e1lu, jemn\u011b odstup\u0148ovan\u00fdch podle velikosti (nejv\u011bt\u0161\u00ed vep\u0159edu uprost\u0159ed n\u00e1hrdeln\u00edku a nejmen\u0161\u00ed vzadu u zap\u00edn\u00e1n\u00ed).<\/p>\n<p>Pr\u016fm\u011br nejv\u011bt\u0161\u00edch kor\u00e1lk\u016f op\u00e1lu je cca 8 mm a nejmen\u0161\u00edch cca 5 mm. N\u00e1hrdeln\u00edk m\u00e1 st\u0159\u00edbrn\u00e9 zap\u00edn\u00e1n\u00ed na klasickou karabinku. St\u0159\u00edbro Ag 925\/1000. D\u00e9lka zap\u00edn\u00e1n\u00ed je 2,5 cm. Celkov\u00e1 d\u00e9lka n\u00e1hrdeln\u00edku je 47 cm. Celkov\u00e1 hmotnost je 23,1 g. N\u00e1hrdeln\u00edk je navle\u010den na kovov\u00e9m lanku.<\/p>\n<\/div>\n<\/div>\n<\/div>\n<\/div>\n<\/div>\n<\/div>\n<\/div>\n<\/div>\n<\/div>\n<\/div>\n<\/div>\n<\/div>\n","protected":false},"excerpt":{"rendered":"<p>N\u00e1dhern\u00fd origin\u00e1ln\u00ed n\u00e1hrdeln\u00edk z kor\u00e1lk\u016f z r\u016f\u017eov\u00e9ho peru\u00e1nsk\u00e9ho op\u00e1lu, jemn\u011b odstup\u0148ovan\u00fdch podle velikosti (nejv\u011bt\u0161\u00ed vep\u0159edu uprost\u0159ed n\u00e1hrdeln\u00edku a nejmen\u0161\u00ed vzadu u zap\u00edn\u00e1n\u00ed). Pr\u016fm\u011br nejv\u011bt\u0161\u00edch kor\u00e1lk\u016f op\u00e1lu je cca 8 mm a nejmen\u0161\u00edch cca 5 mm. N\u00e1hrdeln\u00edk m\u00e1 st\u0159\u00edbrn\u00e9 zap\u00edn\u00e1n\u00ed na klasickou karabinku. St\u0159\u00edbro Ag 925\/1000. D\u00e9lka zap\u00edn\u00e1n\u00ed je 2,5 cm. Celkov\u00e1 d\u00e9lka n\u00e1hrdeln\u00edku je 47<\/p>\n","protected":false},"featured_media":29510,"template":"","meta":{"_acf_changed":false,"_uag_custom_page_level_css":""},"product_brand":[],"product_cat":[30,31],"product_tag":[33,110,299,87],"class_list":{"0":"post-29507","1":"product","2":"type-product","3":"status-publish","4":"has-post-thumbnail","6":"product_cat-nahrdelniky-s-prirodnimi-kameny","7":"product_cat-nahrdelniky-s-prirodnimi-kameny-stribro-925-1000","8":"product_tag-nahrdelnik","9":"product_tag-opal","10":"product_tag-ruzovy-opal","11":"product_tag-stribro-925-1000","13":"first","14":"instock","15":"sold-individually","16":"taxable","17":"shipping-taxable","18":"purchasable","19":"product-type-simple"},"acf":[],"uagb_featured_image_src":{"full":["https:\/\/4c.top-me.eu\/wp-content\/uploads\/2024\/09\/IMG_5315-scaled.jpg",0,0,false],"thumbnail":["https:\/\/4c.top-me.eu\/wp-content\/uploads\/2024\/09\/IMG_5315-scaled.jpg",1,1,false],"medium":["https:\/\/4c.top-me.eu\/wp-content\/uploads\/2024\/09\/IMG_5315-scaled.jpg",1,1,false],"medium_large":["https:\/\/4c.top-me.eu\/wp-content\/uploads\/2024\/09\/IMG_5315-scaled.jpg",1,1,false],"large":["https:\/\/4c.top-me.eu\/wp-content\/uploads\/2024\/09\/IMG_5315-scaled.jpg",1,1,false],"1536x1536":["https:\/\/4c.top-me.eu\/wp-content\/uploads\/2024\/09\/IMG_5315-scaled.jpg",1,1,false],"2048x2048":["https:\/\/4c.top-me.eu\/wp-content\/uploads\/2024\/09\/IMG_5315-scaled.jpg",1,1,false],"archive-list":["https:\/\/4c.top-me.eu\/wp-content\/uploads\/2024\/09\/IMG_5315-scaled.jpg",1,1,false],"archive-list-2":["https:\/\/4c.top-me.eu\/wp-content\/uploads\/2024\/09\/IMG_5315-scaled.jpg",1,1,false],"woocommerce_thumbnail":["https:\/\/4c.top-me.eu\/wp-content\/uploads\/2024\/09\/IMG_5315-scaled.jpg",1,1,false],"woocommerce_single":["https:\/\/4c.top-me.eu\/wp-content\/uploads\/2024\/09\/IMG_5315-scaled.jpg",1,1,false],"woocommerce_gallery_thumbnail":["https:\/\/4c.top-me.eu\/wp-content\/uploads\/2024\/09\/IMG_5315-scaled.jpg",1,1,false]},"uagb_author_info":{"display_name":"accordeonMaster","author_link":"https:\/\/4c.top-me.eu\/en\/author\/"},"uagb_comment_info":0,"uagb_excerpt":"N\u00e1dhern\u00fd origin\u00e1ln\u00ed n\u00e1hrdeln\u00edk z kor\u00e1lk\u016f z r\u016f\u017eov\u00e9ho peru\u00e1nsk\u00e9ho op\u00e1lu, jemn\u011b odstup\u0148ovan\u00fdch podle velikosti (nejv\u011bt\u0161\u00ed vep\u0159edu uprost\u0159ed n\u00e1hrdeln\u00edku a nejmen\u0161\u00ed vzadu u zap\u00edn\u00e1n\u00ed). Pr\u016fm\u011br nejv\u011bt\u0161\u00edch kor\u00e1lk\u016f op\u00e1lu je cca 8 mm a nejmen\u0161\u00edch cca 5 mm. N\u00e1hrdeln\u00edk m\u00e1 st\u0159\u00edbrn\u00e9 zap\u00edn\u00e1n\u00ed na klasickou karabinku. St\u0159\u00edbro Ag 925\/1000. D\u00e9lka zap\u00edn\u00e1n\u00ed je 2,5 cm. Celkov\u00e1 d\u00e9lka n\u00e1hrdeln\u00edku je 47","_links":{"self":[{"href":"https:\/\/4c.top-me.eu\/en\/wp-json\/wp\/v2\/product\/29507","targetHints":{"allow":["GET"]}}],"collection":[{"href":"https:\/\/4c.top-me.eu\/en\/wp-json\/wp\/v2\/product"}],"about":[{"href":"https:\/\/4c.top-me.eu\/en\/wp-json\/wp\/v2\/types\/product"}],"wp:featuredmedia":[{"embeddable":true,"href":"https:\/\/4c.top-me.eu\/en\/wp-json\/wp\/v2\/media\/29510"}],"wp:attachment":[{"href":"https:\/\/4c.top-me.eu\/en\/wp-json\/wp\/v2\/media?parent=29507"}],"wp:term":[{"taxonomy":"product_brand","embeddable":true,"href":"https:\/\/4c.top-me.eu\/en\/wp-json\/wp\/v2\/product_brand?post=29507"},{"taxonomy":"product_cat","embeddable":true,"href":"https:\/\/4c.top-me.eu\/en\/wp-json\/wp\/v2\/product_cat?post=29507"},{"taxonomy":"product_tag","embeddable":true,"href":"https:\/\/4c.top-me.eu\/en\/wp-json\/wp\/v2\/product_tag?post=29507"}],"curies":[{"name":"wp","href":"https:\/\/api.w.org\/{rel}","templated":true}]}}