{"id":29203,"date":"2024-09-24T11:33:12","date_gmt":"2024-09-24T11:33:12","guid":{"rendered":"https:\/\/fvgear.com\/?post_type=product&#038;p=29203"},"modified":"2024-09-24T11:33:53","modified_gmt":"2024-09-24T11:33:53","slug":"nahrdelnik-apatit-10","status":"publish","type":"product","link":"https:\/\/4c.top-me.eu\/en\/product\/nahrdelnik-apatit-10\/","title":{"rendered":"N\u00e1hrdeln\u00edk apatit"},"content":{"rendered":"<div class=\"et_pb_column et_pb_column_3_8 et_pb_column_inner et_pb_column_inner_4_tb_body et-last-child\">\n<div class=\"et_pb_module et_pb_wc_description et_pb_wc_description_1_tb_body et_pb_bg_layout_light et_pb_text_align_left\">\n<div class=\"et_pb_module_inner\">\n<div class=\"et_pb_column et_pb_column_3_8 et_pb_column_inner et_pb_column_inner_4_tb_body et-last-child\">\n<div class=\"et_pb_module et_pb_wc_description et_pb_wc_description_1_tb_body et_pb_bg_layout_light et_pb_text_align_left\">\n<div class=\"et_pb_module_inner\">\n<p>Elegantn\u00ed n\u00e1hrdeln\u00edk z p\u0159ekr\u00e1sn\u011b syt\u011b tyrkysov\u00fdch brou\u0161en\u00fdch kor\u00e1lk\u016f apatitu.<\/p>\n<p>Jednotliv\u00e9 kor\u00e1lky m\u011b\u0159\u00ed okolo 3 mm. N\u00e1hrdeln\u00edk m\u00e1 pozlacen\u00e9 zap\u00edn\u00e1n\u00ed na klasickou karabinku. St\u0159\u00edbro Ag 925\/1000. D\u00e9lka zap\u00edn\u00e1n\u00ed je 2 cm. Celkov\u00e1 d\u00e9lka n\u00e1hrdeln\u00edku je 40,8 cm. Celkov\u00e1 hmotnost je 8,62 g. N\u00e1hrdeln\u00edk je navle\u010den na modr\u00e9m hedv\u00e1b\u00ed.<\/p>\n<\/div>\n<\/div>\n<\/div>\n<\/div>\n<\/div>\n<\/div>\n","protected":false},"excerpt":{"rendered":"<p>Elegantn\u00ed n\u00e1hrdeln\u00edk z p\u0159ekr\u00e1sn\u011b syt\u011b tyrkysov\u00fdch brou\u0161en\u00fdch kor\u00e1lk\u016f apatitu. Jednotliv\u00e9 kor\u00e1lky m\u011b\u0159\u00ed okolo 3 mm. N\u00e1hrdeln\u00edk m\u00e1 pozlacen\u00e9 zap\u00edn\u00e1n\u00ed na klasickou karabinku. St\u0159\u00edbro Ag 925\/1000. D\u00e9lka zap\u00edn\u00e1n\u00ed je 2 cm. Celkov\u00e1 d\u00e9lka n\u00e1hrdeln\u00edku je 40,8 cm. Celkov\u00e1 hmotnost je 8,62 g. N\u00e1hrdeln\u00edk je navle\u010den na modr\u00e9m hedv\u00e1b\u00ed.<\/p>\n","protected":false},"featured_media":29290,"template":"","meta":{"_acf_changed":false,"_uag_custom_page_level_css":""},"product_brand":[],"product_cat":[30,31],"product_tag":[100,33,87],"class_list":{"0":"post-29203","1":"product","2":"type-product","3":"status-publish","4":"has-post-thumbnail","6":"product_cat-nahrdelniky-s-prirodnimi-kameny","7":"product_cat-nahrdelniky-s-prirodnimi-kameny-stribro-925-1000","8":"product_tag-apatit","9":"product_tag-nahrdelnik","10":"product_tag-stribro-925-1000","12":"first","13":"instock","14":"sold-individually","15":"taxable","16":"shipping-taxable","17":"purchasable","18":"product-type-simple"},"acf":[],"uagb_featured_image_src":{"full":["https:\/\/4c.top-me.eu\/wp-content\/uploads\/2024\/09\/IMG_5201-1-scaled.jpg",0,0,false],"thumbnail":["https:\/\/4c.top-me.eu\/wp-content\/uploads\/2024\/09\/IMG_5201-1-scaled.jpg",1,1,false],"medium":["https:\/\/4c.top-me.eu\/wp-content\/uploads\/2024\/09\/IMG_5201-1-scaled.jpg",1,1,false],"medium_large":["https:\/\/4c.top-me.eu\/wp-content\/uploads\/2024\/09\/IMG_5201-1-scaled.jpg",1,1,false],"large":["https:\/\/4c.top-me.eu\/wp-content\/uploads\/2024\/09\/IMG_5201-1-scaled.jpg",1,1,false],"1536x1536":["https:\/\/4c.top-me.eu\/wp-content\/uploads\/2024\/09\/IMG_5201-1-scaled.jpg",1,1,false],"2048x2048":["https:\/\/4c.top-me.eu\/wp-content\/uploads\/2024\/09\/IMG_5201-1-scaled.jpg",1,1,false],"archive-list":["https:\/\/4c.top-me.eu\/wp-content\/uploads\/2024\/09\/IMG_5201-1-scaled.jpg",1,1,false],"archive-list-2":["https:\/\/4c.top-me.eu\/wp-content\/uploads\/2024\/09\/IMG_5201-1-scaled.jpg",1,1,false],"woocommerce_thumbnail":["https:\/\/4c.top-me.eu\/wp-content\/uploads\/2024\/09\/IMG_5201-1-scaled.jpg",1,1,false],"woocommerce_single":["https:\/\/4c.top-me.eu\/wp-content\/uploads\/2024\/09\/IMG_5201-1-scaled.jpg",1,1,false],"woocommerce_gallery_thumbnail":["https:\/\/4c.top-me.eu\/wp-content\/uploads\/2024\/09\/IMG_5201-1-scaled.jpg",1,1,false]},"uagb_author_info":{"display_name":"accordeonMaster","author_link":"https:\/\/4c.top-me.eu\/en\/author\/"},"uagb_comment_info":0,"uagb_excerpt":"Elegantn\u00ed n\u00e1hrdeln\u00edk z p\u0159ekr\u00e1sn\u011b syt\u011b tyrkysov\u00fdch brou\u0161en\u00fdch kor\u00e1lk\u016f apatitu. Jednotliv\u00e9 kor\u00e1lky m\u011b\u0159\u00ed okolo 3 mm. N\u00e1hrdeln\u00edk m\u00e1 pozlacen\u00e9 zap\u00edn\u00e1n\u00ed na klasickou karabinku. St\u0159\u00edbro Ag 925\/1000. D\u00e9lka zap\u00edn\u00e1n\u00ed je 2 cm. Celkov\u00e1 d\u00e9lka n\u00e1hrdeln\u00edku je 40,8 cm. Celkov\u00e1 hmotnost je 8,62 g. N\u00e1hrdeln\u00edk je navle\u010den na modr\u00e9m hedv\u00e1b\u00ed.","_links":{"self":[{"href":"https:\/\/4c.top-me.eu\/en\/wp-json\/wp\/v2\/product\/29203","targetHints":{"allow":["GET"]}}],"collection":[{"href":"https:\/\/4c.top-me.eu\/en\/wp-json\/wp\/v2\/product"}],"about":[{"href":"https:\/\/4c.top-me.eu\/en\/wp-json\/wp\/v2\/types\/product"}],"wp:featuredmedia":[{"embeddable":true,"href":"https:\/\/4c.top-me.eu\/en\/wp-json\/wp\/v2\/media\/29290"}],"wp:attachment":[{"href":"https:\/\/4c.top-me.eu\/en\/wp-json\/wp\/v2\/media?parent=29203"}],"wp:term":[{"taxonomy":"product_brand","embeddable":true,"href":"https:\/\/4c.top-me.eu\/en\/wp-json\/wp\/v2\/product_brand?post=29203"},{"taxonomy":"product_cat","embeddable":true,"href":"https:\/\/4c.top-me.eu\/en\/wp-json\/wp\/v2\/product_cat?post=29203"},{"taxonomy":"product_tag","embeddable":true,"href":"https:\/\/4c.top-me.eu\/en\/wp-json\/wp\/v2\/product_tag?post=29203"}],"curies":[{"name":"wp","href":"https:\/\/api.w.org\/{rel}","templated":true}]}}