{"id":29131,"date":"2024-09-05T14:08:01","date_gmt":"2024-09-05T14:08:01","guid":{"rendered":"https:\/\/fvgear.com\/?post_type=product&#038;p=29131"},"modified":"2024-09-05T14:08:10","modified_gmt":"2024-09-05T14:08:10","slug":"andel-z-kristalu-3","status":"publish","type":"product","link":"https:\/\/4c.top-me.eu\/en\/product\/andel-z-kristalu-3\/","title":{"rendered":"And\u011bl z k\u0159i\u0161\u0165\u00e1lu"},"content":{"rendered":"<div class=\"et_pb_column et_pb_column_3_8 et_pb_column_inner et_pb_column_inner_4_tb_body et-last-child\">\n<div class=\"et_pb_module et_pb_wc_description et_pb_wc_description_1_tb_body et_pb_bg_layout_light et_pb_text_align_left\">\n<div class=\"et_pb_module_inner\">\n<p>P\u0159ekr\u00e1sn\u00e1 socha and\u011bla z n\u00e1dhern\u011b \u010dist\u00e9ho k\u0159i\u0161\u0165\u00e1lu, vhodn\u00e1 jako ozdoba do interi\u00e9ru.<\/p>\n<p>Socha m\u011b\u0159\u00ed na v\u00fd\u0161ku 18,3 cm a na \u0161\u00ed\u0159ku 8,5 cm. Socha v\u00e1\u017e\u00ed 760 g.<\/p>\n<\/div>\n<\/div>\n<\/div>\n","protected":false},"excerpt":{"rendered":"<p>P\u0159ekr\u00e1sn\u00e1 socha and\u011bla z n\u00e1dhern\u011b \u010dist\u00e9ho k\u0159i\u0161\u0165\u00e1lu, vhodn\u00e1 jako ozdoba do interi\u00e9ru. Socha m\u011b\u0159\u00ed na v\u00fd\u0161ku 18,3 cm a na \u0161\u00ed\u0159ku 8,5 cm. Socha v\u00e1\u017e\u00ed 760 g.<\/p>\n","protected":false},"featured_media":29132,"template":"","meta":{"_acf_changed":false,"_uag_custom_page_level_css":""},"product_brand":[],"product_cat":[28,29,41,27],"product_tag":[177,277,95,90],"class_list":{"0":"post-29131","1":"product","2":"type-product","3":"status-publish","4":"has-post-thumbnail","6":"product_cat-kameny","7":"product_cat-dekorativni-kameny","8":"product_cat-luxusni-dekorace","9":"product_cat-vyrobky-z-kamenu","10":"product_tag-andel","11":"product_tag-dekorace","12":"product_tag-kristal","13":"product_tag-soska","15":"first","16":"instock","17":"sold-individually","18":"taxable","19":"shipping-taxable","20":"purchasable","21":"product-type-simple"},"acf":[],"uagb_featured_image_src":{"full":["https:\/\/4c.top-me.eu\/wp-content\/uploads\/2024\/09\/IMG_3628-scaled.jpg",0,0,false],"thumbnail":["https:\/\/4c.top-me.eu\/wp-content\/uploads\/2024\/09\/IMG_3628-scaled.jpg",1,1,false],"medium":["https:\/\/4c.top-me.eu\/wp-content\/uploads\/2024\/09\/IMG_3628-scaled.jpg",1,1,false],"medium_large":["https:\/\/4c.top-me.eu\/wp-content\/uploads\/2024\/09\/IMG_3628-scaled.jpg",1,1,false],"large":["https:\/\/4c.top-me.eu\/wp-content\/uploads\/2024\/09\/IMG_3628-scaled.jpg",1,1,false],"1536x1536":["https:\/\/4c.top-me.eu\/wp-content\/uploads\/2024\/09\/IMG_3628-scaled.jpg",1,1,false],"2048x2048":["https:\/\/4c.top-me.eu\/wp-content\/uploads\/2024\/09\/IMG_3628-scaled.jpg",1,1,false],"archive-list":["https:\/\/4c.top-me.eu\/wp-content\/uploads\/2024\/09\/IMG_3628-scaled.jpg",1,1,false],"archive-list-2":["https:\/\/4c.top-me.eu\/wp-content\/uploads\/2024\/09\/IMG_3628-scaled.jpg",1,1,false],"woocommerce_thumbnail":["https:\/\/4c.top-me.eu\/wp-content\/uploads\/2024\/09\/IMG_3628-scaled.jpg",1,1,false],"woocommerce_single":["https:\/\/4c.top-me.eu\/wp-content\/uploads\/2024\/09\/IMG_3628-scaled.jpg",1,1,false],"woocommerce_gallery_thumbnail":["https:\/\/4c.top-me.eu\/wp-content\/uploads\/2024\/09\/IMG_3628-scaled.jpg",1,1,false]},"uagb_author_info":{"display_name":"accordeonMaster","author_link":"https:\/\/4c.top-me.eu\/en\/author\/"},"uagb_comment_info":0,"uagb_excerpt":"P\u0159ekr\u00e1sn\u00e1 socha and\u011bla z n\u00e1dhern\u011b \u010dist\u00e9ho k\u0159i\u0161\u0165\u00e1lu, vhodn\u00e1 jako ozdoba do interi\u00e9ru. Socha m\u011b\u0159\u00ed na v\u00fd\u0161ku 18,3 cm a na \u0161\u00ed\u0159ku 8,5 cm. Socha v\u00e1\u017e\u00ed 760 g.","_links":{"self":[{"href":"https:\/\/4c.top-me.eu\/en\/wp-json\/wp\/v2\/product\/29131","targetHints":{"allow":["GET"]}}],"collection":[{"href":"https:\/\/4c.top-me.eu\/en\/wp-json\/wp\/v2\/product"}],"about":[{"href":"https:\/\/4c.top-me.eu\/en\/wp-json\/wp\/v2\/types\/product"}],"wp:featuredmedia":[{"embeddable":true,"href":"https:\/\/4c.top-me.eu\/en\/wp-json\/wp\/v2\/media\/29132"}],"wp:attachment":[{"href":"https:\/\/4c.top-me.eu\/en\/wp-json\/wp\/v2\/media?parent=29131"}],"wp:term":[{"taxonomy":"product_brand","embeddable":true,"href":"https:\/\/4c.top-me.eu\/en\/wp-json\/wp\/v2\/product_brand?post=29131"},{"taxonomy":"product_cat","embeddable":true,"href":"https:\/\/4c.top-me.eu\/en\/wp-json\/wp\/v2\/product_cat?post=29131"},{"taxonomy":"product_tag","embeddable":true,"href":"https:\/\/4c.top-me.eu\/en\/wp-json\/wp\/v2\/product_tag?post=29131"}],"curies":[{"name":"wp","href":"https:\/\/api.w.org\/{rel}","templated":true}]}}