{"id":28884,"date":"2024-09-03T14:26:25","date_gmt":"2024-09-03T14:26:25","guid":{"rendered":"https:\/\/fvgear.com\/?post_type=product&#038;p=28884"},"modified":"2024-09-03T14:59:56","modified_gmt":"2024-09-03T14:59:56","slug":"nausnice-safir","status":"publish","type":"product","link":"https:\/\/4c.top-me.eu\/en\/product\/nausnice-safir\/","title":{"rendered":"N\u00e1u\u0161nice saf\u00edr"},"content":{"rendered":"<div class=\"et_pb_column et_pb_column_3_8 et_pb_column_inner et_pb_column_inner_4_tb_body et-last-child\">\n<div class=\"et_pb_module et_pb_wc_description et_pb_wc_description_1_tb_body et_pb_bg_layout_light et_pb_text_align_left\">\n<div class=\"et_pb_module_inner\">\n<div class=\"et_pb_column et_pb_column_3_8 et_pb_column_inner et_pb_column_inner_4_tb_body et-last-child\">\n<div class=\"et_pb_module et_pb_wc_description et_pb_wc_description_1_tb_body et_pb_bg_layout_light et_pb_text_align_left\">\n<div class=\"et_pb_module_inner\">\n<p>N\u00e1dhern\u00e9 elegantn\u00ed n\u00e1u\u0161nice z brou\u0161en\u00fdch kor\u00e1lk\u016f \u00fa\u017easn\u011b syt\u011b tmav\u011b modr\u00e9ho saf\u00edru.<\/p>\n<p>Jednotliv\u00e9 v\u011bt\u0161\u00ed kor\u00e1lky m\u011b\u0159\u00ed okolo 8 mm a men\u0161\u00ed kor\u00e1lky okolo 2 mm. Z\u00e1p\u00edn\u00e1n\u00ed je st\u0159\u00edbrn\u00e9, na klasickou karabinku, st\u0159\u00edbro Ag 925\/1000. D\u00e9lka zap\u00edn\u00e1n\u00ed je 1,5 cm. Celkov\u00e1 d\u00e9lka n\u00e1u\u0161nic je 6,3 cm. Celkov\u00e1 v\u00e1ha n\u00e1u\u0161nic 5,45 g. Kam\u00ednky jsou navle\u010deny na tmav\u011b modr\u00e9 hedv\u00e1bn\u00e9 niti.<\/p>\n<\/div>\n<\/div>\n<\/div>\n<p>&nbsp;<\/p>\n<\/div>\n<\/div>\n<p>N\u00e1u\u0161nice doporu\u010dujeme doplnit kr\u00e1sn\u00fdm slad\u011bn\u00fdm <a href=\"https:\/\/4c.top-me.eu\/produkt\/nahrdelnik-safir-4\/\">n\u00e1hrdeln\u00edkem<\/a> \u010di elegantn\u00edm n\u00e1ramkem (<a href=\"https:\/\/4c.top-me.eu\/produkt\/naramek-safir-2\/\">varianta 1<\/a> \u010di <a href=\"https:\/\/4c.top-me.eu\/produkt\/naramek-safir-3\/\">varianta 2<\/a>) ze saf\u00edru.<\/p>\n<\/div>\n","protected":false},"excerpt":{"rendered":"<p>N\u00e1dhern\u00e9 elegantn\u00ed n\u00e1u\u0161nice z brou\u0161en\u00fdch kor\u00e1lk\u016f \u00fa\u017easn\u011b syt\u011b tmav\u011b modr\u00e9ho saf\u00edru. Jednotliv\u00e9 v\u011bt\u0161\u00ed kor\u00e1lky m\u011b\u0159\u00ed okolo 8 mm a men\u0161\u00ed kor\u00e1lky okolo 2 mm. Z\u00e1p\u00edn\u00e1n\u00ed je st\u0159\u00edbrn\u00e9, na klasickou karabinku, st\u0159\u00edbro Ag 925\/1000. D\u00e9lka zap\u00edn\u00e1n\u00ed je 1,5 cm. Celkov\u00e1 d\u00e9lka n\u00e1u\u0161nic je 6,3 cm. Celkov\u00e1 v\u00e1ha n\u00e1u\u0161nic 5,45 g. Kam\u00ednky jsou navle\u010deny na tmav\u011b modr\u00e9<\/p>\n","protected":false},"featured_media":28889,"template":"","meta":{"_acf_changed":false,"_uag_custom_page_level_css":""},"product_brand":[],"product_cat":[64,56],"product_tag":[118,99,87],"class_list":{"0":"post-28884","1":"product","2":"type-product","3":"status-publish","4":"has-post-thumbnail","6":"product_cat-privesky","7":"product_cat-privesky-a-nausnice-stribro-925-1000","8":"product_tag-nausnice","9":"product_tag-safir","10":"product_tag-stribro-925-1000","12":"first","13":"instock","14":"sold-individually","15":"taxable","16":"shipping-taxable","17":"purchasable","18":"product-type-simple"},"acf":[],"uagb_featured_image_src":{"full":["https:\/\/4c.top-me.eu\/wp-content\/uploads\/2024\/09\/IMG_2862-scaled.jpg",0,0,false],"thumbnail":["https:\/\/4c.top-me.eu\/wp-content\/uploads\/2024\/09\/IMG_2862-scaled.jpg",1,1,false],"medium":["https:\/\/4c.top-me.eu\/wp-content\/uploads\/2024\/09\/IMG_2862-scaled.jpg",1,1,false],"medium_large":["https:\/\/4c.top-me.eu\/wp-content\/uploads\/2024\/09\/IMG_2862-scaled.jpg",1,1,false],"large":["https:\/\/4c.top-me.eu\/wp-content\/uploads\/2024\/09\/IMG_2862-scaled.jpg",1,1,false],"1536x1536":["https:\/\/4c.top-me.eu\/wp-content\/uploads\/2024\/09\/IMG_2862-scaled.jpg",1,1,false],"2048x2048":["https:\/\/4c.top-me.eu\/wp-content\/uploads\/2024\/09\/IMG_2862-scaled.jpg",1,1,false],"archive-list":["https:\/\/4c.top-me.eu\/wp-content\/uploads\/2024\/09\/IMG_2862-scaled.jpg",1,1,false],"archive-list-2":["https:\/\/4c.top-me.eu\/wp-content\/uploads\/2024\/09\/IMG_2862-scaled.jpg",1,1,false],"woocommerce_thumbnail":["https:\/\/4c.top-me.eu\/wp-content\/uploads\/2024\/09\/IMG_2862-scaled.jpg",1,1,false],"woocommerce_single":["https:\/\/4c.top-me.eu\/wp-content\/uploads\/2024\/09\/IMG_2862-scaled.jpg",1,1,false],"woocommerce_gallery_thumbnail":["https:\/\/4c.top-me.eu\/wp-content\/uploads\/2024\/09\/IMG_2862-scaled.jpg",1,1,false]},"uagb_author_info":{"display_name":"accordeonMaster","author_link":"https:\/\/4c.top-me.eu\/en\/author\/"},"uagb_comment_info":0,"uagb_excerpt":"N\u00e1dhern\u00e9 elegantn\u00ed n\u00e1u\u0161nice z brou\u0161en\u00fdch kor\u00e1lk\u016f \u00fa\u017easn\u011b syt\u011b tmav\u011b modr\u00e9ho saf\u00edru. Jednotliv\u00e9 v\u011bt\u0161\u00ed kor\u00e1lky m\u011b\u0159\u00ed okolo 8 mm a men\u0161\u00ed kor\u00e1lky okolo 2 mm. Z\u00e1p\u00edn\u00e1n\u00ed je st\u0159\u00edbrn\u00e9, na klasickou karabinku, st\u0159\u00edbro Ag 925\/1000. D\u00e9lka zap\u00edn\u00e1n\u00ed je 1,5 cm. Celkov\u00e1 d\u00e9lka n\u00e1u\u0161nic je 6,3 cm. Celkov\u00e1 v\u00e1ha n\u00e1u\u0161nic 5,45 g. Kam\u00ednky jsou navle\u010deny na tmav\u011b modr\u00e9","_links":{"self":[{"href":"https:\/\/4c.top-me.eu\/en\/wp-json\/wp\/v2\/product\/28884","targetHints":{"allow":["GET"]}}],"collection":[{"href":"https:\/\/4c.top-me.eu\/en\/wp-json\/wp\/v2\/product"}],"about":[{"href":"https:\/\/4c.top-me.eu\/en\/wp-json\/wp\/v2\/types\/product"}],"wp:featuredmedia":[{"embeddable":true,"href":"https:\/\/4c.top-me.eu\/en\/wp-json\/wp\/v2\/media\/28889"}],"wp:attachment":[{"href":"https:\/\/4c.top-me.eu\/en\/wp-json\/wp\/v2\/media?parent=28884"}],"wp:term":[{"taxonomy":"product_brand","embeddable":true,"href":"https:\/\/4c.top-me.eu\/en\/wp-json\/wp\/v2\/product_brand?post=28884"},{"taxonomy":"product_cat","embeddable":true,"href":"https:\/\/4c.top-me.eu\/en\/wp-json\/wp\/v2\/product_cat?post=28884"},{"taxonomy":"product_tag","embeddable":true,"href":"https:\/\/4c.top-me.eu\/en\/wp-json\/wp\/v2\/product_tag?post=28884"}],"curies":[{"name":"wp","href":"https:\/\/api.w.org\/{rel}","templated":true}]}}