{"id":28574,"date":"2024-09-03T11:16:30","date_gmt":"2024-09-03T11:16:30","guid":{"rendered":"https:\/\/fvgear.com\/?post_type=product&#038;p=28574"},"modified":"2024-09-03T11:36:13","modified_gmt":"2024-09-03T11:36:13","slug":"nahrdelnik-amazonit-3","status":"publish","type":"product","link":"https:\/\/4c.top-me.eu\/en\/product\/nahrdelnik-amazonit-3\/","title":{"rendered":"N\u00e1hrdeln\u00edk amazonit"},"content":{"rendered":"<div class=\"et_pb_column et_pb_column_3_8 et_pb_column_inner et_pb_column_inner_4_tb_body et-last-child\">\n<div class=\"et_pb_module et_pb_wc_description et_pb_wc_description_1_tb_body et_pb_bg_layout_light et_pb_text_align_left\">\n<div class=\"et_pb_module_inner\">\n<p>P\u0159ekr\u00e1sn\u00fd origin\u00e1ln\u00ed n\u00e1hrdeln\u00edk z brou\u0161en\u00fdch kor\u00e1lk\u016f amazonitu, dopln\u011bn\u00fdch jemn\u011b t\u0159pytiv\u00fdmi st\u0159\u00edbrn\u00fdmi komponenty.<\/p>\n<p>Jednotliv\u00e9 kor\u00e1lky m\u011b\u0159\u00ed okolo 4 mm. N\u00e1hrdeln\u00edk m\u00e1 st\u0159\u00edbrn\u00e9 zap\u00edn\u00e1n\u00ed na klasickou karabinku. St\u0159\u00edbro Ag 925\/1000. D\u00e9lka zap\u00edn\u00e1n\u00ed je 1,4 cm. Celkov\u00e1 d\u00e9lka n\u00e1hrdeln\u00edku je 42 cm. Celkov\u00e1 hmotnost je 11,14 g. N\u00e1hrdeln\u00edk je navle\u010den na kovov\u00e9m lanku.<\/p>\n<p>&nbsp;<\/p>\n<\/div>\n<p>N\u00e1hrdeln\u00edk doporu\u010dujeme doplnit p\u0159ekr\u00e1sn\u00fdm slad\u011bn\u00fdm <a href=\"https:\/\/4c.top-me.eu\/produkt\/naramek-amazonit-2\/\">n\u00e1ramkem<\/a> z amazonitu.<\/p>\n<\/div>\n<\/div>\n","protected":false},"excerpt":{"rendered":"<p>P\u0159ekr\u00e1sn\u00fd origin\u00e1ln\u00ed n\u00e1hrdeln\u00edk z brou\u0161en\u00fdch kor\u00e1lk\u016f amazonitu, dopln\u011bn\u00fdch jemn\u011b t\u0159pytiv\u00fdmi st\u0159\u00edbrn\u00fdmi komponenty. Jednotliv\u00e9 kor\u00e1lky m\u011b\u0159\u00ed okolo 4 mm. N\u00e1hrdeln\u00edk m\u00e1 st\u0159\u00edbrn\u00e9 zap\u00edn\u00e1n\u00ed na klasickou karabinku. St\u0159\u00edbro Ag 925\/1000. D\u00e9lka zap\u00edn\u00e1n\u00ed je 1,4 cm. Celkov\u00e1 d\u00e9lka n\u00e1hrdeln\u00edku je 42 cm. Celkov\u00e1 hmotnost je 11,14 g. N\u00e1hrdeln\u00edk je navle\u010den na kovov\u00e9m lanku. &nbsp; N\u00e1hrdeln\u00edk doporu\u010dujeme doplnit p\u0159ekr\u00e1sn\u00fdm<\/p>\n","protected":false},"featured_media":28575,"template":"","meta":{"_acf_changed":false,"_uag_custom_page_level_css":""},"product_brand":[],"product_cat":[30,31],"product_tag":[175,33,87],"class_list":{"0":"post-28574","1":"product","2":"type-product","3":"status-publish","4":"has-post-thumbnail","6":"product_cat-nahrdelniky-s-prirodnimi-kameny","7":"product_cat-nahrdelniky-s-prirodnimi-kameny-stribro-925-1000","8":"product_tag-amazonit","9":"product_tag-nahrdelnik","10":"product_tag-stribro-925-1000","12":"first","13":"instock","14":"sold-individually","15":"taxable","16":"shipping-taxable","17":"purchasable","18":"product-type-simple"},"acf":[],"uagb_featured_image_src":{"full":["https:\/\/4c.top-me.eu\/wp-content\/uploads\/2024\/09\/IMG_2630-scaled.jpg",0,0,false],"thumbnail":["https:\/\/4c.top-me.eu\/wp-content\/uploads\/2024\/09\/IMG_2630-scaled.jpg",1,1,false],"medium":["https:\/\/4c.top-me.eu\/wp-content\/uploads\/2024\/09\/IMG_2630-scaled.jpg",1,1,false],"medium_large":["https:\/\/4c.top-me.eu\/wp-content\/uploads\/2024\/09\/IMG_2630-scaled.jpg",1,1,false],"large":["https:\/\/4c.top-me.eu\/wp-content\/uploads\/2024\/09\/IMG_2630-scaled.jpg",1,1,false],"1536x1536":["https:\/\/4c.top-me.eu\/wp-content\/uploads\/2024\/09\/IMG_2630-scaled.jpg",1,1,false],"2048x2048":["https:\/\/4c.top-me.eu\/wp-content\/uploads\/2024\/09\/IMG_2630-scaled.jpg",1,1,false],"archive-list":["https:\/\/4c.top-me.eu\/wp-content\/uploads\/2024\/09\/IMG_2630-scaled.jpg",1,1,false],"archive-list-2":["https:\/\/4c.top-me.eu\/wp-content\/uploads\/2024\/09\/IMG_2630-scaled.jpg",1,1,false],"woocommerce_thumbnail":["https:\/\/4c.top-me.eu\/wp-content\/uploads\/2024\/09\/IMG_2630-scaled.jpg",1,1,false],"woocommerce_single":["https:\/\/4c.top-me.eu\/wp-content\/uploads\/2024\/09\/IMG_2630-scaled.jpg",1,1,false],"woocommerce_gallery_thumbnail":["https:\/\/4c.top-me.eu\/wp-content\/uploads\/2024\/09\/IMG_2630-scaled.jpg",1,1,false]},"uagb_author_info":{"display_name":"accordeonMaster","author_link":"https:\/\/4c.top-me.eu\/en\/author\/"},"uagb_comment_info":0,"uagb_excerpt":"P\u0159ekr\u00e1sn\u00fd origin\u00e1ln\u00ed n\u00e1hrdeln\u00edk z brou\u0161en\u00fdch kor\u00e1lk\u016f amazonitu, dopln\u011bn\u00fdch jemn\u011b t\u0159pytiv\u00fdmi st\u0159\u00edbrn\u00fdmi komponenty. Jednotliv\u00e9 kor\u00e1lky m\u011b\u0159\u00ed okolo 4 mm. N\u00e1hrdeln\u00edk m\u00e1 st\u0159\u00edbrn\u00e9 zap\u00edn\u00e1n\u00ed na klasickou karabinku. St\u0159\u00edbro Ag 925\/1000. D\u00e9lka zap\u00edn\u00e1n\u00ed je 1,4 cm. Celkov\u00e1 d\u00e9lka n\u00e1hrdeln\u00edku je 42 cm. Celkov\u00e1 hmotnost je 11,14 g. N\u00e1hrdeln\u00edk je navle\u010den na kovov\u00e9m lanku. &nbsp; N\u00e1hrdeln\u00edk doporu\u010dujeme doplnit p\u0159ekr\u00e1sn\u00fdm","_links":{"self":[{"href":"https:\/\/4c.top-me.eu\/en\/wp-json\/wp\/v2\/product\/28574","targetHints":{"allow":["GET"]}}],"collection":[{"href":"https:\/\/4c.top-me.eu\/en\/wp-json\/wp\/v2\/product"}],"about":[{"href":"https:\/\/4c.top-me.eu\/en\/wp-json\/wp\/v2\/types\/product"}],"wp:featuredmedia":[{"embeddable":true,"href":"https:\/\/4c.top-me.eu\/en\/wp-json\/wp\/v2\/media\/28575"}],"wp:attachment":[{"href":"https:\/\/4c.top-me.eu\/en\/wp-json\/wp\/v2\/media?parent=28574"}],"wp:term":[{"taxonomy":"product_brand","embeddable":true,"href":"https:\/\/4c.top-me.eu\/en\/wp-json\/wp\/v2\/product_brand?post=28574"},{"taxonomy":"product_cat","embeddable":true,"href":"https:\/\/4c.top-me.eu\/en\/wp-json\/wp\/v2\/product_cat?post=28574"},{"taxonomy":"product_tag","embeddable":true,"href":"https:\/\/4c.top-me.eu\/en\/wp-json\/wp\/v2\/product_tag?post=28574"}],"curies":[{"name":"wp","href":"https:\/\/api.w.org\/{rel}","templated":true}]}}