{"id":28478,"date":"2024-05-29T11:29:50","date_gmt":"2024-05-29T11:29:50","guid":{"rendered":"https:\/\/fvgear.com\/?post_type=product&#038;p=28478"},"modified":"2024-05-29T11:30:59","modified_gmt":"2024-05-29T11:30:59","slug":"obsidianovy-zajic-2","status":"publish","type":"product","link":"https:\/\/4c.top-me.eu\/en\/product\/obsidianovy-zajic-2\/","title":{"rendered":"Obsidi\u00e1nov\u00fd zaj\u00edc"},"content":{"rendered":"<p>Zaj\u00edc vy\u0159ezan\u00fd z \u010dern\u00e9ho mexick\u00e9ho obsidi\u00e1nu.<\/p>\n","protected":false},"excerpt":{"rendered":"<p>Zaj\u00edc vy\u0159ezan\u00fd z \u010dern\u00e9ho mexick\u00e9ho obsidi\u00e1nu.<\/p>\n","protected":false},"featured_media":28483,"template":"","meta":{"_acf_changed":false,"_uag_custom_page_level_css":""},"product_brand":[],"product_cat":[28,29,41,27],"product_tag":[277,263,138,286,90,275,140],"class_list":{"0":"post-28478","1":"product","2":"type-product","3":"status-publish","4":"has-post-thumbnail","6":"product_cat-kameny","7":"product_cat-dekorativni-kameny","8":"product_cat-luxusni-dekorace","9":"product_cat-vyrobky-z-kamenu","10":"product_tag-dekorace","11":"product_tag-dekorativni-kameny","12":"product_tag-obsidian","13":"product_tag-socha","14":"product_tag-soska","15":"product_tag-vyrobky-z-kamenu","16":"product_tag-zajic","18":"first","19":"instock","20":"taxable","21":"shipping-taxable","22":"purchasable","23":"product-type-simple"},"acf":[],"uagb_featured_image_src":{"full":["https:\/\/4c.top-me.eu\/wp-content\/uploads\/2024\/05\/IMG_7624-scaled.jpg",0,0,false],"thumbnail":["https:\/\/4c.top-me.eu\/wp-content\/uploads\/2024\/05\/IMG_7624-scaled.jpg",1,1,false],"medium":["https:\/\/4c.top-me.eu\/wp-content\/uploads\/2024\/05\/IMG_7624-scaled.jpg",1,1,false],"medium_large":["https:\/\/4c.top-me.eu\/wp-content\/uploads\/2024\/05\/IMG_7624-scaled.jpg",1,1,false],"large":["https:\/\/4c.top-me.eu\/wp-content\/uploads\/2024\/05\/IMG_7624-scaled.jpg",1,1,false],"1536x1536":["https:\/\/4c.top-me.eu\/wp-content\/uploads\/2024\/05\/IMG_7624-scaled.jpg",1,1,false],"2048x2048":["https:\/\/4c.top-me.eu\/wp-content\/uploads\/2024\/05\/IMG_7624-scaled.jpg",1,1,false],"archive-list":["https:\/\/4c.top-me.eu\/wp-content\/uploads\/2024\/05\/IMG_7624-scaled.jpg",1,1,false],"archive-list-2":["https:\/\/4c.top-me.eu\/wp-content\/uploads\/2024\/05\/IMG_7624-scaled.jpg",1,1,false],"woocommerce_thumbnail":["https:\/\/4c.top-me.eu\/wp-content\/uploads\/2024\/05\/IMG_7624-scaled.jpg",1,1,false],"woocommerce_single":["https:\/\/4c.top-me.eu\/wp-content\/uploads\/2024\/05\/IMG_7624-scaled.jpg",1,1,false],"woocommerce_gallery_thumbnail":["https:\/\/4c.top-me.eu\/wp-content\/uploads\/2024\/05\/IMG_7624-scaled.jpg",1,1,false]},"uagb_author_info":{"display_name":"accordeonMaster","author_link":"https:\/\/4c.top-me.eu\/en\/author\/"},"uagb_comment_info":0,"uagb_excerpt":"Zaj\u00edc vy\u0159ezan\u00fd z \u010dern\u00e9ho mexick\u00e9ho obsidi\u00e1nu.","_links":{"self":[{"href":"https:\/\/4c.top-me.eu\/en\/wp-json\/wp\/v2\/product\/28478","targetHints":{"allow":["GET"]}}],"collection":[{"href":"https:\/\/4c.top-me.eu\/en\/wp-json\/wp\/v2\/product"}],"about":[{"href":"https:\/\/4c.top-me.eu\/en\/wp-json\/wp\/v2\/types\/product"}],"wp:featuredmedia":[{"embeddable":true,"href":"https:\/\/4c.top-me.eu\/en\/wp-json\/wp\/v2\/media\/28483"}],"wp:attachment":[{"href":"https:\/\/4c.top-me.eu\/en\/wp-json\/wp\/v2\/media?parent=28478"}],"wp:term":[{"taxonomy":"product_brand","embeddable":true,"href":"https:\/\/4c.top-me.eu\/en\/wp-json\/wp\/v2\/product_brand?post=28478"},{"taxonomy":"product_cat","embeddable":true,"href":"https:\/\/4c.top-me.eu\/en\/wp-json\/wp\/v2\/product_cat?post=28478"},{"taxonomy":"product_tag","embeddable":true,"href":"https:\/\/4c.top-me.eu\/en\/wp-json\/wp\/v2\/product_tag?post=28478"}],"curies":[{"name":"wp","href":"https:\/\/api.w.org\/{rel}","templated":true}]}}