{"id":28109,"date":"2024-04-10T10:35:06","date_gmt":"2024-04-10T10:35:06","guid":{"rendered":"https:\/\/fvgear.com\/?post_type=product&#038;p=28109"},"modified":"2024-04-10T10:39:33","modified_gmt":"2024-04-10T10:39:33","slug":"ruzeninova-miska","status":"publish","type":"product","link":"https:\/\/4c.top-me.eu\/en\/product\/ruzeninova-miska\/","title":{"rendered":"R\u016f\u017een\u00ednov\u00e1 m\u00edsa"},"content":{"rendered":"<p>P\u0159ekr\u00e1sn\u00e1 m\u00edsa vy\u0159ezan\u00e1 z jednoho kusu n\u011b\u017en\u011b r\u016f\u017eov\u00e9ho r\u016f\u017een\u00ednu.<\/p>\n","protected":false},"excerpt":{"rendered":"<p>P\u0159ekr\u00e1sn\u00e1 m\u00edsa vy\u0159ezan\u00e1 z jednoho kusu n\u011b\u017en\u011b r\u016f\u017eov\u00e9ho r\u016f\u017een\u00ednu.<\/p>\n","protected":false},"featured_media":28142,"template":"","meta":{"_acf_changed":false,"_uag_custom_page_level_css":""},"product_brand":[],"product_cat":[28,29,41,27],"product_tag":[277,263,40,288,39,275],"class_list":{"0":"post-28109","1":"product","2":"type-product","3":"status-publish","4":"has-post-thumbnail","6":"product_cat-kameny","7":"product_cat-dekorativni-kameny","8":"product_cat-luxusni-dekorace","9":"product_cat-vyrobky-z-kamenu","10":"product_tag-dekorace","11":"product_tag-dekorativni-kameny","12":"product_tag-misa","13":"product_tag-miska","14":"product_tag-ruzenin","15":"product_tag-vyrobky-z-kamenu","17":"first","18":"instock","19":"taxable","20":"shipping-taxable","21":"purchasable","22":"product-type-simple"},"acf":[],"uagb_featured_image_src":{"full":["https:\/\/4c.top-me.eu\/wp-content\/uploads\/2024\/04\/IMG_2480-scaled.jpg",0,0,false],"thumbnail":["https:\/\/4c.top-me.eu\/wp-content\/uploads\/2024\/04\/IMG_2480-scaled.jpg",1,1,false],"medium":["https:\/\/4c.top-me.eu\/wp-content\/uploads\/2024\/04\/IMG_2480-scaled.jpg",1,1,false],"medium_large":["https:\/\/4c.top-me.eu\/wp-content\/uploads\/2024\/04\/IMG_2480-scaled.jpg",1,1,false],"large":["https:\/\/4c.top-me.eu\/wp-content\/uploads\/2024\/04\/IMG_2480-scaled.jpg",1,1,false],"1536x1536":["https:\/\/4c.top-me.eu\/wp-content\/uploads\/2024\/04\/IMG_2480-scaled.jpg",1,1,false],"2048x2048":["https:\/\/4c.top-me.eu\/wp-content\/uploads\/2024\/04\/IMG_2480-scaled.jpg",1,1,false],"archive-list":["https:\/\/4c.top-me.eu\/wp-content\/uploads\/2024\/04\/IMG_2480-scaled.jpg",1,1,false],"archive-list-2":["https:\/\/4c.top-me.eu\/wp-content\/uploads\/2024\/04\/IMG_2480-scaled.jpg",1,1,false],"woocommerce_thumbnail":["https:\/\/4c.top-me.eu\/wp-content\/uploads\/2024\/04\/IMG_2480-scaled.jpg",1,1,false],"woocommerce_single":["https:\/\/4c.top-me.eu\/wp-content\/uploads\/2024\/04\/IMG_2480-scaled.jpg",1,1,false],"woocommerce_gallery_thumbnail":["https:\/\/4c.top-me.eu\/wp-content\/uploads\/2024\/04\/IMG_2480-scaled.jpg",1,1,false]},"uagb_author_info":{"display_name":"accordeonMaster","author_link":"https:\/\/4c.top-me.eu\/en\/author\/"},"uagb_comment_info":0,"uagb_excerpt":"P\u0159ekr\u00e1sn\u00e1 m\u00edsa vy\u0159ezan\u00e1 z jednoho kusu n\u011b\u017en\u011b r\u016f\u017eov\u00e9ho r\u016f\u017een\u00ednu.","_links":{"self":[{"href":"https:\/\/4c.top-me.eu\/en\/wp-json\/wp\/v2\/product\/28109","targetHints":{"allow":["GET"]}}],"collection":[{"href":"https:\/\/4c.top-me.eu\/en\/wp-json\/wp\/v2\/product"}],"about":[{"href":"https:\/\/4c.top-me.eu\/en\/wp-json\/wp\/v2\/types\/product"}],"wp:featuredmedia":[{"embeddable":true,"href":"https:\/\/4c.top-me.eu\/en\/wp-json\/wp\/v2\/media\/28142"}],"wp:attachment":[{"href":"https:\/\/4c.top-me.eu\/en\/wp-json\/wp\/v2\/media?parent=28109"}],"wp:term":[{"taxonomy":"product_brand","embeddable":true,"href":"https:\/\/4c.top-me.eu\/en\/wp-json\/wp\/v2\/product_brand?post=28109"},{"taxonomy":"product_cat","embeddable":true,"href":"https:\/\/4c.top-me.eu\/en\/wp-json\/wp\/v2\/product_cat?post=28109"},{"taxonomy":"product_tag","embeddable":true,"href":"https:\/\/4c.top-me.eu\/en\/wp-json\/wp\/v2\/product_tag?post=28109"}],"curies":[{"name":"wp","href":"https:\/\/api.w.org\/{rel}","templated":true}]}}