{"id":27670,"date":"2024-04-04T13:13:21","date_gmt":"2024-04-04T13:13:21","guid":{"rendered":"https:\/\/fvgear.com\/?post_type=product&#038;p=27670"},"modified":"2024-04-04T13:15:45","modified_gmt":"2024-04-04T13:15:45","slug":"labradorit-9","status":"publish","type":"product","link":"https:\/\/4c.top-me.eu\/en\/product\/labradorit-9\/","title":{"rendered":"Labradorit"},"content":{"rendered":"<p>Velk\u00fd kus oboustrann\u011b le\u0161t\u011bn\u00e9ho labradoritu s n\u00e1dhern\u00fdmi odlesky, vhodn\u00fd jako dekorace do interi\u00e9ru.<\/p>\n","protected":false},"excerpt":{"rendered":"<p>Velk\u00fd kus oboustrann\u011b le\u0161t\u011bn\u00e9ho labradoritu s n\u00e1dhern\u00fdmi odlesky, vhodn\u00fd jako dekorace do interi\u00e9ru.<\/p>\n","protected":false},"featured_media":27671,"template":"","meta":{"_acf_changed":false,"_uag_custom_page_level_css":""},"product_brand":[],"product_cat":[28,29,41,27],"product_tag":[277,263,176,275],"class_list":{"0":"post-27670","1":"product","2":"type-product","3":"status-publish","4":"has-post-thumbnail","6":"product_cat-kameny","7":"product_cat-dekorativni-kameny","8":"product_cat-luxusni-dekorace","9":"product_cat-vyrobky-z-kamenu","10":"product_tag-dekorace","11":"product_tag-dekorativni-kameny","12":"product_tag-labrodorit","13":"product_tag-vyrobky-z-kamenu","15":"first","16":"instock","17":"taxable","18":"shipping-taxable","19":"purchasable","20":"product-type-simple"},"acf":[],"uagb_featured_image_src":{"full":["https:\/\/4c.top-me.eu\/wp-content\/uploads\/2024\/04\/IMG_1690-scaled.jpg",0,0,false],"thumbnail":["https:\/\/4c.top-me.eu\/wp-content\/uploads\/2024\/04\/IMG_1690-scaled.jpg",1,1,false],"medium":["https:\/\/4c.top-me.eu\/wp-content\/uploads\/2024\/04\/IMG_1690-scaled.jpg",1,1,false],"medium_large":["https:\/\/4c.top-me.eu\/wp-content\/uploads\/2024\/04\/IMG_1690-scaled.jpg",1,1,false],"large":["https:\/\/4c.top-me.eu\/wp-content\/uploads\/2024\/04\/IMG_1690-scaled.jpg",1,1,false],"1536x1536":["https:\/\/4c.top-me.eu\/wp-content\/uploads\/2024\/04\/IMG_1690-scaled.jpg",1,1,false],"2048x2048":["https:\/\/4c.top-me.eu\/wp-content\/uploads\/2024\/04\/IMG_1690-scaled.jpg",1,1,false],"archive-list":["https:\/\/4c.top-me.eu\/wp-content\/uploads\/2024\/04\/IMG_1690-scaled.jpg",1,1,false],"archive-list-2":["https:\/\/4c.top-me.eu\/wp-content\/uploads\/2024\/04\/IMG_1690-scaled.jpg",1,1,false],"woocommerce_thumbnail":["https:\/\/4c.top-me.eu\/wp-content\/uploads\/2024\/04\/IMG_1690-scaled.jpg",1,1,false],"woocommerce_single":["https:\/\/4c.top-me.eu\/wp-content\/uploads\/2024\/04\/IMG_1690-scaled.jpg",1,1,false],"woocommerce_gallery_thumbnail":["https:\/\/4c.top-me.eu\/wp-content\/uploads\/2024\/04\/IMG_1690-scaled.jpg",1,1,false]},"uagb_author_info":{"display_name":"accordeonMaster","author_link":"https:\/\/4c.top-me.eu\/en\/author\/"},"uagb_comment_info":0,"uagb_excerpt":"Velk\u00fd kus oboustrann\u011b le\u0161t\u011bn\u00e9ho labradoritu s n\u00e1dhern\u00fdmi odlesky, vhodn\u00fd jako dekorace do interi\u00e9ru.","_links":{"self":[{"href":"https:\/\/4c.top-me.eu\/en\/wp-json\/wp\/v2\/product\/27670","targetHints":{"allow":["GET"]}}],"collection":[{"href":"https:\/\/4c.top-me.eu\/en\/wp-json\/wp\/v2\/product"}],"about":[{"href":"https:\/\/4c.top-me.eu\/en\/wp-json\/wp\/v2\/types\/product"}],"wp:featuredmedia":[{"embeddable":true,"href":"https:\/\/4c.top-me.eu\/en\/wp-json\/wp\/v2\/media\/27671"}],"wp:attachment":[{"href":"https:\/\/4c.top-me.eu\/en\/wp-json\/wp\/v2\/media?parent=27670"}],"wp:term":[{"taxonomy":"product_brand","embeddable":true,"href":"https:\/\/4c.top-me.eu\/en\/wp-json\/wp\/v2\/product_brand?post=27670"},{"taxonomy":"product_cat","embeddable":true,"href":"https:\/\/4c.top-me.eu\/en\/wp-json\/wp\/v2\/product_cat?post=27670"},{"taxonomy":"product_tag","embeddable":true,"href":"https:\/\/4c.top-me.eu\/en\/wp-json\/wp\/v2\/product_tag?post=27670"}],"curies":[{"name":"wp","href":"https:\/\/api.w.org\/{rel}","templated":true}]}}